{"id":6750,"date":"2019-04-02T08:00:32","date_gmt":"2019-04-02T08:00:32","guid":{"rendered":"http:\/\/www.encontrasorocaba.com.br\/sobre\/?page_id=6750"},"modified":"2019-05-15T19:34:40","modified_gmt":"2019-05-15T19:34:40","slug":"ministerio-do-trabalho-sorocaba","status":"publish","type":"page","link":"https:\/\/www.encontrasorocaba.com.br\/sobre\/ministerio-do-trabalho-sorocaba\/","title":{"rendered":"Minist\u00e9rio do Trabalho Sorocaba"},"content":{"rendered":"<div class=\"bf54deaa11a4587a41abacdf5428af85\" data-index=\"1\" style=\"float: none; margin:0px;\">\n<!-- Anuncio display - global -->\r\n<ins class=\"adsbygoogle\"\r\n     style=\"display:block\"\r\n     data-ad-client=\"ca-pub-8585364105181520\"\r\n     data-ad-slot=\"8789329856\"\r\n     data-ad-format=\"auto\"\r\n     data-full-width-responsive=\"true\"><\/ins>\r\n<script>\r\n     (adsbygoogle = window.adsbygoogle || []).push({});\r\n<\/script>\n<\/div>\n<p>O<strong>\u00a0Minist\u00e9rio do Trabalho e Emprego Sorocaba<\/strong>, \u00f3rg\u00e3o da administra\u00e7\u00e3o federal direta, tem como \u00e1rea de compet\u00eancia os seguintes assuntos:<\/p>\n<p>pol\u00edtica e diretrizes para a gera\u00e7\u00e3o de emprego e renda e de apoio ao trabalhador; pol\u00edtica e diretrizes para a moderniza\u00e7\u00e3o das rela\u00e7\u00f5es do\u00a0trabalho; fiscaliza\u00e7\u00e3o em\u00a0seguran\u00e7a\u00a0e\u00a0sa\u00fade\u00a0no trabalho; fiscaliza\u00e7\u00e3o do trabalho, inclusive do trabalho portu\u00e1rio, bem como aplica\u00e7\u00e3o das san\u00e7\u00f5es previstas em normas legais ou coletivas; pol\u00edtica salarial; forma\u00e7\u00e3o e desenvolvimento profissional; pol\u00edtica de\u00a0imigra\u00e7\u00e3o; cooperativismo e associativismo urbanos.<\/p>\n<p>&nbsp;<\/p>\n<p><img loading=\"lazy\" decoding=\"async\" class=\"alignnone wp-image-6751 size-full\" title=\"Minist\u00e9rio do Trabalho Sorocaba\" src=\"http:\/\/www.encontrasorocaba.com.br\/sobre\/wp-content\/uploads\/ministerio-do-trabalho-curitiba.gif\" alt=\"Minist\u00e9rio do Trabalho Sorocaba\" width=\"680\" height=\"189\" \/><\/p>\n<p>Publica, anualmente, a\u00a0Rela\u00e7\u00e3o Anual de Informa\u00e7\u00f5es Sociais\u00a0(RAIS) informada obrigatoriamente pelas empresas brasileiras.<\/p>\n<h2>Minist\u00e9rio do Trabalho Sorocaba Agendamento<\/h2>\n<p>Para o\u00a0<em>agendamento<\/em>\u00a0de servi\u00e7os no Minist\u00e9rio do Trabalho basta entrar em contato com o telefone descrito abaixo.<\/p>\n<h3>Minist\u00e9rio do Trabalho Sorocaba Seguro Desemprego<\/h3>\n<p>Depois de demitido, o trabalhador deve solicitar o Seguro Desemprego. Para isso, \u00e9 necess\u00e1rio ir at\u00e9 uma ag\u00eancia do SINE \u2013 Sistema Nacional de Emprego, ou na Ag\u00eancia do Minist\u00e9rio do Trabalho da sua regi\u00e3o. No entanto, antes de ir nesses locais, \u00e9 preciso fazer o agendamento do Seguro Desemprego pelo site do SAA \u2013 Sistema de Atendimento Agendado:\u00a0<a href=\"http:\/\/saaweb.mte.gov.br\/inter\/saa\/pages\/agendamento\/main.seam\">saaweb.mte.gov.br<\/a><\/p>\n<h3>Minist\u00e9rio do Trabalho Sorocaba Carteira de Trabalho<\/h3>\n<p>A\u00a0<em>Carteira de Trabalho<\/em>\u00a0e Previd\u00eancia Social (CTPS) \u00e9 o documento obrigat\u00f3rio para toda pessoa que venha a prestar algum tipo de servi\u00e7o, seja na ind\u00fastria, no com\u00e9rcio, na agricultura, na pecu\u00e1ria ou mesmo de natureza dom\u00e9stica.<\/p>\n<h3>Hor\u00e1rio de Funcionamento\u00a0Minist\u00e9rio do Trabalho em Sorocaba<\/h3>\n<ul>\n<li>Segunda a Sexta das 08h \u00e0s 16h<\/li>\n<\/ul>\n<h3>Endere\u00e7o e Telefone Minist\u00e9rio do Trabalho em Sorocaba<\/h3>\n<ul>\n<li>R. Ribeir\u00e3o Preto, 182 &#8211; Jardim Leocadia &#8211; Sorocaba &#8211; SP<\/li>\n<li>Telefone: (15) 3218-2546<\/li>\n<\/ul>\n<h4>Outras informa\u00e7\u00f5es e site<\/h4>\n<ul>\n<li>Mais informa\u00e7\u00f5es:\u00a0<a href=\"http:\/\/trabalho.gov.br\/\" target=\"_blank\" rel=\"noopener noreferrer\">www.trabalho.gov.br<\/a><\/li>\n<li>Mais informa\u00e7\u00f5es:\u00a0<a href=\"https:\/\/www.ministeriodotrabalho.org\/ministerio-do-trabalho-sorocaba\/\" target=\"_blank\" rel=\"noopener noreferrer\">www.ministeriodotrabalho.org\/ministerio-do-trabalho-sorocaba<\/a><\/li>\n<\/ul>\n<h4>Mapa de localiza\u00e7\u00e3o<\/h4>\n<a class=\"wp-colorbox-iframe\" href=\"https:\/\/www.google.com\/maps\/embed?pb=!1m14!1m8!1m3!1d14638.380555738928!2d-47.4410984!3d-23.475064!3m2!1i1024!2i768!4f13.1!3m3!1m2!1s0x00xcc90f8fd406505d2!2sMinistrio+do+Trabalho+em+Sorocaba!5e0!3m2!1spt-BR!2sbr!4v1554191874825!5m2!1spt-BR!2sbr\"><img decoding=\"async\" src=\"http:\/\/www.encontrasorocaba.com.br\/imgs\/maps-post.png\"><\/a>\n\n<div style=\"font-size: 0px; height: 0px; line-height: 0px; margin: 0; padding: 0; clear: both;\"><\/div>","protected":false},"excerpt":{"rendered":"<p>O\u00a0Minist\u00e9rio do Trabalho e Emprego Sorocaba, \u00f3rg\u00e3o da administra\u00e7\u00e3o federal direta, tem como \u00e1rea de compet\u00eancia os seguintes assuntos: pol\u00edtica e diretrizes para a gera\u00e7\u00e3o de emprego e renda e de apoio ao trabalhador; pol\u00edtica e diretrizes para a moderniza\u00e7\u00e3o das rela\u00e7\u00f5es do\u00a0trabalho; fiscaliza\u00e7\u00e3o em\u00a0seguran\u00e7a\u00a0e\u00a0sa\u00fade\u00a0no trabalho; fiscaliza\u00e7\u00e3o do trabalho, inclusive do trabalho portu\u00e1rio, bem como aplica\u00e7\u00e3o das san\u00e7\u00f5es previstas em normas legais ou coletivas; pol\u00edtica salarial; forma\u00e7\u00e3o e desenvolvimento profissional; pol\u00edtica de\u00a0imigra\u00e7\u00e3o; cooperativismo e associativismo urbanos. &nbsp; Publica, anualmente, a\u00a0Rela\u00e7\u00e3o Anual de Informa\u00e7\u00f5es Sociais\u00a0(RAIS) informada obrigatoriamente pelas empresas brasileiras. Minist\u00e9rio do Trabalho Sorocaba Agendamento Para o\u00a0agendamento\u00a0de servi\u00e7os no Minist\u00e9rio do <\/p>\n","protected":false},"author":1,"featured_media":0,"parent":0,"menu_order":0,"comment_status":"closed","ping_status":"closed","template":"","meta":{"footnotes":""},"class_list":["post-6750","page","type-page","status-publish","hentry"],"_links":{"self":[{"href":"https:\/\/www.encontrasorocaba.com.br\/sobre\/wp-json\/wp\/v2\/pages\/6750","targetHints":{"allow":["GET"]}}],"collection":[{"href":"https:\/\/www.encontrasorocaba.com.br\/sobre\/wp-json\/wp\/v2\/pages"}],"about":[{"href":"https:\/\/www.encontrasorocaba.com.br\/sobre\/wp-json\/wp\/v2\/types\/page"}],"author":[{"embeddable":true,"href":"https:\/\/www.encontrasorocaba.com.br\/sobre\/wp-json\/wp\/v2\/users\/1"}],"replies":[{"embeddable":true,"href":"https:\/\/www.encontrasorocaba.com.br\/sobre\/wp-json\/wp\/v2\/comments?post=6750"}],"version-history":[{"count":0,"href":"https:\/\/www.encontrasorocaba.com.br\/sobre\/wp-json\/wp\/v2\/pages\/6750\/revisions"}],"wp:attachment":[{"href":"https:\/\/www.encontrasorocaba.com.br\/sobre\/wp-json\/wp\/v2\/media?parent=6750"}],"curies":[{"name":"wp","href":"https:\/\/api.w.org\/{rel}","templated":true}]}}