{"id":6731,"date":"2019-03-27T08:32:23","date_gmt":"2019-03-27T08:32:23","guid":{"rendered":"http:\/\/www.encontrasorocaba.com.br\/sobre\/?page_id=6731"},"modified":"2019-05-15T19:34:40","modified_gmt":"2019-05-15T19:34:40","slug":"parque-chico-mendes-sorocaba","status":"publish","type":"page","link":"https:\/\/www.encontrasorocaba.com.br\/sobre\/parque-chico-mendes-sorocaba\/","title":{"rendered":"Parque Chico Mendes Sorocaba"},"content":{"rendered":"<div class=\"bf54deaa11a4587a41abacdf5428af85\" data-index=\"1\" style=\"float: none; margin:0px;\">\n<!-- Anuncio display - global -->\r\n<ins class=\"adsbygoogle\"\r\n     style=\"display:block\"\r\n     data-ad-client=\"ca-pub-8585364105181520\"\r\n     data-ad-slot=\"8789329856\"\r\n     data-ad-format=\"auto\"\r\n     data-full-width-responsive=\"true\"><\/ins>\r\n<script>\r\n     (adsbygoogle = window.adsbygoogle || []).push({});\r\n<\/script>\n<\/div>\n<p>O <strong>Parque Natural dos Esportes &#8220;Chico Mendes&#8221; Sorocaba<\/strong>, criado em 22 de dezembro de 1977, \u00e9 um parque municipal da cidade de Sorocaba.<\/p>\n<p>Possui uma grande \u00e1rea verde, 155.649 m\u00b2 com cobertura vegetal predominante de eucaliptos, um lago e trilhas para atividades educativas. H\u00e1 tamb\u00e9m preserva\u00e7\u00e3o de \u00e1reas de mata ciliar. Situa-se na Avenida Tr\u00eas de Mar\u00e7o, 1.025 &#8211; Alto da Boa Vista &#8211; Sorocaba &#8211; SP, na estrada que vai para o Bairro Aparecidinha.<\/p>\n<p><img loading=\"lazy\" decoding=\"async\" class=\"alignnone wp-image-6732 size-full\" title=\"Parque Chico Mendes Sorocaba\" src=\"http:\/\/www.encontrasorocaba.com.br\/sobre\/wp-content\/uploads\/parque-chico-mendes-sorocaba.gif\" alt=\"Parque Chico Mendes Sorocaba\" width=\"680\" height=\"189\" \/><\/p>\n<p>O local oferece playground, pista de caminhada, sanit\u00e1rios, bebedouros e quatro quiosques para churrasco e lago, al\u00e9m de programas de educa\u00e7\u00e3o ambiental.<\/p>\n<h2>Parque\u00a0Chico Mendes Sorocaba Viveiro<\/h2>\n<p>O<em> viveiro<\/em>, localizado dentro do Parque Natural Chico Mendes, destina-se ao processo de produ\u00e7\u00e3o de mudas de esp\u00e9cies nativas, ex\u00f3ticas e frut\u00edferas, desde a semente formada at\u00e9 um muda, com condi\u00e7\u00f5es de plantio. L\u00e1 \u00e9 realizado todo o processo de beneficiamento e germina\u00e7\u00e3o de sementes, al\u00e9m do desenvolvimento da muda ap\u00f3s uma transfer\u00eancia das pl\u00e2ntulas para os saquinhos. Al\u00e9m disso, as mudas produzidas nos viveiros localizados nos pres\u00eddios s\u00e3o transportadas para o viveiro do Chico Mendes para desenvolvimento e rustifica\u00e7\u00e3o a pleno sol.<\/p>\n<p>No Parque s\u00e3o recebidas mudas referentes \u00e0s compensa\u00e7\u00f5es ambientais (infra\u00e7\u00e3o ambiental ou o corte de \u00e1rvores autorizado).<\/p>\n<p>As mudas s\u00e3o utilizadas Pela Secretaria do Meio Ambiente para recupera\u00e7\u00e3o de \u00e1reas degradadas e de APP (\u00c1reas de Preserva\u00e7\u00e3o Permanente), e tamb\u00e9m s\u00e3o doadas para a popula\u00e7\u00e3o em a\u00e7\u00f5es educativas. No Parque o mun\u00edcipe pode retirar at\u00e9 10 mudas por m\u00eas e \u00e9 orientado sobre o m\u00e9todo de plantio e sobre as esp\u00e9cies mais adequadas para cada finalidade.<\/p>\n<h3>Parque Chico Mendes Sorocaba Visita Monitorada<\/h3>\n<p>As <em>visitas monitoradas<\/em> ao Parque \u201cChico Mendes\u201d possuem agendamento pr\u00e9vio e s\u00e3o acompanhadas pela equipe de educa\u00e7\u00e3o ambiental de forma a complementar as atividades escolares ou a forma\u00e7\u00e3o de grupos. Com o tema \u201cBiodiversidade da Flora\u201d, durante a monitoria no Parque s\u00e3o abordadas diversas esp\u00e9cies de vegetais sua import\u00e2ncia ecol\u00f3gica e econ\u00f4mica, al\u00e9m de conhecer os espa\u00e7os educativos como o Viveiro de Mudas e o Melipon\u00e1rio e apreciar a fauna local. A atividade pode ser enquadrada dentro de quatro diferentes roteiros: Conserva\u00e7\u00e3o ambiental, Crimes ambientais e o bioma Cerrado, A vida em comunidades e sociedades. Qualquer escola ou grupo organizado de qualquer idade pode participar.<\/p>\n<h3>Parque Chico Mendes\u00a0Sorocaba Programa de F\u00e9rias<\/h3>\n<p>A Secretaria do Meio Ambiente da Prefeitura de Sorocaba realiza no Parque Natural dos Esportes \u201cChico Mendes\u201d durante os meses de janeiro e julho o <em>Projeto de F\u00e9rias<\/em> \u201cNaturando\u201d, para crian\u00e7as e adolescentes.<\/p>\n<p><strong>O Projeto tem como objetivos:<\/strong><\/p>\n<ul>\n<li>Atender ao p\u00fablico infantil e jovem, trabalhando conte\u00fado referente \u00e0 biodiversidade da flora e sustentabilidade ambiental.<\/li>\n<li>Desenvolver o senso cr\u00edtico nos participantes, sensibilizando-os para quest\u00f5es relativas.<\/li>\n<li>Formar agentes multiplicadores de Educa\u00e7\u00e3o Ambiental que atuam como aliados \u00e0 sustentabilidade ambiental.<\/li>\n<li>Valorizar a import\u00e2ncia das a\u00e7\u00f5es coletivas e individuais para a conserva\u00e7\u00e3o do meio ambiente e qualidade de vida.<\/li>\n<li>Realizar a sensibiliza\u00e7\u00e3o dos participantes por meio de atividades pr\u00e1ticas e l\u00fadicas.<\/li>\n<\/ul>\n<h3>Hor\u00e1rio de Funcionamento\u00a0Parque Chico Mendes\u00a0em Sorocaba<\/h3>\n<ul>\n<li>Segunda a S\u00e1bado das 08h \u00e0s 17h<\/li>\n<\/ul>\n<h3>Onde fica, Endere\u00e7o e Telefone\u00a0Parque Chico Mendes em Sorocaba<\/h3>\n<ul>\n<li>Av. Tr\u00eas de Mar\u00e7o, 1025 &#8211; Alto da Boa Vista &#8211; Sorocaba &#8211; SP<\/li>\n<li>Telefone: (15) 3228-1256<\/li>\n<\/ul>\n<h4>Mapa de localiza\u00e7\u00e3o<\/h4>\n<a class=\"wp-colorbox-iframe\" href=\"https:\/\/www.google.com\/maps\/embed?pb=!1m14!1m8!1m3!1d14638.22920606886!2d-47.4128113!3d-23.476428!3m2!1i1024!2i768!4f13.1!3m3!1m2!1s0x00xc4aeace65179bb32!2sParque+Natural+Chico+Mendes!5e0!3m2!1spt-BR!2sbr!4v1553675295870\"><img decoding=\"async\" src=\"http:\/\/www.encontrasorocaba.com.br\/imgs\/maps-post.png\"><\/a>\n\n<div style=\"font-size: 0px; height: 0px; line-height: 0px; margin: 0; padding: 0; clear: both;\"><\/div>","protected":false},"excerpt":{"rendered":"<p>O Parque Natural dos Esportes &#8220;Chico Mendes&#8221; Sorocaba, criado em 22 de dezembro de 1977, \u00e9 um parque municipal da cidade de Sorocaba. Possui uma grande \u00e1rea verde, 155.649 m\u00b2 com cobertura vegetal predominante de eucaliptos, um lago e trilhas para atividades educativas. H\u00e1 tamb\u00e9m preserva\u00e7\u00e3o de \u00e1reas de mata ciliar. Situa-se na Avenida Tr\u00eas de Mar\u00e7o, 1.025 &#8211; Alto da Boa Vista &#8211; Sorocaba &#8211; SP, na estrada que vai para o Bairro Aparecidinha. O local oferece playground, pista de caminhada, sanit\u00e1rios, bebedouros e quatro quiosques para churrasco e lago, al\u00e9m de programas de educa\u00e7\u00e3o ambiental. Parque\u00a0Chico Mendes Sorocaba <\/p>\n","protected":false},"author":1,"featured_media":0,"parent":0,"menu_order":0,"comment_status":"closed","ping_status":"closed","template":"","meta":{"footnotes":""},"class_list":["post-6731","page","type-page","status-publish","hentry"],"_links":{"self":[{"href":"https:\/\/www.encontrasorocaba.com.br\/sobre\/wp-json\/wp\/v2\/pages\/6731","targetHints":{"allow":["GET"]}}],"collection":[{"href":"https:\/\/www.encontrasorocaba.com.br\/sobre\/wp-json\/wp\/v2\/pages"}],"about":[{"href":"https:\/\/www.encontrasorocaba.com.br\/sobre\/wp-json\/wp\/v2\/types\/page"}],"author":[{"embeddable":true,"href":"https:\/\/www.encontrasorocaba.com.br\/sobre\/wp-json\/wp\/v2\/users\/1"}],"replies":[{"embeddable":true,"href":"https:\/\/www.encontrasorocaba.com.br\/sobre\/wp-json\/wp\/v2\/comments?post=6731"}],"version-history":[{"count":0,"href":"https:\/\/www.encontrasorocaba.com.br\/sobre\/wp-json\/wp\/v2\/pages\/6731\/revisions"}],"wp:attachment":[{"href":"https:\/\/www.encontrasorocaba.com.br\/sobre\/wp-json\/wp\/v2\/media?parent=6731"}],"curies":[{"name":"wp","href":"https:\/\/api.w.org\/{rel}","templated":true}]}}