{"id":6707,"date":"2019-03-22T09:27:31","date_gmt":"2019-03-22T09:27:31","guid":{"rendered":"http:\/\/www.encontrasorocaba.com.br\/sobre\/?page_id=6707"},"modified":"2019-05-15T19:34:41","modified_gmt":"2019-05-15T19:34:41","slug":"policlinica-sorocaba","status":"publish","type":"page","link":"https:\/\/www.encontrasorocaba.com.br\/sobre\/policlinica-sorocaba\/","title":{"rendered":"Policl\u00ednica Sorocaba"},"content":{"rendered":"<div class=\"bf54deaa11a4587a41abacdf5428af85\" data-index=\"1\" style=\"float: none; margin:0px;\">\n<!-- Anuncio display - global -->\r\n<ins class=\"adsbygoogle\"\r\n     style=\"display:block\"\r\n     data-ad-client=\"ca-pub-8585364105181520\"\r\n     data-ad-slot=\"8789329856\"\r\n     data-ad-format=\"auto\"\r\n     data-full-width-responsive=\"true\"><\/ins>\r\n<script>\r\n     (adsbygoogle = window.adsbygoogle || []).push({});\r\n<\/script>\n<\/div>\n<p>A <strong>Policl\u00ednica Sorocaba<\/strong>, f<strong>undada no dia 19 de mar\u00e7o de 1.999,<\/strong> conta com equipe multi-profissional, realizando consultas e procedimentos em v\u00e1rias especialidades, realiza exames de Raio X, Ultrassonografia, endoscopia, servi\u00e7os especializados de odontologia, faz pequenas cirurgias e outros procedimentos.<\/p>\n<p>Para marcar consultas, \u00e9 necess\u00e1rio passar em consulta m\u00e9dica em um dos 27 Centros de Sa\u00fade que vai avaliar a necessidade do encaminhamento, exceto nos casos Tuberculose e Hansen\u00edase onde o paciente pode procurar o servi\u00e7o sem agendamento pr\u00e9vio.<\/p>\n<p><img loading=\"lazy\" decoding=\"async\" class=\"alignnone wp-image-6708 size-full\" title=\"Policl\u00ednica Sorocaba\" src=\"http:\/\/www.encontrasorocaba.com.br\/sobre\/wp-content\/uploads\/policlinica-sorocaba.gif\" alt=\"Policl\u00ednica Sorocaba\" width=\"680\" height=\"189\" \/><\/p>\n<p>\u00c9 importante informar que os Pronto Atendimentos n\u00e3o podem fazer encaminhamento direto para a Policl\u00ednica &#8211; \u00e9 necess\u00e1rio ser atendido no Centro de Sa\u00fade porque este t\u00eam capacidade para resolver a maior parte dos casos e somente encaminhar\u00e1 os casos mais complexos para outros servi\u00e7os como a Policl\u00ednica.<\/p>\n<h2>Policl\u00ednica Sorocaba\u00a0Especialidades<\/h2>\n<p>A\u00a0Policl\u00ednica atende \u00e0 popula\u00e7\u00e3o nas seguintes <em>especialidades:<\/em> angiologista, cardiologista adulto, cardiologista infantil, cirurgi\u00e3o cabe\u00e7a e pesco\u00e7o, cirurgi\u00e3o cardiovascular, cirurgi\u00e3o geral, cirurgi\u00e3o pedi\u00e1trico, cirurgi\u00e3o pl\u00e1stico, cirurgi\u00e3o tor\u00e1cico, cirurgi\u00e3o vascular coloproctologista, dermatologista, endocrinologista e metabologista adulto, endocrinologista e metabologista infantil, gastroenterologista adulto e gastroenterologista infantil.<\/p>\n<p>Na Policl\u00ednica h\u00e1 tamb\u00e9m\u00a0especialistas na \u00e1rea de geneticista, geriatra ginecologista e obstetra (colposcopia), ginecologista e obstetra (pr\u00e9-natal de risco), hebiatra, hematologista, mastologia, nefrologista adulto, nefrologista infantil, neurologista adulto, neurologista infantil, neurocirurgi\u00e3o, oftalmologista, oncologista cl\u00ednico, ortopedista e traumatologista adulto, otorrinolaringologista, pediatra, pneumologista adulto, pneumologista infantil e urologista.<\/p>\n<p>A unidade municipal tamb\u00e9m conta com programas de refer\u00eancia na regi\u00e3o, que s\u00e3o o pr\u00e9-natal de alto risco, rec\u00e9m-nascido de alto risco, tuberculose, hansen\u00edase e ambulat\u00f3rio de feridas e p\u00e9 diab\u00e9tico, e o CEO (Centro de Especialidades Odontol\u00f3gicas).<\/p>\n<h3>Policl\u00ednica Municipal Dr. Edward Maluf Sorocaba\u00a0Como Agendar Consulta<\/h3>\n<p><em>Para ser atendido por<\/em> algum especialista da Policl\u00ednica ou pelos programas da unidade, a porta de entrada \u00e9 a Unidade B\u00e1sica de Sa\u00fade (UBS), que possui cl\u00ednicos gerais para examinarem o caso do paciente, e se necess\u00e1rio, encaminh\u00e1-lo \u00e0 especialidade.\u00a0<em><br \/>\n<\/em><\/p>\n<h3>Policl\u00ednica Municipal Dr. Edward Maluf\u00a0Sorocaba\u00a0Farm\u00e1cia<\/h3>\n<p>A Policl\u00ednica de Sorocaba conta com uma <em>farm\u00e1cia<\/em> que funciona durante todo expediente da cl\u00ednica. Para pegar a medica\u00e7\u00e3o voc\u00ea precisa da receita do m\u00e9dico carimbada e assinada e um documento com foto.<\/p>\n<h3>Hor\u00e1rio de Funcionamento\u00a0Policl\u00ednica em Sorocaba<\/h3>\n<ul>\n<li>Segunda das 07h \u00e0s 16h30 \/ Ter\u00e7a a Sexta das 07h \u00e0s 17h<\/li>\n<\/ul>\n<h3>Onde fica, Endere\u00e7o e Telefone\u00a0Policl\u00ednica em Sorocaba<\/h3>\n<ul>\n<li>Rua Senador Roberto Simonsen, s\/n &#8211; Jardim Santa Ros\u00e1lia &#8211; Sorocaba &#8211; SP<\/li>\n<li>Telefone: (15) 3219-2200<\/li>\n<\/ul>\n<h4>Mapa de localiza\u00e7\u00e3o<\/h4>\n<a class=\"wp-colorbox-iframe\" href=\"https:\/\/www.google.com\/maps\/embed?pb=!1m14!1m8!1m3!1d14637.382327087069!2d-47.4424744!3d-23.4840589!3m2!1i1024!2i768!4f13.1!3m3!1m2!1s0x00x3ee6b3e697e58b64!2sPoliclnica+Municipal+Dr.+Edward+Maluf!5e0!3m2!1spt-BR!2sbr!4v1553246492431\"><img decoding=\"async\" src=\"http:\/\/www.encontrasorocaba.com.br\/imgs\/maps-post.png\"><\/a>\n\n<div style=\"font-size: 0px; height: 0px; line-height: 0px; margin: 0; padding: 0; clear: both;\"><\/div>","protected":false},"excerpt":{"rendered":"<p>A Policl\u00ednica Sorocaba, fundada no dia 19 de mar\u00e7o de 1.999, conta com equipe multi-profissional, realizando consultas e procedimentos em v\u00e1rias especialidades, realiza exames de Raio X, Ultrassonografia, endoscopia, servi\u00e7os especializados de odontologia, faz pequenas cirurgias e outros procedimentos. Para marcar consultas, \u00e9 necess\u00e1rio passar em consulta m\u00e9dica em um dos 27 Centros de Sa\u00fade que vai avaliar a necessidade do encaminhamento, exceto nos casos Tuberculose e Hansen\u00edase onde o paciente pode procurar o servi\u00e7o sem agendamento pr\u00e9vio. \u00c9 importante informar que os Pronto Atendimentos n\u00e3o podem fazer encaminhamento direto para a Policl\u00ednica &#8211; \u00e9 necess\u00e1rio ser atendido no Centro <\/p>\n","protected":false},"author":1,"featured_media":0,"parent":0,"menu_order":0,"comment_status":"closed","ping_status":"closed","template":"","meta":{"footnotes":""},"class_list":["post-6707","page","type-page","status-publish","hentry"],"_links":{"self":[{"href":"https:\/\/www.encontrasorocaba.com.br\/sobre\/wp-json\/wp\/v2\/pages\/6707","targetHints":{"allow":["GET"]}}],"collection":[{"href":"https:\/\/www.encontrasorocaba.com.br\/sobre\/wp-json\/wp\/v2\/pages"}],"about":[{"href":"https:\/\/www.encontrasorocaba.com.br\/sobre\/wp-json\/wp\/v2\/types\/page"}],"author":[{"embeddable":true,"href":"https:\/\/www.encontrasorocaba.com.br\/sobre\/wp-json\/wp\/v2\/users\/1"}],"replies":[{"embeddable":true,"href":"https:\/\/www.encontrasorocaba.com.br\/sobre\/wp-json\/wp\/v2\/comments?post=6707"}],"version-history":[{"count":0,"href":"https:\/\/www.encontrasorocaba.com.br\/sobre\/wp-json\/wp\/v2\/pages\/6707\/revisions"}],"wp:attachment":[{"href":"https:\/\/www.encontrasorocaba.com.br\/sobre\/wp-json\/wp\/v2\/media?parent=6707"}],"curies":[{"name":"wp","href":"https:\/\/api.w.org\/{rel}","templated":true}]}}