{"id":6702,"date":"2019-03-22T08:40:05","date_gmt":"2019-03-22T08:40:05","guid":{"rendered":"http:\/\/www.encontrasorocaba.com.br\/sobre\/?p=6702"},"modified":"2019-05-15T19:34:39","modified_gmt":"2019-05-15T19:34:39","slug":"inss-sorocaba","status":"publish","type":"page","link":"https:\/\/www.encontrasorocaba.com.br\/sobre\/inss-sorocaba\/","title":{"rendered":"INSS Sorocaba"},"content":{"rendered":"<div class=\"bf54deaa11a4587a41abacdf5428af85\" data-index=\"1\" style=\"float: none; margin:0px;\">\n<!-- Anuncio display - global -->\r\n<ins class=\"adsbygoogle\"\r\n     style=\"display:block\"\r\n     data-ad-client=\"ca-pub-8585364105181520\"\r\n     data-ad-slot=\"8789329856\"\r\n     data-ad-format=\"auto\"\r\n     data-full-width-responsive=\"true\"><\/ins>\r\n<script>\r\n     (adsbygoogle = window.adsbygoogle || []).push({});\r\n<\/script>\n<\/div>\n<p>Atualmente, o\u00a0Posto<strong> INSS em Sorocaba<\/strong>\u00a0\u00e9 respons\u00e1vel pelo pagamento de 180 mil benef\u00edcios.<\/p>\n<p>Com a informatiza\u00e7\u00e3o, os segurados ter\u00e3o que esperar menos tempo para serem atendidos e poder\u00e3o ter o benef\u00edcio concedido no mesmo dia do requerimento.\u00a0Se apresentar a documenta\u00e7\u00e3o completa, o benefici\u00e1rio recebe a carta de concess\u00e3o na hora, informando a data e o banco em que estar\u00e1 dispon\u00edvel seu pagamento.<\/p>\n<p><img loading=\"lazy\" decoding=\"async\" class=\"alignnone wp-image-6703 size-full\" title=\"INSS Sorocaba\" src=\"http:\/\/www.encontrasorocaba.com.br\/sobre\/wp-content\/uploads\/posto-inss-Fortaleza.jpg\" alt=\"INSS Sorocaba\" width=\"496\" height=\"189\" srcset=\"https:\/\/www.encontrasorocaba.com.br\/sobre\/wp-content\/uploads\/posto-inss-Fortaleza.jpg 496w, https:\/\/www.encontrasorocaba.com.br\/sobre\/wp-content\/uploads\/posto-inss-Fortaleza-300x114.jpg 300w\" sizes=\"auto, (max-width: 496px) 100vw, 496px\" \/><\/p>\n<p>As ag\u00eancias de atendimento s\u00e3o unidades fixas, espalhadas por todo o\u00a0<em>Brasil<\/em>, totalizando mais de 1500 pontos de atendimento. Elas s\u00e3o respons\u00e1veis por fazer todo tipo de atendimento disponibilizado \u00e0 popula\u00e7\u00e3o.<\/p>\n<h2>INSS Sorocaba Agendamento<\/h2>\n<p>O agendamento tem por finalidade viabilizar um atendimento mais c\u00f4modo e resolutivo para voc\u00ea, al\u00e9m de permitir \u00e0s ag\u00eancias do INSS se planejarem para o atendimento de acordo com a for\u00e7a de trabalho de cada unidade. O <em>agendamento<\/em> \u00e9 um protocolo v\u00e1lido e garante todos os seus direitos. Depois de agendar, lembre-se de conferir, na p\u00e1gina do pr\u00f3prio servi\u00e7o, a documenta\u00e7\u00e3o que voc\u00ea deve levar no dia do seu atendimento. Agende pelo site ou pelo telefone.<\/p>\n<h3>INSS Sorocaba\u00a0Consulta<\/h3>\n<p>Para <em>consultar<\/em> seus processos basta escolher no menu do lado esquerdo da p\u00e1gina e preencher os formul\u00e1rios com os documentos solicitados.<\/p>\n<h3>INSS Sorocaba Guia<\/h3>\n<p>Voc\u00ea pode gerar sua <em>Guia da Previd\u00eancia Social<\/em> (GPS) pela Internet, sem precisar ir ao Centro de Atendimento ao Contribuinte da Receita Federal. A guia pode ser gerada para um m\u00eas espec\u00edfico ou para um per\u00edodo, desde que inferior\u00a0aos \u00faltimos 5 anos.<\/p>\n<div id=\"quads-ad2\" class=\"quads-location quads-ad2\"><\/div>\n<h3>Hor\u00e1rio de Atendimento Posto INSS\u00a0em Sorocaba<\/h3>\n<ul>\n<li>Segunda a sexta das 8h \u00e0s 17h<\/li>\n<\/ul>\n<h3>Endere\u00e7o e Telefone INSS em Sorocaba<\/h3>\n<ul>\n<li><a href=\"http:\/\/www.consultainss.com\/inss-sorocaba-sp-agencia-da-previdencia-social\/\" target=\"_blank\" rel=\"noopener noreferrer\"><strong>Unidade I:<\/strong> <\/a>Rua Doutor Nogueira Martins, 141 &#8211; Telefone: (15) 3231-2002<\/li>\n<li><strong>Unidade II:<\/strong> Rua Senador Vergueiro, 166 &#8211; Telefone: (15) 3232-0441<\/li>\n<li><a href=\"http:\/\/www.consultainss.com\/inss-sorocaba-zona-norte-sp-agencia-da-previdencia-social\/\" target=\"_blank\" rel=\"noopener noreferrer\"><strong>Unidade III:<\/strong><\/a>\u00a0Avenida Itavuvu, 223 &#8211; Telefone: (15) 3231-2002<\/li>\n<\/ul>\n<h4>Outras informa\u00e7\u00f5es:<\/h4>\n<ul>\n<li>Mais informa\u00e7\u00f5es:\u00a0<a href=\"https:\/\/www.inss.gov.br\/tag\/duque-de-caxias\/\" target=\"_blank\" rel=\"noopener noreferrer\">www.inss.gov.br<\/a><\/li>\n<li>CNPJ: 29.979.036\/0001-40<\/li>\n<\/ul>\n<h4>Mapa de localiza\u00e7\u00e3o Unidade I<\/h4>\n<a class=\"wp-colorbox-iframe\" href=\"https:\/\/www.google.com\/maps\/embed?pb=!1m18!1m12!1m3!1d3658.8483716487463!2d-47.45960178502332!3d-23.501970384712425!2m3!1f0!2f0!3f0!3m2!1i1024!2i768!4f13.1!3m3!1m2!1s0x94c58aa29175009b0xd8a6eb6796a168af!2sR.+Dr.+Nogueira+Martins+141+-+Centro+Sorocaba+-+SP+18035-257!5e0!3m2!1spt-BR!2sbr!4v1553243941679\"><img decoding=\"async\" src=\"http:\/\/www.encontrasorocaba.com.br\/imgs\/maps-post.png\"><\/a>\n<p>&nbsp;<\/p>\n\n<div style=\"font-size: 0px; height: 0px; line-height: 0px; margin: 0; padding: 0; clear: both;\"><\/div>","protected":false},"excerpt":{"rendered":"<p>Atualmente, o\u00a0Posto INSS em Sorocaba\u00a0\u00e9 respons\u00e1vel pelo pagamento de 180 mil benef\u00edcios. Com a informatiza\u00e7\u00e3o, os segurados ter\u00e3o que esperar menos tempo para serem atendidos e poder\u00e3o ter o benef\u00edcio concedido no mesmo dia do requerimento.\u00a0Se apresentar a documenta\u00e7\u00e3o completa, o benefici\u00e1rio recebe a carta de concess\u00e3o na hora, informando a data e o banco em que estar\u00e1 dispon\u00edvel seu pagamento. As ag\u00eancias de atendimento s\u00e3o unidades fixas, espalhadas por todo o\u00a0Brasil, totalizando mais de 1500 pontos de atendimento. Elas s\u00e3o respons\u00e1veis por fazer todo tipo de atendimento disponibilizado \u00e0 popula\u00e7\u00e3o. INSS Sorocaba Agendamento O agendamento tem por finalidade viabilizar <\/p>\n","protected":false},"author":1,"featured_media":0,"parent":0,"menu_order":0,"comment_status":"open","ping_status":"open","template":"","meta":{"footnotes":""},"class_list":["post-6702","page","type-page","status-publish","hentry"],"_links":{"self":[{"href":"https:\/\/www.encontrasorocaba.com.br\/sobre\/wp-json\/wp\/v2\/pages\/6702","targetHints":{"allow":["GET"]}}],"collection":[{"href":"https:\/\/www.encontrasorocaba.com.br\/sobre\/wp-json\/wp\/v2\/pages"}],"about":[{"href":"https:\/\/www.encontrasorocaba.com.br\/sobre\/wp-json\/wp\/v2\/types\/page"}],"author":[{"embeddable":true,"href":"https:\/\/www.encontrasorocaba.com.br\/sobre\/wp-json\/wp\/v2\/users\/1"}],"replies":[{"embeddable":true,"href":"https:\/\/www.encontrasorocaba.com.br\/sobre\/wp-json\/wp\/v2\/comments?post=6702"}],"version-history":[{"count":0,"href":"https:\/\/www.encontrasorocaba.com.br\/sobre\/wp-json\/wp\/v2\/pages\/6702\/revisions"}],"wp:attachment":[{"href":"https:\/\/www.encontrasorocaba.com.br\/sobre\/wp-json\/wp\/v2\/media?parent=6702"}],"curies":[{"name":"wp","href":"https:\/\/api.w.org\/{rel}","templated":true}]}}