{"id":6629,"date":"2019-03-05T17:39:58","date_gmt":"2019-03-05T17:39:58","guid":{"rendered":"http:\/\/www.encontrasorocaba.com.br\/sobre\/?page_id=6629"},"modified":"2019-05-15T19:34:40","modified_gmt":"2019-05-15T19:34:40","slug":"jef-sorocaba","status":"publish","type":"page","link":"https:\/\/www.encontrasorocaba.com.br\/sobre\/jef-sorocaba\/","title":{"rendered":"JEF Sorocaba"},"content":{"rendered":"<div class=\"bf54deaa11a4587a41abacdf5428af85\" data-index=\"1\" style=\"float: none; margin:0px;\">\n<!-- Anuncio display - global -->\r\n<ins class=\"adsbygoogle\"\r\n     style=\"display:block\"\r\n     data-ad-client=\"ca-pub-8585364105181520\"\r\n     data-ad-slot=\"8789329856\"\r\n     data-ad-format=\"auto\"\r\n     data-full-width-responsive=\"true\"><\/ins>\r\n<script>\r\n     (adsbygoogle = window.adsbygoogle || []).push({});\r\n<\/script>\n<\/div>\n<p>O <strong>JEF Sorocaba<\/strong> \u00e9 o \u00f3rg\u00e3o competente para processar, julgar e conciliar, causas de compet\u00eancia da Justi\u00e7a Federal at\u00e9 o valor de 60 (sessenta) sal\u00e1rios m\u00ednimos, e tamb\u00e9m para executar suas senten\u00e7as. Em mat\u00e9ria criminal, s\u00e3o julgadas a\u00e7\u00f5es que tratam de crimes de pequeno potencial ofensivo, com pena m\u00e1xima de at\u00e9 2 anos.<\/p>\n<p>A Justi\u00e7a Federal serve para manter o poder dentro da legalidade, analisa juiz federal. O objetivo principal da cria\u00e7\u00e3o da Justi\u00e7a Federal foi servir de instrumento de controle da aplica\u00e7\u00e3o da lei.<\/p>\n<p><img loading=\"lazy\" decoding=\"async\" class=\"alignnone wp-image-6631 size-full\" title=\"JEF Sorocaba\" src=\"http:\/\/www.encontrasorocaba.com.br\/sobre\/wp-content\/uploads\/jef-sorocaba.gif\" alt=\"JEF Sorocaba\" width=\"680\" height=\"189\" \/><\/p>\n<p>Esse ramo do Judici\u00e1rio, segundo ele, tem a fun\u00e7\u00e3o de controlar os demais poderes em face da Constitui\u00e7\u00e3o Federal .<\/p>\n<h2>JEF\u00a0Sorocaba Consulta de Processo<\/h2>\n<p>Para <em>consultar seu processo<\/em> basta acessar o site e clicar na aba processo e preencher o formul\u00e1rio com os dados solicitados. Voc\u00ea tamb\u00e9m pode fazer a consulta pelo nome do autor clicando na aba de consulta por nome.<\/p>\n<p><img loading=\"lazy\" decoding=\"async\" class=\"alignnone size-full wp-image-6630\" src=\"http:\/\/www.encontrasorocaba.com.br\/sobre\/wp-content\/uploads\/jef.png\" alt=\"\" width=\"609\" height=\"162\" srcset=\"https:\/\/www.encontrasorocaba.com.br\/sobre\/wp-content\/uploads\/jef.png 609w, https:\/\/www.encontrasorocaba.com.br\/sobre\/wp-content\/uploads\/jef-300x80.png 300w\" sizes=\"auto, (max-width: 609px) 100vw, 609px\" \/><\/p>\n<h3>Hor\u00e1rio de Funcionamento\u00a0JEF em Sorocaba<\/h3>\n<ul>\n<li>Segunda a Sexta das 09h \u00e0s 19h<\/li>\n<\/ul>\n<h3>Onde fica, Endere\u00e7o e Telefone JEF em Sorocaba<\/h3>\n<ul>\n<li>Av. Ant\u00f4nio Carlos Comitre, 295 &#8211; Parque Campolim &#8211; Sorocaba &#8211; SP<\/li>\n<li>Telefone: (15) 3414-7750<\/li>\n<\/ul>\n<h4>Outras informa\u00e7\u00f5es e site<\/h4>\n<ul>\n<li>Mais informa\u00e7\u00f5es:\u00a0<a href=\"http:\/\/jef.trf3.jus.br\/\" target=\"_blank\" rel=\"noopener noreferrer\">www.jef.trf3.jus.br<\/a><\/li>\n<\/ul>\n<h4>Mapa de localiza\u00e7\u00e3o<\/h4>\n<a class=\"wp-colorbox-iframe\" href=\"https:\/\/www.google.com\/maps\/embed?pb=!1m14!1m8!1m3!1d14633.61230185585!2d-47.464243!3d-23.5180008!3m2!1i1024!2i768!4f13.1!3m3!1m2!1s0x00xc5ec6978aab71d2a!2sJustia+Federal+e+Juizado+Especial+Federal!5e0!3m2!1spt-BR!2sbr!4v1551807361889\"><img decoding=\"async\" src=\"http:\/\/www.encontrasorocaba.com.br\/imgs\/maps-post.png\"><\/a>\n\n<div style=\"font-size: 0px; height: 0px; line-height: 0px; margin: 0; padding: 0; clear: both;\"><\/div>","protected":false},"excerpt":{"rendered":"<p>O JEF Sorocaba \u00e9 o \u00f3rg\u00e3o competente para processar, julgar e conciliar, causas de compet\u00eancia da Justi\u00e7a Federal at\u00e9 o valor de 60 (sessenta) sal\u00e1rios m\u00ednimos, e tamb\u00e9m para executar suas senten\u00e7as. Em mat\u00e9ria criminal, s\u00e3o julgadas a\u00e7\u00f5es que tratam de crimes de pequeno potencial ofensivo, com pena m\u00e1xima de at\u00e9 2 anos. A Justi\u00e7a Federal serve para manter o poder dentro da legalidade, analisa juiz federal. O objetivo principal da cria\u00e7\u00e3o da Justi\u00e7a Federal foi servir de instrumento de controle da aplica\u00e7\u00e3o da lei. Esse ramo do Judici\u00e1rio, segundo ele, tem a fun\u00e7\u00e3o de controlar os demais poderes em <\/p>\n","protected":false},"author":1,"featured_media":0,"parent":0,"menu_order":0,"comment_status":"closed","ping_status":"closed","template":"","meta":{"footnotes":""},"class_list":["post-6629","page","type-page","status-publish","hentry"],"_links":{"self":[{"href":"https:\/\/www.encontrasorocaba.com.br\/sobre\/wp-json\/wp\/v2\/pages\/6629","targetHints":{"allow":["GET"]}}],"collection":[{"href":"https:\/\/www.encontrasorocaba.com.br\/sobre\/wp-json\/wp\/v2\/pages"}],"about":[{"href":"https:\/\/www.encontrasorocaba.com.br\/sobre\/wp-json\/wp\/v2\/types\/page"}],"author":[{"embeddable":true,"href":"https:\/\/www.encontrasorocaba.com.br\/sobre\/wp-json\/wp\/v2\/users\/1"}],"replies":[{"embeddable":true,"href":"https:\/\/www.encontrasorocaba.com.br\/sobre\/wp-json\/wp\/v2\/comments?post=6629"}],"version-history":[{"count":0,"href":"https:\/\/www.encontrasorocaba.com.br\/sobre\/wp-json\/wp\/v2\/pages\/6629\/revisions"}],"wp:attachment":[{"href":"https:\/\/www.encontrasorocaba.com.br\/sobre\/wp-json\/wp\/v2\/media?parent=6629"}],"curies":[{"name":"wp","href":"https:\/\/api.w.org\/{rel}","templated":true}]}}