{"id":6553,"date":"2019-02-02T15:11:12","date_gmt":"2019-02-02T15:11:12","guid":{"rendered":"http:\/\/www.encontrasorocaba.com.br\/sobre\/?p=6553"},"modified":"2019-05-15T19:34:42","modified_gmt":"2019-05-15T19:34:42","slug":"sao-bento-sorocaba","status":"publish","type":"page","link":"https:\/\/www.encontrasorocaba.com.br\/sobre\/sao-bento-sorocaba\/","title":{"rendered":"S\u00e3o Bento Sorocaba"},"content":{"rendered":"<div class=\"bf54deaa11a4587a41abacdf5428af85\" data-index=\"1\" style=\"float: none; margin:0px;\">\n<!-- Anuncio display - global -->\r\n<ins class=\"adsbygoogle\"\r\n     style=\"display:block\"\r\n     data-ad-client=\"ca-pub-8585364105181520\"\r\n     data-ad-slot=\"8789329856\"\r\n     data-ad-format=\"auto\"\r\n     data-full-width-responsive=\"true\"><\/ins>\r\n<script>\r\n     (adsbygoogle = window.adsbygoogle || []).push({});\r\n<\/script>\n<\/div>\n<p>Esporte Clube <strong>S\u00e3o Bento Sorocaba<\/strong> \u00e9 uma organiza\u00e7\u00e3o esportiva da cidade de Sorocaba, interior do Estado de S\u00e3o Paulo. Possui como cores oficiais o azul, nos tons celeste, royal e marinho, e o branco. \u00c9 representado pelo p\u00e1ssaro Azul\u00e3o, como foi conhecido o clube d\u00e9cadas atr\u00e1s. \u00c9 uma tradicional equipe que durante os anos 60, 70 e 80 duelou contra os grandes times da capital. Permaneceu durante 29 anos ininterruptos na elite do futebol paulista.<\/p>\n<p>Na fase amadora, havia apenas os clubes que pertenciam \u00e0 Liga Paulistana e a do Interior (os torneios n\u00e3o eram realizados ainda pela atual Federa\u00e7\u00e3o Paulista de Futebol).<\/p>\n<p><img loading=\"lazy\" decoding=\"async\" class=\"alignnone wp-image-6584 size-full\" title=\"S\u00e3o Bento Sorocaba\" src=\"http:\/\/www.encontrasorocaba.com.br\/sobre\/wp-content\/uploads\/sao-bento-sorocaba.gif\" alt=\"S\u00e3o Bento Sorocaba\" width=\"680\" height=\"189\" \/><\/p>\n<p>Em Sorocaba, grandes confrontos aconteciam no Campeonatos de Futebol Amador Municipal, com participa\u00e7\u00f5es do Sorocabano, Fortaleza Clube, Sav\u00f3ia, Scarpa, Esporte Clube S\u00e3o Bento, Estrada de Ferro Sorocabana Futebol Clube, entre outros.<\/p>\n<p>Com a recente reforma do Estatuto, em novembro de 2009, &#8220;aportuguesou-se&#8221; a denomina\u00e7\u00e3o &#8220;Club&#8221;, sendo que a agremia\u00e7\u00e3o passou a ser chamada &#8220;Esporte Clube S\u00e3o Bento&#8221;. Na mesma oportunidade, as cores oficiais foram acrescidas com mais duas tonalidades, quais sejam o Azul Royal e Azul Marinho. Em 2014, o escudo foi alterado, passando a ostentar a vers\u00e3o portuguesa da palavra &#8220;Club&#8221;.<\/p>\n<h2>S\u00e3o Bento\u00a0Sorocaba\u00a0Era Profissional<\/h2>\n<p>Tem in\u00edcio o profissionalismo do clube em 1953 e o primeiro certame disputado nesta condi\u00e7\u00e3o foi o Campeonato Paulista da Segunda Divis\u00e3o de 1953. O certame contou com 20 clubes participantes, divididos em 3 S\u00e9ries (Grupos). A &#8220;S\u00e9rie 3&#8221; era formada por: Corinthians de Santo Andr\u00e9, Paulista de Jundia\u00ed, Jabaquara de Santos, Bragantino, S\u00e3o Caetano Esporte Clube, Taubat\u00e9 e S\u00e3o Bento. O primeiro jogo oficial como profissional ocorreu em Bragan\u00e7a Paulista e o seu placar foi Bragantino 2 a 1 S\u00e3o Bento. O time na \u00e9poca era formado por Peter, Domingos, Moacir, Rau, Falco, S\u00e9rgio, Cicarelli, Carrega, M\u00e1rio, Man\u00e9 e Bernardi. Em 1962, sagrou-se campe\u00e3o do Campeonato Paulista da Primeira Divis\u00e3o, divis\u00e3o equivalente \u00e0 atual S\u00e9rie A2 do Campeonato Paulista, subindo, assim, para a Divis\u00e3o Especial (A1). O t\u00edtulo foi decidido contra o Am\u00e9rica de S\u00e3o Jos\u00e9 do Rio Preto apenas no terceiro jogo. Depois de dois empates, um em S\u00e3o Jos\u00e9 do Rio Preto (0 a 0) e outro em Sorocaba (1 a 1), foi realizada uma terceira partida no Est\u00e1dio Municipal do Pacaembu, em S\u00e3o Paulo. O gol da vit\u00f3ria e do t\u00edtulo &#8211; que garantiu o acesso \u00e0 elite &#8211; foi marcado por Picol\u00e9, aos 12&#8242; do 1\u00baT da prorroga\u00e7\u00e3o, fechando o placar em 2 a 1 para a equipe sorocabana. Era dia 23 de fevereiro de 1963 e o Glorioso Esquadr\u00e3o Alvi-Celeste, comandado pelo t\u00e9cnico Cap\u00e3o, estava formado por Walter; Juli\u00e3o Odorico e Salvador; Nestor e Paulinho; Raimundinho, Cabralzinho, Picol\u00e9, Bazzaninho e Paran\u00e1.<\/p>\n<p>No ano seguinte, na sua primeira participa\u00e7\u00e3o no Campeonato Paulista da Divis\u00e3o Especial (A1), ficou com a honrosa 4\u00aa coloca\u00e7\u00e3o (a melhor de todas na elite do futebol paulista), terminando a competi\u00e7\u00e3o \u00e0 frente de Corinthians e Portuguesa.<\/p>\n<h3>S\u00e3o Bento\u00a0Sorocaba\u00a0Era de Gl\u00f3rias<\/h3>\n<p>A virada do mil\u00eanio marcou uma nova era no Esporte Clube S\u00e3o Bento. Logo no primeiro ano da d\u00e9cada, em 2001,com o departamento de futebol administrado e patrocinado pelo empres\u00e1rio Oliveira J\u00fanior , conquistou a S\u00e9rie A3 diante do Jaboticabal Atl\u00e9tico , em Jaboticabal, com uma rodada de anteced\u00eancia. Encerrou o Campeonato confirmando o t\u00edtulo da S\u00e9rie A3, batendo a equipe do Uni\u00e3o Mogi das Cruzes Futebol Clube em Sorocaba diante de sua grande e fan\u00e1tica torcida.<\/p>\n<p>O ano seguinte foi agitado nos bastidores. Isto porque, em 11 de dezembro de 2001, o empres\u00e1rio Jos\u00e9 Rubens Abramosviz venceu a elei\u00e7\u00e3o para a presid\u00eancia do clube. Por\u00e9m, um m\u00eas e sete dias depois, alegando motivos particulares, solicitou a sua demiss\u00e3o do cargo. Assim, de acordo com o Estatuto do clube, o posto foi assumido interinamente pelo presidente do Conselho Deliberativo, S\u00edlton Luis Gastardelli Vieira. Em maio de 2002, foi montado um colegiado para a administra\u00e7\u00e3o do clube, formado por Oswaldo Daniel, os advogados David Ferrari J\u00fanior e Cl\u00e1udio Jesus de Almeida, al\u00e9m do pr\u00f3prio presidente interino. A ideia era que os quatro nomes se alternassem na presid\u00eancia do clube a cada dois anos, totalizando oito anos de poder do grupo. Este foi o chamado Projeto Oito Anos.<\/p>\n<p>Foi envolto desta situa\u00e7\u00e3o que o advogado David Ferarri Jr. assumiu a presid\u00eancia em 19 de julho de 2002. Sob sua administra\u00e7\u00e3o, al\u00e9m de disputar a S\u00e9rie A2, o clube sorocabano repetiu a boa campanha de 2001 e chegou \u00e0 decis\u00e3o da regi\u00e3o oeste da Copa Futebol do Interior, atual Copa Paulista de Futebol, no dia 7 de dezembro de 2002. O t\u00edtulo foi garantido atrav\u00e9s do empate por 0 a 0 contra o Jaboticabal, com base na vantagem de pontos conquistada na primeira fase em rela\u00e7\u00e3o ao advers\u00e1rio.<\/p>\n<p>Por\u00e9m, em que pese os bons resultados em campo, a vida do S\u00e3o Bento nos bastidores continuava quente. Em agosto de 2002, ap\u00f3s uma entrevista na r\u00e1dio dada pelo presidente David Ferrari Jr., o ent\u00e3o membro do colegiado, S\u00edlton Luis Gastardelli Vieira pediu o afastamento das suas fun\u00e7\u00f5es. J\u00e1 em outubro, foi a vez de Oswaldo Daniel afastar-se do colegiado, alegando incompatibilidade administrativa. A elei\u00e7\u00e3o de dezembro foi marcada pelo embate entre o ent\u00e3o presidente David Ferrari Jr. e o agora candidato da oposi\u00e7\u00e3o Silton Lu\u00eds Gastardelli Vieira. No fim, o candidato da oposi\u00e7\u00e3o saiu-se vencedor.<\/p>\n<p>No ano seguinte, em 2003, o advogado David Ferrari Jr. novamente candidatou-se \u00e0 presid\u00eancia do clube. Desta vez, bateu o seu concorrente Silton e tornou-se, pela segunda vez, presidente do S\u00e3o Bento. Colaborou para o resultado a contestada administra\u00e7\u00e3o de Silton Lu\u00eds Gastardelli Vieira. o advogado David Ferrari Jr. permaneceria na presid\u00eancia por tr\u00eas anos consecutivos, findando o mandato em 2006, ap\u00f3s pedido de ren\u00fancia motivado por um forte desgaste com a imprensa e torcida.<\/p>\n<p>Em 2005, ainda sob o comando de Carlos Rabello o S\u00e3o Bento obteve a volta para a principal divis\u00e3o ap\u00f3s uma \u00e9pica batalha diante do Noroeste de Bauru, conquistando assim o direito de disputar o Campeonato Paulista S\u00e9rie A1 de 2006. Depois de 14 anos afastado da Elite, o Esporte Clube S\u00e3o Bento terminaria a competi\u00e7\u00e3o do ano seguinte em 11\u00b0 lugar.<\/p>\n<h3>S\u00e3o Bento\u00a0Sorocaba\u00a0Mascote<\/h3>\n<p>O Tira-Prosa, um p\u00e1ssaro azul\u00e3o, \u00e9 o mascote oficial do Esporte Clube S\u00e3o Bento. Sua denomina\u00e7\u00e3o remete \u00e0quele que \u00e9 valent\u00e3o. No apogeu do cartonismo de mascotes de clubes de futebol, na d\u00e9cada de 1980, o Tira-Prosa j\u00e1 era associado \u00e0 equipe beneditina. No ano de 2013, a Diretoria do clube criou o mascote que anima todos os jogos em Sorocaba.<\/p>\n<h3>S\u00e3o Bento\u00a0Sorocaba Escudo<\/h3>\n<p>O primeiro distintivo do Esporte Clube S\u00e3o Bento surgiu em meados da d\u00e9cada de 1920.\u00a0 Antes disso, os uniformes do clube n\u00e3o carregavam escudo ou n\u00famero nas costas, pratica bastante comum \u00e0 \u00e9poca. A primeira vers\u00e3o do escudo consistia em um bras\u00e3o azul, com as iniciais &#8220;ECSB&#8221; dentro de um c\u00edrculo branco. Na d\u00e9cada seguinte, o desenho do bras\u00e3o foi reformulado, tendo permanecido o c\u00edrculo branco com as iniciais da agremia\u00e7\u00e3o, sendo modificada pontualmente por outras duas vers\u00f5es. Quando da profissionaliza\u00e7\u00e3o, na d\u00e9cada de 50, as letras, que antes estavam separadas, se juntam para formar o desenho conhecido atualmente. Ato cont\u00ednuo, veio a inscri\u00e7\u00e3o com o nome do clube e da cidade de Sorocaba. Vale dizer que a primeira vers\u00e3o do atual formato tinha as cores invertidas: fundo azul e letras brancas. Foi apenas na d\u00e9cada de 1980 que o distintivo tomou a forma que hoje conhecemos, com o escudo constitu\u00eddo por dois c\u00edrculos conc\u00eantricos de tamanhos diferentes, entre os c\u00edrculos a inscri\u00e7\u00e3o com o nome &#8220;Esporte Club S. Bento&#8221;, na parte inferior central o nome da cidade Sorocaba e no centro dos c\u00edrculos, em logotipo, as iniciais ECSB. No ano de 2014, atrav\u00e9s de delibera\u00e7\u00e3o da Assembleia Geral, convencionou-se alterar alguns detalhes do escudo oficial: 1) O antigo &#8220;Club&#8221;, \u00faltima remanesc\u00eancia da grafia original do Azul\u00e3o, deu lugar ao aportuguesado &#8220;Clube&#8221;; 2) A fonte usada em &#8220;Esporte Clube S\u00e3o Bento&#8221; e &#8220;Sorocaba&#8221; est\u00e1 maior, fazendo com que as palavras avancem um pouco mais em dire\u00e7\u00e3o \u00e0 borda; 3) Altera\u00e7\u00e3o do monograma (agora, o &#8220;E&#8221; abra\u00e7a o &#8220;C&#8221;, que por sua vez deita abaixo do &#8220;S&#8221;, que leva consigo na parte de baixo a segunda bolinha do &#8220;B&#8221;); 4) O &#8220;S\u00e3o&#8221; n\u00e3o est\u00e1 mais abreviado com um mero &#8220;S.&#8221;.<\/p>\n<h3>Hor\u00e1rio de Funcionamento\u00a0S\u00e3o Bento em Sorocaba<\/h3>\n<ul>\n<li>Segunda a Sexta das 08h \u00e0s 18h<\/li>\n<\/ul>\n<h3>Endere\u00e7o e Telefone\u00a0S\u00e3o Bento em Sorocaba<\/h3>\n<ul>\n<li>Rua Comendador H\u00e9lio Monzoni, 260 &#8211; Sorocaba &#8211; SP<\/li>\n<li>Telefone: (15) 3329-3507<\/li>\n<\/ul>\n<h4>Outras informa\u00e7\u00f5es e site<\/h4>\n<ul>\n<li>Mais informa\u00e7\u00f5es:\u00a0<a href=\"http:\/\/www.ecsaobento.com.br\/\" target=\"_blank\" rel=\"noopener noreferrer\">www.ecsaobento.com.br<\/a><\/li>\n<\/ul>\n<h4>Mapa de localiza\u00e7\u00e3o<\/h4>\n<a class=\"wp-colorbox-iframe\" href=\"https:\/\/www.google.com\/maps\/embed?pb=!1m18!1m12!1m3!1d3659.1780698374955!2d-47.45164628502352!3d-23.490094784718305!2m3!1f0!2f0!3f0!3m2!1i1024!2i768!4f13.1!3m3!1m2!1s0x94c58aa81b10969b0x6b6c415ac994da70!2sR.+Comendador+Hlio+Monzoni+260+-+Jardim+Santa+Roslia+Sorocaba+-+SP+18095-090!5e0!3m2!1spt-BR!2sbr!4v1549119987766\"><img decoding=\"async\" src=\"http:\/\/www.encontrasorocaba.com.br\/imgs\/maps-post.png\"><\/a>\n\n<div style=\"font-size: 0px; height: 0px; line-height: 0px; margin: 0; padding: 0; clear: both;\"><\/div>","protected":false},"excerpt":{"rendered":"<p>Esporte Clube S\u00e3o Bento Sorocaba \u00e9 uma organiza\u00e7\u00e3o esportiva da cidade de Sorocaba, interior do Estado de S\u00e3o Paulo. Possui como cores oficiais o azul, nos tons celeste, royal e marinho, e o branco. \u00c9 representado pelo p\u00e1ssaro Azul\u00e3o, como foi conhecido o clube d\u00e9cadas atr\u00e1s. \u00c9 uma tradicional equipe que durante os anos 60, 70 e 80 duelou contra os grandes times da capital. Permaneceu durante 29 anos ininterruptos na elite do futebol paulista. Na fase amadora, havia apenas os clubes que pertenciam \u00e0 Liga Paulistana e a do Interior (os torneios n\u00e3o eram realizados ainda pela atual Federa\u00e7\u00e3o <\/p>\n","protected":false},"author":1,"featured_media":0,"parent":0,"menu_order":0,"comment_status":"open","ping_status":"open","template":"","meta":{"footnotes":""},"class_list":["post-6553","page","type-page","status-publish","hentry"],"_links":{"self":[{"href":"https:\/\/www.encontrasorocaba.com.br\/sobre\/wp-json\/wp\/v2\/pages\/6553","targetHints":{"allow":["GET"]}}],"collection":[{"href":"https:\/\/www.encontrasorocaba.com.br\/sobre\/wp-json\/wp\/v2\/pages"}],"about":[{"href":"https:\/\/www.encontrasorocaba.com.br\/sobre\/wp-json\/wp\/v2\/types\/page"}],"author":[{"embeddable":true,"href":"https:\/\/www.encontrasorocaba.com.br\/sobre\/wp-json\/wp\/v2\/users\/1"}],"replies":[{"embeddable":true,"href":"https:\/\/www.encontrasorocaba.com.br\/sobre\/wp-json\/wp\/v2\/comments?post=6553"}],"version-history":[{"count":0,"href":"https:\/\/www.encontrasorocaba.com.br\/sobre\/wp-json\/wp\/v2\/pages\/6553\/revisions"}],"wp:attachment":[{"href":"https:\/\/www.encontrasorocaba.com.br\/sobre\/wp-json\/wp\/v2\/media?parent=6553"}],"curies":[{"name":"wp","href":"https:\/\/api.w.org\/{rel}","templated":true}]}}