{"id":6475,"date":"2019-01-28T07:18:48","date_gmt":"2019-01-28T07:18:48","guid":{"rendered":"http:\/\/www.encontrasorocaba.com.br\/sobre\/?page_id=6475"},"modified":"2019-05-15T19:34:39","modified_gmt":"2019-05-15T19:34:39","slug":"ifsp-sorocaba","status":"publish","type":"page","link":"https:\/\/www.encontrasorocaba.com.br\/sobre\/ifsp-sorocaba\/","title":{"rendered":"IFSP Sorocaba"},"content":{"rendered":"<div class=\"bf54deaa11a4587a41abacdf5428af85\" data-index=\"1\" style=\"float: none; margin:0px;\">\n<!-- Anuncio display - global -->\r\n<ins class=\"adsbygoogle\"\r\n     style=\"display:block\"\r\n     data-ad-client=\"ca-pub-8585364105181520\"\r\n     data-ad-slot=\"8789329856\"\r\n     data-ad-format=\"auto\"\r\n     data-full-width-responsive=\"true\"><\/ins>\r\n<script>\r\n     (adsbygoogle = window.adsbygoogle || []).push({});\r\n<\/script>\n<\/div>\n<p>O <strong>IFSP Sorocaba<\/strong> iniciou suas atividades em 22 de abril de 2014 atrav\u00e9s da implanta\u00e7\u00e3o de cursos do Programa Nacional de acesso ao ensino T\u00e9cnico \u2013 PRONATEC.<\/p>\n<p>Foram pactuados inicialmente cinco cursos: Agente de informa\u00e7\u00f5es tur\u00edsticas, Auxiliar de administra\u00e7\u00e3o, Auxiliar de recursos humanos, Auxiliar de pessoal e Auxiliar financeiro.<\/p>\n<p><img loading=\"lazy\" decoding=\"async\" class=\"alignnone wp-image-6477 size-full\" title=\"IFSP Sorocaba\" src=\"http:\/\/www.encontrasorocaba.com.br\/sobre\/wp-content\/uploads\/IFSP-SOrocaba.gif\" alt=\"IFSP Sorocaba\" width=\"680\" height=\"189\" \/><\/p>\n<p>A primeira etapa de funcionamento do C\u00e2mpus aconteceu no pavimento superior do ETC &#8211; N\u00facleo de Tecnologia e Cultura da Universidade Federal de S\u00e3o Carlos &#8211; UFSCAR. Inicialmente a \u00e1rea abrigava 4 salas de aulas, 1 laborat\u00f3rios de inform\u00e1tica, sala da administra\u00e7\u00e3o, coordenadoria de registros acad\u00eamicos, banheiro feminino, banheiro masculino, banheiro para cadeirantes e copa.<br \/>\nA chegada do IFSP em Sorocaba vem atender uma necessidade de qualifica\u00e7\u00e3o profissional da regi\u00e3o, al\u00e9m de colaborar no desenvolvimento crescente da cidade de toda a regi\u00e3o metropolitana.<br \/>\nNa etapa inicial do processo de implanta\u00e7\u00e3o do C\u00e2mpus Sorocaba, foi definido que o C\u00e2mpus ofereceria apenas cursos t\u00e9cnicos, ofertando em um primeiro momento o Curso T\u00e9cnico Concomitante\/Subsequente em Administra\u00e7\u00e3o.<\/p>\n<p>No dia 10 de maio de 2016 o IFSP Sorocaba deixou a condi\u00e7\u00e3o de C\u00e2mpus Avan\u00e7ado, tornando-se C\u00e2mpus Pleno. Como parte da amplia\u00e7\u00e3o das suas atividades foi implantado o Curso T\u00e9cnico Concomitante\/Subsequente em Eletroeletr\u00f4nica no segundo semestre de 2016. No 1\u00ba semestre de 2018 foi iniciada a primeira turma do Curso T\u00e9cnico em Administra\u00e7\u00e3o Integrado ao Ensino M\u00e9dio. Em 2018, no primeiro semestre, tamb\u00e9m foi implantado o Curso superior de Tecnologia em Gest\u00e3o de Recursos Humanos e a partir do 2\u00ba semestre de 2018, foram ofertadas vagas para o in\u00edcio do curso T\u00e9cnico Concomitante\/Subsequente em Mecatr\u00f4nica no per\u00edodo vespertino.<\/p>\n<h2>IFSP\u00a0Sorocaba Processo Seletivo<\/h2>\n<p>O IFSP j\u00e1 mudou a vida de muita gente. Muito mais do que uma escola, o IFSP se empenha para ser um local de transforma\u00e7\u00e3o, de escolhas, de descobertas, de integra\u00e7\u00e3o. Seus servidores se atualizam para ajudar a embasar a reflex\u00e3o dos alunos, ampliando a vis\u00e3o de mundo, questionando paradigmas e quebrando tabus. Sabe-se a import\u00e2ncia de possibilitar o encontro com o desconhecido e de dar ouvidos e voz \u00e0s minorias. Por tudo isso, integre a grande fam\u00edlia IFSP. O processo seletivo para os cursos t\u00e9cnicos gratuitos oferece 5.862 vagas em 144 cursos distribu\u00eddos em 36 cidades paulistas.<a href=\"https:\/\/ifsp.edu.br\/images\/pre\/Proc.Seletivo\/1semestre2019\/Edital-716_2018---Processo-Seletivo-01_2019.pdf\" target=\"_blank\" rel=\"noopener noreferrer\">Clique aqui e confira o edital na \u00edntegra<\/a>.\u00a0Para se inscrever, o candidato deve ler o edital na \u00edntegra, criar um cadastro no portal\u00a0e preencher o formul\u00e1rio de inscri\u00e7\u00e3o e o question\u00e1rio socioecon\u00f4mico. Cada candidato pode realizar uma \u00fanica inscri\u00e7\u00e3o.<\/p>\n<p>N\u00e3o h\u00e1 provas! A sele\u00e7\u00e3o dos candidatos ser\u00e1 feita por meio de an\u00e1lise de hist\u00f3rico escolar. Os candidatos devem inserir as notas ou conceitos das disciplinas de L\u00edngua Portuguesa e Matem\u00e1tica. Para cursos Integrados, as notas a serem informada s\u00e3o as do 8\u00b0 ano (antiga 7\u00aa s\u00e9rie) do Ensino Fundamental. J\u00e1, para os cursos concomitantes ou subsequentes, as notas a serem informadas s\u00e3o do 9\u00b0 ano (antiga 8\u00aa s\u00e9rie) do Ensino Fundamental. \u00a0Confira as regas no item 4 do Edital N\u00b0716\/2018. Se voc\u00ea cursou o ensino fundamental fora do Brasil, basta inserir a nota da l\u00edngua nativa do pa\u00eds onde estudou.<\/p>\n<h3>IFSP\u00a0Sorocaba\u00a0Cursos<\/h3>\n<p>S\u00e3o oferecidos <em>cursos<\/em> em tr\u00eas modalidades diferentes:<\/p>\n<ul>\n<li>1) curso t\u00e9cnico integrado ao ensino m\u00e9dio: o candidato deve ter conclu\u00eddo o ensino fundamental. Ele cursar\u00e1 o ensino m\u00e9dio e o t\u00e9cnico no IFSP;<\/li>\n<li>2) curso t\u00e9cnico concomitante ao ensino m\u00e9dio: o candidato deve estar matriculado no ensino m\u00e9dio em outra institui\u00e7\u00e3o de ensino. Ele cursar\u00e1 apenas o ensino t\u00e9cnico no IFSP;<\/li>\n<li>3) curso t\u00e9cnico subsequente ao ensino m\u00e9dio: o candidato deve ter conclu\u00eddo o ensino m\u00e9dio. Ele cursar\u00e1 apenas o ensino t\u00e9cnico no IFSP.<em><br \/>\n<\/em><\/li>\n<\/ul>\n<h3>IFSP\u00a0Sorocaba\u00a0Encceja<\/h3>\n<p>O Instituto Federal de S\u00e3o Paulo que trata dos procedimentos para a Certifica\u00e7\u00e3o de Conclus\u00e3o do Ensino M\u00e9dio ou Declara\u00e7\u00e3o Parcial de Profici\u00eancia com a utiliza\u00e7\u00e3o dos resultados do Exame Nacional para Certifica\u00e7\u00e3o de Compet\u00eancias de Jovens e Adultos (<em>Encceja<\/em>).<\/p>\n<p>Pode requerer o certificado o candidato com idade igual ou superior a 18 anos na data de realiza\u00e7\u00e3o da prova do Encceja, que tenha indicado no ato da inscri\u00e7\u00e3o do exame um dos c\u00e2mpus do IFSP e que tenha obtido nota igual ou maior a 5 (cinco) pontos na Reda\u00e7\u00e3o, e notas iguais ou maiores a cem pontos em cada uma das \u00e1reas de conhecimento do Encceja, constantes no edital.<\/p>\n<p>Para requerer o Certificado de Conclus\u00e3o do Ensino M\u00e9dio ou a Declara\u00e7\u00e3o Parcial de Profici\u00eancia com base nos resultados do Exame Nacional para Certifica\u00e7\u00e3o de Compet\u00eancias de Jovens e Adultos, o candidato dever\u00e1 fazer a solicita\u00e7\u00e3o no site do IFSP: www.ifsp.edu.br, acessando a aba Comunidade (localizada no canto esquerdo da tela na p\u00e1gina principal) e depois clicando no \u00edcone Certifica\u00e7\u00e3o Encceja.<\/p>\n<h3>IFSP Sorocaba Webdi\u00e1rio<\/h3>\n<p>O <em>Webdi\u00e1rio<\/em> foi descontinuado e o Suap passar\u00e1 a atender os cursos da modalidade de ensino M\u00e9dio Integrado ao T\u00e9cnico e T\u00e9cnico Concomitante ou Subsequente.<\/p>\n<h3>Hor\u00e1rio de Funcionamento\u00a0IFSP em Sorocaba<\/h3>\n<ul>\n<li>Segunda a Sexta das 09h \u00e0s 21h<\/li>\n<\/ul>\n<h3>Endere\u00e7o e Telefone\u00a0IFSP em Sorocaba<\/h3>\n<ul>\n<li>R. Maria Cinto de Biaggi, 130 &#8211; Jardim Santa Ros\u00e1lia\u00a0-Sorocaba &#8211; SP<\/li>\n<li>Telefone: (15) 3321-0010<\/li>\n<\/ul>\n<h4>Outras informa\u00e7\u00f5es e site<\/h4>\n<ul>\n<li>Mais informa\u00e7\u00f5es:\u00a0<a href=\"http:\/\/sor.ifsp.edu.br\/\" target=\"_blank\" rel=\"noopener noreferrer\">www.sor.ifsp.edu.br<\/a><\/li>\n<li>CNPJ\u00a010.882.594\/0032<wbr \/>-61<\/li>\n<\/ul>\n<h4>Mapa de localiza\u00e7\u00e3o<\/h4>\n<a class=\"wp-colorbox-iframe\" href=\"https:\/\/www.google.com\/maps\/embed?pb=!1m14!1m8!1m3!1d14636.887779055116!2d-47.444493!3d-23.488514!3m2!1i1024!2i768!4f13.1!3m3!1m2!1s0x00xec89384409679343!2sInstituto+Federal+de+Educao+Cincia+e+Tecnologia+de+So+Paulo+Campus+Sorocaba!5e0!3m2!1spt-BR!2sbr!4v1548659634061\"><img decoding=\"async\" src=\"http:\/\/www.encontrasorocaba.com.br\/imgs\/maps-post.png\"><\/a>\n\n<div style=\"font-size: 0px; height: 0px; line-height: 0px; margin: 0; padding: 0; clear: both;\"><\/div>","protected":false},"excerpt":{"rendered":"<p>O IFSP Sorocaba iniciou suas atividades em 22 de abril de 2014 atrav\u00e9s da implanta\u00e7\u00e3o de cursos do Programa Nacional de acesso ao ensino T\u00e9cnico \u2013 PRONATEC. Foram pactuados inicialmente cinco cursos: Agente de informa\u00e7\u00f5es tur\u00edsticas, Auxiliar de administra\u00e7\u00e3o, Auxiliar de recursos humanos, Auxiliar de pessoal e Auxiliar financeiro. A primeira etapa de funcionamento do C\u00e2mpus aconteceu no pavimento superior do ETC &#8211; N\u00facleo de Tecnologia e Cultura da Universidade Federal de S\u00e3o Carlos &#8211; UFSCAR. Inicialmente a \u00e1rea abrigava 4 salas de aulas, 1 laborat\u00f3rios de inform\u00e1tica, sala da administra\u00e7\u00e3o, coordenadoria de registros acad\u00eamicos, banheiro feminino, banheiro masculino, banheiro <\/p>\n","protected":false},"author":1,"featured_media":0,"parent":0,"menu_order":0,"comment_status":"closed","ping_status":"closed","template":"","meta":{"footnotes":""},"class_list":["post-6475","page","type-page","status-publish","hentry"],"_links":{"self":[{"href":"https:\/\/www.encontrasorocaba.com.br\/sobre\/wp-json\/wp\/v2\/pages\/6475","targetHints":{"allow":["GET"]}}],"collection":[{"href":"https:\/\/www.encontrasorocaba.com.br\/sobre\/wp-json\/wp\/v2\/pages"}],"about":[{"href":"https:\/\/www.encontrasorocaba.com.br\/sobre\/wp-json\/wp\/v2\/types\/page"}],"author":[{"embeddable":true,"href":"https:\/\/www.encontrasorocaba.com.br\/sobre\/wp-json\/wp\/v2\/users\/1"}],"replies":[{"embeddable":true,"href":"https:\/\/www.encontrasorocaba.com.br\/sobre\/wp-json\/wp\/v2\/comments?post=6475"}],"version-history":[{"count":0,"href":"https:\/\/www.encontrasorocaba.com.br\/sobre\/wp-json\/wp\/v2\/pages\/6475\/revisions"}],"wp:attachment":[{"href":"https:\/\/www.encontrasorocaba.com.br\/sobre\/wp-json\/wp\/v2\/media?parent=6475"}],"curies":[{"name":"wp","href":"https:\/\/api.w.org\/{rel}","templated":true}]}}