{"id":6440,"date":"2019-01-22T08:16:03","date_gmt":"2019-01-22T08:16:03","guid":{"rendered":"http:\/\/www.encontrasorocaba.com.br\/sobre\/?page_id=6440"},"modified":"2019-05-15T19:34:40","modified_gmt":"2019-05-15T19:34:40","slug":"pat-sorocaba","status":"publish","type":"page","link":"https:\/\/www.encontrasorocaba.com.br\/sobre\/pat-sorocaba\/","title":{"rendered":"Pat Sorocaba"},"content":{"rendered":"<div class=\"bf54deaa11a4587a41abacdf5428af85\" data-index=\"1\" style=\"float: none; margin:0px;\">\n<!-- Anuncio display - global -->\r\n<ins class=\"adsbygoogle\"\r\n     style=\"display:block\"\r\n     data-ad-client=\"ca-pub-8585364105181520\"\r\n     data-ad-slot=\"8789329856\"\r\n     data-ad-format=\"auto\"\r\n     data-full-width-responsive=\"true\"><\/ins>\r\n<script>\r\n     (adsbygoogle = window.adsbygoogle || []).push({});\r\n<\/script>\n<\/div>\n<p>O <strong>PAT Sorocaba<\/strong> (Posto de Atendimento ao Trabalhador) surgiu da parceria da SERT- Secretaria do Emprego e Rela\u00e7\u00f5es do Trabalho com a Prefeitura de Sorocaba.<\/p>\n<p>Seu objetivo \u00e9 intermediar empresas que necessitam de m\u00e3o de obra e profissionais que buscam recoloca\u00e7\u00e3o no mercado de trabalho. Sua responsabilidade \u00e9 organizar e controlar o processo de atendimento a esses profissionais.<\/p>\n<p><img loading=\"lazy\" decoding=\"async\" class=\"alignnone wp-image-6442 size-full\" title=\"Pat Sorocaba\" src=\"http:\/\/www.encontrasorocaba.com.br\/sobre\/wp-content\/uploads\/pat-sorocaba.gif\" alt=\"Pat Sorocaba\" width=\"680\" height=\"189\" \/><\/p>\n<p>Entre os servi\u00e7os prestados destacam-se a emiss\u00e3o de Carteiras do Trabalho (CTPS), solicita\u00e7\u00f5es de seguro-desemprego, capta\u00e7\u00e3o de vagas e orienta\u00e7\u00e3o MTB.\u00a0Todos os servi\u00e7os oferecidos s\u00e3o gratuitos e buscam amparar e facilitar o acesso para o trabalhador<\/p>\n<h2>Pat\u00a0Sorocaba\u00a0Vagas<\/h2>\n<p>Os interessados em participar dos processos de sele\u00e7\u00e3o, devem comparecer ao PAT, de segunda a sexta das 8h00 \u00e0s 13h00, com os seguinte documentos:\u00a0Carteira Profissional,\u00a0CPF\/CIC,\u00a0RG,\u00a0PIS e\u00a0Comprovante de resid\u00eancia original, com CEP e, fazer a pesquisa de<em> vagas<\/em>.<\/p>\n<h3>Pat\u00a0Sorocaba\u00a0Seguro Desemprego<\/h3>\n<p>O programa de <em>seguro-desemprego<\/em> \u00e9 um benef\u00edcio que oferece aux\u00edlio em dinheiro, por um per\u00edodo limitado, aos trabalhadores que foram dispensados sem justa-causa.\u00a0\u00a0Para dar entrada ao processo de requerimento do seguro-desemprego, o trabalhador deve comparecer ao PAT com os seguintes documentos:<\/p>\n<ul>\n<li>Formul\u00e1rio de Requerimento do Seguro Desemprego;<\/li>\n<li>Carteira de Trabalho;<\/li>\n<li>Cart\u00e3o do PIS ou Pasep;<\/li>\n<li>Comprovante do Saque do FGTS ou Extrato do FGTS;<\/li>\n<li>CPF;<\/li>\n<li>Termo de Rescis\u00e3o de Trabalho &#8211; TRCT, acompanhado do termo de Quita\u00e7\u00e3o ou Termo de Homologa\u00e7\u00e3o;<\/li>\n<li>RG ou outro documento que substitua (CNH e CTPS &#8211; Modelo Novo, Carteira de Conselho de Classe e Carteira de Reservista);<\/li>\n<li>Tr\u00eas \u00faltimos holerites;<\/li>\n<li>Comprovante de resid\u00eancia com CEP;<\/li>\n<li>1 foto 3 X 4 (recente) do fundo branco;<\/li>\n<li>Para candidatos maiores de 18 anos retirar a pesquisa do PIS ativo na Caixa.<\/li>\n<\/ul>\n<h3>Pat\u00a0Sorocaba\u00a0Carteira de Trabalho<\/h3>\n<p>Para a emiss\u00e3o da 1\u00aa via da <em>carteira de trabalho<\/em>, deve-se apresentar os seguintes documentos:<\/p>\n<ul>\n<li>RG, Certid\u00e3o de Nascimento ou Casamento (original);<\/li>\n<li>1 foto 3 X 4 (recente) do fundo branco;<\/li>\n<li>Para candidatos maiores\u00a0de 18 anos retirar a pesquisa do PIS ativo na Caixa.<\/li>\n<\/ul>\n<p>Para os casos de 2\u00aa via deve-se apresentar:<\/p>\n<ul>\n<li>RG ou certid\u00e3o de nascimento;<\/li>\n<li>01 (uma) foto 3&#215;4;<\/li>\n<li>Documento com n\u00famero da carteira anterior;<\/li>\n<\/ul>\n<p>Em caso de perda ou roubo, deve-se trazer o B.O. e a pesquisa do PIS ativo (retirada na Caixa Econ\u00f4mica) ou a Rescis\u00e3o de contrato de trabalho.<\/p>\n<h3>Hor\u00e1rio de Funcionamento\u00a0Pat em Sorocaba<\/h3>\n<ul>\n<li>Segunda a Sexta das 08h \u00e0s 16h<\/li>\n<\/ul>\n<h3>Endere\u00e7o e Telefone\u00a0Pat em Sorocaba<\/h3>\n<ul>\n<li>R. Cel. Cavalheiros, 353 &#8211; Centro\u00a0&#8211; Sorocaba &#8211; SP<\/li>\n<li>Telefone: (15) 3229-2880<\/li>\n<\/ul>\n<h4>Outras informa\u00e7\u00f5es e site<\/h4>\n<ul>\n<li>Facebook:\u00a0<a href=\"https:\/\/www.facebook.com\/patsorocaba\/\" target=\"_blank\" rel=\"noopener noreferrer\">www.facebook.com\/patsorocaba<\/a><\/li>\n<\/ul>\n<h4>Mapa de localiza\u00e7\u00e3o<\/h4>\n<a class=\"wp-colorbox-iframe\" href=\"https:\/\/www.google.com\/maps\/embed?pb=!1m14!1m8!1m3!1d14635.308687344399!2d-47.4532339!3d-23.5027338!3m2!1i1024!2i768!4f13.1!3m3!1m2!1s0x00x55397ece36014941!2sPAT+-+Posto+de+Atendimento+ao+Trabalhador!5e0!3m2!1spt-BR!2sbr!4v1548144721206\"><img decoding=\"async\" src=\"http:\/\/www.encontrasorocaba.com.br\/imgs\/maps-post.png\"><\/a>\n\n<div style=\"font-size: 0px; height: 0px; line-height: 0px; margin: 0; padding: 0; clear: both;\"><\/div>","protected":false},"excerpt":{"rendered":"<p>O PAT Sorocaba (Posto de Atendimento ao Trabalhador) surgiu da parceria da SERT- Secretaria do Emprego e Rela\u00e7\u00f5es do Trabalho com a Prefeitura de Sorocaba. Seu objetivo \u00e9 intermediar empresas que necessitam de m\u00e3o de obra e profissionais que buscam recoloca\u00e7\u00e3o no mercado de trabalho. Sua responsabilidade \u00e9 organizar e controlar o processo de atendimento a esses profissionais. Entre os servi\u00e7os prestados destacam-se a emiss\u00e3o de Carteiras do Trabalho (CTPS), solicita\u00e7\u00f5es de seguro-desemprego, capta\u00e7\u00e3o de vagas e orienta\u00e7\u00e3o MTB.\u00a0Todos os servi\u00e7os oferecidos s\u00e3o gratuitos e buscam amparar e facilitar o acesso para o trabalhador Pat\u00a0Sorocaba\u00a0Vagas Os interessados em participar dos <\/p>\n","protected":false},"author":1,"featured_media":0,"parent":0,"menu_order":0,"comment_status":"closed","ping_status":"closed","template":"","meta":{"footnotes":""},"class_list":["post-6440","page","type-page","status-publish","hentry"],"_links":{"self":[{"href":"https:\/\/www.encontrasorocaba.com.br\/sobre\/wp-json\/wp\/v2\/pages\/6440","targetHints":{"allow":["GET"]}}],"collection":[{"href":"https:\/\/www.encontrasorocaba.com.br\/sobre\/wp-json\/wp\/v2\/pages"}],"about":[{"href":"https:\/\/www.encontrasorocaba.com.br\/sobre\/wp-json\/wp\/v2\/types\/page"}],"author":[{"embeddable":true,"href":"https:\/\/www.encontrasorocaba.com.br\/sobre\/wp-json\/wp\/v2\/users\/1"}],"replies":[{"embeddable":true,"href":"https:\/\/www.encontrasorocaba.com.br\/sobre\/wp-json\/wp\/v2\/comments?post=6440"}],"version-history":[{"count":0,"href":"https:\/\/www.encontrasorocaba.com.br\/sobre\/wp-json\/wp\/v2\/pages\/6440\/revisions"}],"wp:attachment":[{"href":"https:\/\/www.encontrasorocaba.com.br\/sobre\/wp-json\/wp\/v2\/media?parent=6440"}],"curies":[{"name":"wp","href":"https:\/\/api.w.org\/{rel}","templated":true}]}}