{"id":6421,"date":"2019-01-21T15:09:25","date_gmt":"2019-01-21T15:09:25","guid":{"rendered":"http:\/\/www.encontrasorocaba.com.br\/sobre\/?page_id=6421"},"modified":"2019-01-30T15:56:25","modified_gmt":"2019-01-30T15:56:25","slug":"urbes-sorocaba","status":"publish","type":"page","link":"https:\/\/www.encontrasorocaba.com.br\/sobre\/urbes-sorocaba\/","title":{"rendered":"Urbes Sorocaba"},"content":{"rendered":"<div class=\"bf54deaa11a4587a41abacdf5428af85\" data-index=\"1\" style=\"float: none; margin:0px;\">\n<!-- Anuncio display - global -->\r\n<ins class=\"adsbygoogle\"\r\n     style=\"display:block\"\r\n     data-ad-client=\"ca-pub-8585364105181520\"\r\n     data-ad-slot=\"8789329856\"\r\n     data-ad-format=\"auto\"\r\n     data-full-width-responsive=\"true\"><\/ins>\r\n<script>\r\n     (adsbygoogle = window.adsbygoogle || []).push({});\r\n<\/script>\n<\/div>\n<p>A <strong>Urbes Sorocaba<\/strong>\u00a0 \u00e9 uma empresa p\u00fablica de direito privado, criada pela Lei Municipal n\u00ba 1.946, de 22\/02\/78, sob a denomina\u00e7\u00e3o &#8220;Companhia de Desenvolvimento de Sorocaba \u2013 CODESO&#8221;.<\/p>\n<p>Quando de sua cria\u00e7\u00e3o, a Urbes \u2013 Tr\u00e2nsito e Transportes tinha por objeto a execu\u00e7\u00e3o de programas de obras de desenvolvimento de \u00e1reas urbanas. Posteriormente assumiu tamb\u00e9m, por for\u00e7a da Lei n\u00ba 2.528, de 05\/12\/86, a administra\u00e7\u00e3o financeira e operacional do aterro sanit\u00e1rio industrial do Munic\u00edpio.<\/p>\n<p><img loading=\"lazy\" decoding=\"async\" class=\"alignnone wp-image-6425 size-full\" title=\"Urbes Sorocaba\" src=\"http:\/\/www.encontrasorocaba.com.br\/sobre\/wp-content\/uploads\/urbes-sorocaba.gif\" alt=\"Urbes Sorocaba\" width=\"680\" height=\"189\" \/><\/p>\n<p>A Lei Municipal n\u00ba 3.115, de 11\/10\/89, alterou as atribui\u00e7\u00f5es originais da Urbes \u2013 Tr\u00e2nsito e Transportes para que, no Munic\u00edpio, passasse a organizar e prestar o servi\u00e7o p\u00fablico de transporte coletivo de passageiros: planejar, controlar e fiscalizar os servi\u00e7os de t\u00e1xi, lota\u00e7\u00e3o, fretamento, transporte de escolares e transporte de cargas, implantar, gerenciar e explorar estacionamentos de ve\u00edculos e esta\u00e7\u00f5es terminais de passageiros em pr\u00f3prios da Prefeitura ou em vias p\u00fablicas, executar servi\u00e7os e obras no sistema vi\u00e1rio, relacionados com suas atribui\u00e7\u00f5es, gerenciar o caixa \u00fanico do Sistema de Transporte P\u00fablico Coletivo e gerenciar o Fundo de Preven\u00e7\u00e3o e Melhoria do Transporte Coletivo &#8211; FMT.<\/p>\n<p>A essas, outras atribui\u00e7\u00f5es foram sendo dadas \u00e0 empresa p\u00fablica municipal no decorrer do tempo, como a administra\u00e7\u00e3o do Conselho Municipal de Transportes (Lei n\u00ba 4.489, de 02\/03\/94), administra\u00e7\u00e3o do Conselho Municipal de Tr\u00e2nsito \u2013 COMUTRAN (Lei n\u00ba 5.402, de 02\/07\/97), administra\u00e7\u00e3o do Conselho Municipal de Transportes e Tr\u00e2nsito \u2013 COMUTRAN (Lei n\u00ba 9.130, de 26\/05\/2010), a execu\u00e7\u00e3o de servi\u00e7os e obras no sistema vi\u00e1rio relacionadas \u00e0 fiscaliza\u00e7\u00e3o e opera\u00e7\u00e3o de tr\u00e2nsito (Lei n\u00ba 5.002, de 27\/11\/95), a gest\u00e3o do Fundo Municipal do Tr\u00e2nsito \u2013 FUMTRAN (Lei n\u00ba 5.002, de 27\/11\/95), a fiscaliza\u00e7\u00e3o do transporte irregular de passageiros no Munic\u00edpio (Lei n\u00ba 5.642, de 14\/04\/98) e a an\u00e1lise de pedidos de expedi\u00e7\u00e3o de viabilidade para instala\u00e7\u00e3o de atividade relacionada a transportes em geral (Decreto n\u00ba 11.969, de 21\/02\/00).<\/p>\n<p>Com o advento da Lei n\u00ba 6.529, de 27\/02\/02, alterou-se a lei origin\u00e1ria da empresa, para consolidar sua responsabilidade principal frente \u00e0 organiza\u00e7\u00e3o e fiscaliza\u00e7\u00e3o do servi\u00e7o p\u00fablico de transporte coletivo no Munic\u00edpio de Sorocaba, e por ato de delega\u00e7\u00e3o do Prefeito, tamb\u00e9m sua presta\u00e7\u00e3o; organiza\u00e7\u00e3o e fiscaliza\u00e7\u00e3o dos servi\u00e7os de fretamento, t\u00e1xi, lota\u00e7\u00e3o, transportes escolares, pessoas portadoras de defici\u00eancia e outros transportes especiais, e transporte de cargas no munic\u00edpio; organiza\u00e7\u00e3o, implanta\u00e7\u00e3o e fiscaliza\u00e7\u00e3o de estacionamentos de ve\u00edculos em vias p\u00fablicas ou pr\u00f3prios municipais; e planejamento e execu\u00e7\u00e3o de servi\u00e7os e obras nas vias p\u00fablicas e outros pr\u00f3prios municipais.<\/p>\n<p>A tais compet\u00eancias foram agregadas ainda outras relacionadas \u00e0 fiscaliza\u00e7\u00e3o e opera\u00e7\u00e3o de tr\u00e2nsito. Assim \u00e9 que, por meio da Lei n\u00ba 7.775, de 30 de maio de 2006, passaram a integrar as atribui\u00e7\u00f5es da empresa municipal: servi\u00e7os de apoio a atividades de engenharia de tr\u00e1fego; planejamento e implanta\u00e7\u00e3o da opera\u00e7\u00e3o e sinaliza\u00e7\u00e3o do sistema vi\u00e1rio; implanta\u00e7\u00e3o de centrais de tr\u00e1fego com monitoramento operacional; implanta\u00e7\u00e3o de programas e medidas de educa\u00e7\u00e3o para o tr\u00e2nsito e de inibi\u00e7\u00e3o da pr\u00e1tica de infra\u00e7\u00f5es; desenvolvimento de estudos para integra\u00e7\u00e3o do sistema vi\u00e1rio; gerenciamento, fiscaliza\u00e7\u00e3o e controle do tr\u00e1fego e tr\u00e2nsito; gest\u00e3o do controle e processamento de autos de infra\u00e7\u00e3o de tr\u00e2nsito; cadastramento do moto-frete.<\/p>\n<p>O \u00f3rg\u00e3o supremo da URBES \u00e9 seu Conselho de Administra\u00e7\u00e3o, presidido pelo Prefeito e integrado pelos Secret\u00e1rios de Neg\u00f3cios Jur\u00eddicos, da Administra\u00e7\u00e3o e de Finan\u00e7as. J\u00e1 o Conselho Fiscal, cujos membros s\u00e3o indicados pelo Conselho de Administra\u00e7\u00e3o, examina as contas da empresa bem como as propostas da Diretoria.<\/p>\n<p>Desde ent\u00e3o adotou-se a logomarca Urbes \u2013 Tr\u00e2nsito e Transportes como elemento identificador dos servi\u00e7os prestados pela empresa p\u00fablica.<\/p>\n<p>Em seu mister, a Urbes \u2013 Tr\u00e2nsito e Transportes presta servi\u00e7os \u00e0 Prefeitura de Sorocaba, atrav\u00e9s de Contrato de Gest\u00e3o e de Presta\u00e7\u00e3o de Servi\u00e7os. Por sua natureza, rege-se pelas normas de seus Estatutos, aprovados pelo Decreto n\u00ba 6.996, de 17\/04\/90, e sujeita-se ao regime jur\u00eddico pr\u00f3prio das empresas privadas, conforme mandamento constitucional.<\/p>\n<h2>Urbes\u00a0Sorocaba\u00a0Multas<\/h2>\n<p>Voc\u00ea pode consultar se possui alguma <em>multa<\/em> no seu ve\u00edculo acessando\u00a0<a href=\"https:\/\/www.urbes.com.br\/multas\/\" target=\"_blank\" rel=\"noopener noreferrer\">www.urbes.com.br\/multas<\/a>\u00a0e preenchendo o formul\u00e1rio com o n\u00famero do renavam e a placa do ve\u00edculo.<\/p>\n<h3>Urbes\u00a0Sorocaba Itiner\u00e1rio<\/h3>\n<p>Para se informar sobre o<em> itiner\u00e1rio <\/em>dos \u00f4nibus basta acessar\u00a0<a href=\"https:\/\/www.urbes.com.br\/transportes\/itinerarios-onibus\" target=\"_blank\" rel=\"noopener noreferrer\">www.urbes.com.br\/transportes\/itinerarios-onibus<\/a>\u00a0e preencha com o n\u00famero da linha que voc\u00ea utilizar\u00e1.<em><br \/>\n<\/em><\/p>\n<h3>Urbes\u00a0Sorocaba Passe Escolar<\/h3>\n<p>Ao acessar o site da Urbes, o aluno far\u00e1 o cadastramento preenchendo o formul\u00e1rio pr\u00f3prio dispon\u00edvel no site, e nesse momento, receber\u00e1 um n\u00famero de protocolo o qual poder\u00e1 acompanhar sua solicita\u00e7\u00e3o, independente da Secretaria da Escola. Ao acessar o Sistema com o n\u00famero do protocolo, ser\u00e3o exibidas algumas mensagens. Exemplo: Aguarde processamento; solicita\u00e7\u00e3o aceita com sucesso; convoca\u00e7\u00e3o para confec\u00e7\u00e3o do cart\u00e3o nas unidades das Casas do Cidad\u00e3o ou Central de Atendimento; solicita\u00e7\u00e3o inv\u00e1lida (motivo: proximidade, duplicidade, etc.).<\/p>\n<ul>\n<li><span style=\"text-decoration: underline;\">Solicita\u00e7\u00e3o v\u00e1lida<\/span>: o interessado dever\u00e1 imprimir sua Carta de Convoca\u00e7\u00e3o, dirigir-se \u00e0 Secretaria da sua Escola para confirma\u00e7\u00e3o da matr\u00edcula (carimbo e assinatura do respons\u00e1vel pela Escola). Ap\u00f3s, com a Convoca\u00e7\u00e3o em m\u00e3os devidamente assinada e carimbada pela Escola, mais a documenta\u00e7\u00e3o necess\u00e1ria (especificada na carta de convoca\u00e7\u00e3o), o aluno dar\u00e1 continuidade ao processo, de acordo com a carta de convoca\u00e7\u00e3o, para confec\u00e7\u00e3o do cart\u00e3o e retirada da Autoriza\u00e7\u00e3o para Compra do Passe Estudante e Frequ\u00eancia Escolar, nas unidades das Casas do Cidad\u00e3o ou Central de Atendimento.<\/li>\n<li><span style=\"text-decoration: underline;\">Solicita\u00e7\u00e3o inv\u00e1lida:<\/span> verificar mensagem no status da sua solicita\u00e7\u00e3o.<\/li>\n<\/ul>\n<h3>Urbes\u00a0Sorocaba\u00a0Aplicativo<\/h3>\n<p>O Urbes proporciona ao usu\u00e1rio um aplicativo para celular onde voc\u00ea pode consultar os hor\u00e1rios e itiner\u00e1rios dos \u00f4nibus, acesse sua playstore e baixe o <em>aplicativo.<\/em><\/p>\n<h3>Vagas\u00a0Urbes Sorocaba &#8211; Trabalhe Conosco<\/h3>\n<p>O\u00a0Urbes disponibiliza <em>vagas de trabalho<\/em> durante todo ano. Para se informar sobre os processos seletivos e se candidatar as vagas acompanhe o site da empresa, onde \u00e9 poss\u00edvel se informar sobre vagas abertas, sal\u00e1rios e compet\u00eancias necess\u00e1rias para se candidatar ao processo.<\/p>\n<h3>Hor\u00e1rio de Funcionamento Urbes em Sorocaba<\/h3>\n<ul>\n<li>Segunda a Sexta das 08h \u00e0s 17h<\/li>\n<\/ul>\n<h3>Endere\u00e7o e Telefone Urbes em Sorocaba<\/h3>\n<ul>\n<li>Rua Pedro de Oliveira Neto, 98 &#8211; Jardim Panorama &#8211; Sorocaba &#8211; SP<\/li>\n<li>Telefone: (15) 3331-5000<\/li>\n<\/ul>\n<h4>Outras informa\u00e7\u00f5es e site<\/h4>\n<ul>\n<li>Mais informa\u00e7\u00f5es:\u00a0<a href=\"https:\/\/www.urbes.com.br\" target=\"_blank\" rel=\"noopener noreferrer\">www.urbes.com.br<\/a><\/li>\n<\/ul>\n<h4>Mapa de localiza\u00e7\u00e3o<\/h4>\n<a class=\"wp-colorbox-iframe\" href=\"https:\/\/www.google.com\/maps\/embed?pb=!1m14!1m8!1m3!1d14633.781631507867!2d-47.4645449!3d-23.5164773!3m2!1i1024!2i768!4f13.1!3m3!1m2!1s0x00xfa3679af68d967c!2sURBES+-+Empresa+de+Desenvolvimento+Urbano+e+Social+de+Sorocaba!5e0!3m2!1spt-BR!2sbr!4v1548085080241\"><img decoding=\"async\" src=\"http:\/\/www.encontrasorocaba.com.br\/imgs\/maps-post.png\"><\/a>\n\n<div style=\"font-size: 0px; height: 0px; line-height: 0px; margin: 0; padding: 0; clear: both;\"><\/div>","protected":false},"excerpt":{"rendered":"<p>A Urbes Sorocaba\u00a0 \u00e9 uma empresa p\u00fablica de direito privado, criada pela Lei Municipal n\u00ba 1.946, de 22\/02\/78, sob a denomina\u00e7\u00e3o &#8220;Companhia de Desenvolvimento de Sorocaba \u2013 CODESO&#8221;. Quando de sua cria\u00e7\u00e3o, a Urbes \u2013 Tr\u00e2nsito e Transportes tinha por objeto a execu\u00e7\u00e3o de programas de obras de desenvolvimento de \u00e1reas urbanas. Posteriormente assumiu tamb\u00e9m, por for\u00e7a da Lei n\u00ba 2.528, de 05\/12\/86, a administra\u00e7\u00e3o financeira e operacional do aterro sanit\u00e1rio industrial do Munic\u00edpio. A Lei Municipal n\u00ba 3.115, de 11\/10\/89, alterou as atribui\u00e7\u00f5es originais da Urbes \u2013 Tr\u00e2nsito e Transportes para que, no Munic\u00edpio, passasse a organizar e prestar <\/p>\n","protected":false},"author":1,"featured_media":0,"parent":0,"menu_order":0,"comment_status":"closed","ping_status":"closed","template":"","meta":{"footnotes":""},"class_list":["post-6421","page","type-page","status-publish","hentry"],"_links":{"self":[{"href":"https:\/\/www.encontrasorocaba.com.br\/sobre\/wp-json\/wp\/v2\/pages\/6421","targetHints":{"allow":["GET"]}}],"collection":[{"href":"https:\/\/www.encontrasorocaba.com.br\/sobre\/wp-json\/wp\/v2\/pages"}],"about":[{"href":"https:\/\/www.encontrasorocaba.com.br\/sobre\/wp-json\/wp\/v2\/types\/page"}],"author":[{"embeddable":true,"href":"https:\/\/www.encontrasorocaba.com.br\/sobre\/wp-json\/wp\/v2\/users\/1"}],"replies":[{"embeddable":true,"href":"https:\/\/www.encontrasorocaba.com.br\/sobre\/wp-json\/wp\/v2\/comments?post=6421"}],"version-history":[{"count":0,"href":"https:\/\/www.encontrasorocaba.com.br\/sobre\/wp-json\/wp\/v2\/pages\/6421\/revisions"}],"wp:attachment":[{"href":"https:\/\/www.encontrasorocaba.com.br\/sobre\/wp-json\/wp\/v2\/media?parent=6421"}],"curies":[{"name":"wp","href":"https:\/\/api.w.org\/{rel}","templated":true}]}}