{"id":6252,"date":"2017-10-23T20:58:50","date_gmt":"2017-10-23T20:58:50","guid":{"rendered":"http:\/\/www.encontrasorocaba.com.br\/sobre\/?page_id=6252"},"modified":"2017-10-23T20:59:31","modified_gmt":"2017-10-23T20:59:31","slug":"trf-sorocaba","status":"publish","type":"page","link":"https:\/\/www.encontrasorocaba.com.br\/sobre\/trf-sorocaba\/","title":{"rendered":"TRF Sorocaba"},"content":{"rendered":"<div class=\"bf54deaa11a4587a41abacdf5428af85\" data-index=\"1\" style=\"float: none; margin:0px;\">\n<!-- Anuncio display - global -->\r\n<ins class=\"adsbygoogle\"\r\n     style=\"display:block\"\r\n     data-ad-client=\"ca-pub-8585364105181520\"\r\n     data-ad-slot=\"8789329856\"\r\n     data-ad-format=\"auto\"\r\n     data-full-width-responsive=\"true\"><\/ins>\r\n<script>\r\n     (adsbygoogle = window.adsbygoogle || []).push({});\r\n<\/script>\n<\/div>\n<p>A Justi\u00e7a Federal foi criada em 1890 pela Constitui\u00e7\u00e3o Provis\u00f3ria, logo ap\u00f3s a Proclama\u00e7\u00e3o da Rep\u00fablica. Inicialmente ela era composta pelo Supremo Tribunal Federal, com quinze ministros, e por uma Se\u00e7\u00e3o Judici\u00e1ria em cada um dos vinte Estados da federa\u00e7\u00e3o, com um juiz titular e um substituto.<\/p>\n<p>Ao tomar o poder em 1937, Get\u00falio Vargas extinguiu a Justi\u00e7a Federal. Com isso, os feitos de compet\u00eancia das se\u00e7\u00f5es judici\u00e1rias federais passaram a ser processados pela Justi\u00e7a Estadual, nas varas da Fazenda Nacional. As mat\u00e9rias tratavam de cobran\u00e7a de impostos, tributos e acidentes envolvendo ve\u00edculos do Governo Federal. Confira abaixo mais informa\u00e7\u00f5es sobre o <strong>TRF Sorocaba<\/strong>.<img loading=\"lazy\" decoding=\"async\" class=\"alignnone size-full wp-image-6253\" src=\"http:\/\/www.encontrasorocaba.com.br\/sobre\/wp-content\/uploads\/tribunal-regional-federal-sorocaba.jpg\" alt=\"\" width=\"680\" height=\"189\" srcset=\"https:\/\/www.encontrasorocaba.com.br\/sobre\/wp-content\/uploads\/tribunal-regional-federal-sorocaba.jpg 680w, https:\/\/www.encontrasorocaba.com.br\/sobre\/wp-content\/uploads\/tribunal-regional-federal-sorocaba-300x83.jpg 300w\" sizes=\"auto, (max-width: 680px) 100vw, 680px\" \/><\/p>\n<p>A Justi\u00e7a Federal de Primeiro Grau foi restabelecida no governo Castello Branco, pelo Ato Institucional n\u00ba2 (27.10.1965). Cada Estado ou Territ\u00f3rio, inclusive o Distrito Federal passou a ter uma Se\u00e7\u00e3o Judici\u00e1ria com sede na respectiva capital.<\/p>\n<h2>TRF Sorocaba Consultas<\/h2>\n<p>Para consultar seus processos atualizados <a href=\"http:\/\/www.jfsp.jus.br\/jef\/\" target=\"_blank\" rel=\"noopener noreferrer\">clique aqui<\/a>.<\/p>\n<h3>TRF Concursos<\/h3>\n<p>Para acompanhar os concursos organizados pelo <span style=\"text-decoration: underline;\">Tribunal Regional Federal em Sorocaba<\/span> para contrata\u00e7\u00e3o de funcion\u00e1rios acompanhe o Di\u00e1rio Oficial da sua regi\u00e3o.<\/p>\n<h3>Hor\u00e1rio de Funcionamento TRF em Sorocaba<\/h3>\n<ul>\n<li>9 \u00e0s 14h &#8211; Atendimento I \/ 9 \u00e0s 17h &#8211; Atendimento II \/ 9 \u00e0s 19h &#8211; Atendimento III<\/li>\n<\/ul>\n<h3>Endere\u00e7o e Telefone Tribunal Regional Federal em Sorocaba<\/h3>\n<ul>\n<li>Avenida Ant\u00f4nio Carlos C\u00f4mitre, 295, Parque Campolim. CEP 18047-620<\/li>\n<li>Telefone: (15) 3414-7750 \/ 7770<\/li>\n<\/ul>\n<h4>Outras informa\u00e7\u00f5es e site<\/h4>\n<ul>\n<li>Mais informa\u00e7\u00f5es: <a href=\"http:\/\/www.jfsp.jus.br\/sorocaba-info\/\" target=\"_blank\" rel=\"noopener noreferrer\">www.jfsp.jus.br\/sorocaba-info<\/a><\/li>\n<li>E-mail: sorocaba_vara01_sec@jfsp.jus.br<\/li>\n<\/ul>\n<h4>Mapa de localiza\u00e7\u00e3o<\/h4>\n<a class=\"wp-colorbox-iframe\" href=\"https:\/\/www.google.com\/maps\/embed?pb=!1m18!1m12!1m3!1d3658.403492695941!2d-47.46616848502307!3d-23.517985784704464!2m3!1f0!2f0!3f0!3m2!1i1024!2i768!4f13.1!3m3!1m2!1s0x94c58a8c236872cb0xf789bcca6a37833c!2sAv.+Antnio+Carlos+Comitre+295+-+Jardim+Portal+da+Colina+Sorocaba+-+SP!5e0!3m2!1spt-BR!2sbr!4v1508792021138\"><img decoding=\"async\" src=\"http:\/\/www.encontrasorocaba.com.br\/imgs\/maps-post.png\"><\/a>\n\n<div style=\"font-size: 0px; height: 0px; line-height: 0px; margin: 0; padding: 0; clear: both;\"><\/div>","protected":false},"excerpt":{"rendered":"<p>A Justi\u00e7a Federal foi criada em 1890 pela Constitui\u00e7\u00e3o Provis\u00f3ria, logo ap\u00f3s a Proclama\u00e7\u00e3o da Rep\u00fablica. Inicialmente ela era composta pelo Supremo Tribunal Federal, com quinze ministros, e por uma Se\u00e7\u00e3o Judici\u00e1ria em cada um dos vinte Estados da federa\u00e7\u00e3o, com um juiz titular e um substituto. Ao tomar o poder em 1937, Get\u00falio Vargas extinguiu a Justi\u00e7a Federal. Com isso, os feitos de compet\u00eancia das se\u00e7\u00f5es judici\u00e1rias federais passaram a ser processados pela Justi\u00e7a Estadual, nas varas da Fazenda Nacional. As mat\u00e9rias tratavam de cobran\u00e7a de impostos, tributos e acidentes envolvendo ve\u00edculos do Governo Federal. Confira abaixo mais informa\u00e7\u00f5es <\/p>\n","protected":false},"author":1,"featured_media":0,"parent":0,"menu_order":0,"comment_status":"closed","ping_status":"closed","template":"","meta":{"footnotes":""},"class_list":["post-6252","page","type-page","status-publish","hentry"],"_links":{"self":[{"href":"https:\/\/www.encontrasorocaba.com.br\/sobre\/wp-json\/wp\/v2\/pages\/6252","targetHints":{"allow":["GET"]}}],"collection":[{"href":"https:\/\/www.encontrasorocaba.com.br\/sobre\/wp-json\/wp\/v2\/pages"}],"about":[{"href":"https:\/\/www.encontrasorocaba.com.br\/sobre\/wp-json\/wp\/v2\/types\/page"}],"author":[{"embeddable":true,"href":"https:\/\/www.encontrasorocaba.com.br\/sobre\/wp-json\/wp\/v2\/users\/1"}],"replies":[{"embeddable":true,"href":"https:\/\/www.encontrasorocaba.com.br\/sobre\/wp-json\/wp\/v2\/comments?post=6252"}],"version-history":[{"count":0,"href":"https:\/\/www.encontrasorocaba.com.br\/sobre\/wp-json\/wp\/v2\/pages\/6252\/revisions"}],"wp:attachment":[{"href":"https:\/\/www.encontrasorocaba.com.br\/sobre\/wp-json\/wp\/v2\/media?parent=6252"}],"curies":[{"name":"wp","href":"https:\/\/api.w.org\/{rel}","templated":true}]}}