{"id":6245,"date":"2017-10-23T20:04:26","date_gmt":"2017-10-23T20:04:26","guid":{"rendered":"http:\/\/www.encontrasorocaba.com.br\/sobre\/?page_id=6245"},"modified":"2019-05-15T19:34:40","modified_gmt":"2019-05-15T19:34:40","slug":"pastoral-do-menor-sorocaba","status":"publish","type":"page","link":"https:\/\/www.encontrasorocaba.com.br\/sobre\/pastoral-do-menor-sorocaba\/","title":{"rendered":"Pastoral do Menor Sorocaba"},"content":{"rendered":"<div class=\"bf54deaa11a4587a41abacdf5428af85\" data-index=\"1\" style=\"float: none; margin:0px;\">\n<!-- Anuncio display - global -->\r\n<ins class=\"adsbygoogle\"\r\n     style=\"display:block\"\r\n     data-ad-client=\"ca-pub-8585364105181520\"\r\n     data-ad-slot=\"8789329856\"\r\n     data-ad-format=\"auto\"\r\n     data-full-width-responsive=\"true\"><\/ins>\r\n<script>\r\n     (adsbygoogle = window.adsbygoogle || []).push({});\r\n<\/script>\n<\/div>\n<p>A <strong>Pastoral do Menor Sorocaba<\/strong> atua na cidade desde junho de 2002, como um Departamento do Centro Social S\u00e3o Jos\u00e9, com o objetivo de implanta\u00e7\u00e3o de Centros Educacionais Comunit\u00e1rios na linha da Pastoral do Menor, em bairros onde havia insufici\u00eancia de atendimento social a crian\u00e7as carentes.<\/p>\n<p>Em Outubro de 2005 foi fundada a Associa\u00e7\u00e3o Bom Pastor, entidade que tem como objetivo atuar na \u00e1rea de crian\u00e7as e adolescentes empobrecidos e em situa\u00e7\u00e3o de risco social, na linha do Estatuto da Crian\u00e7a e do Adolescente e com a m\u00edstica da Pastoral do Menor.<\/p>\n<p><img loading=\"lazy\" decoding=\"async\" class=\"alignnone wp-image-6246 size-full\" title=\"Pastoral do Menor Sorocaba\" src=\"http:\/\/www.encontrasorocaba.com.br\/sobre\/wp-content\/uploads\/pastoral-do-menor.jpg\" alt=\"Pastoral do Menor Sorocaba\" width=\"680\" height=\"189\" srcset=\"https:\/\/www.encontrasorocaba.com.br\/sobre\/wp-content\/uploads\/pastoral-do-menor.jpg 680w, https:\/\/www.encontrasorocaba.com.br\/sobre\/wp-content\/uploads\/pastoral-do-menor-300x83.jpg 300w\" sizes=\"auto, (max-width: 680px) 100vw, 680px\" \/><\/p>\n<h2>Pastoral do Menor Habiteto<\/h2>\n<p>A entidade mant\u00e9m v\u00e1rios projetos na linha protetiva e, a partir de 2005 passou atuar na \u00e1rea de Liberdade Assistida. No ano de 2006, assumiu, em gest\u00e3o compartilhada com a Funda\u00e7\u00e3o CASA duas unidades de interna\u00e7\u00e3o \u2013 CASA Dom Luciano.<\/p>\n<p>Juntas, Centro Social S\u00e3o Jos\u00e9 e Associa\u00e7\u00e3o Bom Pastor s\u00e3o as entidades mantenedoras da Pastoral do Menor em Sorocaba que atende cerca de 2000 atendidos em situa\u00e7\u00e3o de risco social nos Centros Educacionais Comunit\u00e1rios (CEC`s).<\/p>\n<h3>Pastoral do Menor Sorocaba Laranjeiras<\/h3>\n<p>As entidades ligadas \u00e0 Pastoral do Menor participaram efetivamente da luta pela implanta\u00e7\u00e3o do Sistema de Garantia de Direitos, previsto inicialmente no artigo 227 da Constitui\u00e7\u00e3o Federal e regulamento pelo ECA \u2013 Estatuto da Crian\u00e7a e do Adolescente. Em Sorocaba, a Pastoral do Menor tem procurado trabalhar nos bairros mais carentes, onde os equipamentos sociais existentes ainda n\u00e3o conseguem suprir toda a demanda.<em><br \/>\n<\/em><\/p>\n<h3>Hor\u00e1rio de Funcionamento Pastoral do Menor em Sorocaba<\/h3>\n<ul>\n<li>Segunda a Sexta das 08h \u00e0s 18h<\/li>\n<\/ul>\n<h3>Endere\u00e7o e Telefone Pastoral do Menor em Sorocaba<\/h3>\n<ul>\n<li><strong>Central Social S\u00e3o Jos\u00e9:<\/strong> R. Capit\u00e3o Pedro Tavares, 315 \u2013 Tel: (15) 3212-1965 \/ 3234-1557<\/li>\n<li><strong>Bom Pastor:<\/strong> Rua Demanda do Vale Blazeck, 517 &#8211; Telefone: (15) 3217-9609<\/li>\n<\/ul>\n<h4>Outras informa\u00e7\u00f5es e site<\/h4>\n<ul>\n<li>Mais informa\u00e7\u00f5es: <a href=\"http:\/\/www.pastoraldomenorsorocaba.org.br\" target=\"_blank\" rel=\"noopener noreferrer\">www.pastoraldomenorsorocaba.org.br<\/a><\/li>\n<li>E-mail: pastoraldomenor@terra.com.br<\/li>\n<\/ul>\n<h4>Mapa de localiza\u00e7\u00e3o &#8211; Centro Social S\u00e3o Jos\u00e9<\/h4>\n<a class=\"wp-colorbox-iframe\" href=\"https:\/\/www.google.com\/maps\/embed?pb=!1m18!1m12!1m3!1d3658.440504154212!2d-47.49499698502304!3d-23.516653784705138!2m3!1f0!2f0!3f0!3m2!1i1024!2i768!4f13.1!3m3!1m2!1s0x94c58b1f37bb2e730x7bd33d34bd544a9f!2sR.+Cap.+Pedro+Tavares+315+-+Vila+Espirito+Santo+Sorocaba+-+SP+18051-330!5e0!3m2!1spt-BR!2sbr!4v1508788714792\"><img decoding=\"async\" src=\"http:\/\/www.encontrasorocaba.com.br\/imgs\/maps-post.png\"><\/a>\n\n<div style=\"font-size: 0px; height: 0px; line-height: 0px; margin: 0; padding: 0; clear: both;\"><\/div>","protected":false},"excerpt":{"rendered":"<p>A Pastoral do Menor Sorocaba atua na cidade desde junho de 2002, como um Departamento do Centro Social S\u00e3o Jos\u00e9, com o objetivo de implanta\u00e7\u00e3o de Centros Educacionais Comunit\u00e1rios na linha da Pastoral do Menor, em bairros onde havia insufici\u00eancia de atendimento social a crian\u00e7as carentes. Em Outubro de 2005 foi fundada a Associa\u00e7\u00e3o Bom Pastor, entidade que tem como objetivo atuar na \u00e1rea de crian\u00e7as e adolescentes empobrecidos e em situa\u00e7\u00e3o de risco social, na linha do Estatuto da Crian\u00e7a e do Adolescente e com a m\u00edstica da Pastoral do Menor. Pastoral do Menor Habiteto A entidade mant\u00e9m v\u00e1rios <\/p>\n","protected":false},"author":1,"featured_media":0,"parent":0,"menu_order":0,"comment_status":"closed","ping_status":"closed","template":"","meta":{"footnotes":""},"class_list":["post-6245","page","type-page","status-publish","hentry"],"_links":{"self":[{"href":"https:\/\/www.encontrasorocaba.com.br\/sobre\/wp-json\/wp\/v2\/pages\/6245","targetHints":{"allow":["GET"]}}],"collection":[{"href":"https:\/\/www.encontrasorocaba.com.br\/sobre\/wp-json\/wp\/v2\/pages"}],"about":[{"href":"https:\/\/www.encontrasorocaba.com.br\/sobre\/wp-json\/wp\/v2\/types\/page"}],"author":[{"embeddable":true,"href":"https:\/\/www.encontrasorocaba.com.br\/sobre\/wp-json\/wp\/v2\/users\/1"}],"replies":[{"embeddable":true,"href":"https:\/\/www.encontrasorocaba.com.br\/sobre\/wp-json\/wp\/v2\/comments?post=6245"}],"version-history":[{"count":0,"href":"https:\/\/www.encontrasorocaba.com.br\/sobre\/wp-json\/wp\/v2\/pages\/6245\/revisions"}],"wp:attachment":[{"href":"https:\/\/www.encontrasorocaba.com.br\/sobre\/wp-json\/wp\/v2\/media?parent=6245"}],"curies":[{"name":"wp","href":"https:\/\/api.w.org\/{rel}","templated":true}]}}