{"id":6140,"date":"2017-09-04T23:48:22","date_gmt":"2017-09-04T23:48:22","guid":{"rendered":"http:\/\/www.encontrasorocaba.com.br\/sobre\/?page_id=6140"},"modified":"2019-05-15T19:34:39","modified_gmt":"2019-05-15T19:34:39","slug":"hospital-santa-lucinda-sorocaba","status":"publish","type":"page","link":"https:\/\/www.encontrasorocaba.com.br\/sobre\/hospital-santa-lucinda-sorocaba\/","title":{"rendered":"Hospital Santa Lucinda Sorocaba"},"content":{"rendered":"<div class=\"bf54deaa11a4587a41abacdf5428af85\" data-index=\"1\" style=\"float: none; margin:0px;\">\n<!-- Anuncio display - global -->\r\n<ins class=\"adsbygoogle\"\r\n     style=\"display:block\"\r\n     data-ad-client=\"ca-pub-8585364105181520\"\r\n     data-ad-slot=\"8789329856\"\r\n     data-ad-format=\"auto\"\r\n     data-full-width-responsive=\"true\"><\/ins>\r\n<script>\r\n     (adsbygoogle = window.adsbygoogle || []).push({});\r\n<\/script>\n<\/div>\n<p>Excel\u00eancia e Humaniza\u00e7\u00e3o: estes s\u00e3o os adjetivos que acompanham a trajet\u00f3ria do <strong>Hospital Santa Lucinda Sorocaba<\/strong> (HSL), que, h\u00e1 d\u00e9cadas, oferece tratamento digno e com a m\u00e1xima aten\u00e7\u00e3o e compet\u00eancia dos seus profissionais.<\/p>\n<p>A hist\u00f3ria se inicia em 1950, quando o empres\u00e1rio Jos\u00e9 Erm\u00edrio de Moraes doa uma \u00e1rea que pertencia ao Grupo Votorantim \u00e0 Escola de Enfermagem e \u00e0 Faculdade de Medicina de Sorocaba.<\/p>\n<p><img loading=\"lazy\" decoding=\"async\" class=\"alignnone wp-image-6930 size-full\" title=\"Hospital Santa Lucinda Sorocaba\" src=\"http:\/\/www.encontrasorocaba.com.br\/sobre\/wp-content\/uploads\/hospital-santa-lucinda-sorocaba.gif\" alt=\"Hospital Santa Lucinda Sorocaba\" width=\"680\" height=\"189\" \/><\/p>\n<p>Alguns anos depois, a PUC-SP, mantida pela Funda\u00e7\u00e3o S\u00e3o Paulo, assume essas institui\u00e7\u00f5es e, em 1977, o <em>Hospital Santa Lucinda<\/em> tamb\u00e9m se integra a esse grupo<\/p>\n<p>Atualmente, o HSL possui uma valiosa parceria com a <a href=\"http:\/\/www.encontrasorocaba.com.br\/sobre\/prefeitura-de-sorocaba\/\">Prefeitura Municipal de Sorocaba<\/a>, oferecendo aos pacientes atendidos pelo servi\u00e7o p\u00fablico de sa\u00fade, a mesma qualidade e aten\u00e7\u00e3o dedicadas aos particulares ou \u00e0queles que s\u00e3o clientes das operadoras de planos de sa\u00fade.<em><br \/>\n<\/em><\/p>\n<p>Decorrente da sua integra\u00e7\u00e3o com a PUC-SP, o HSL atua como campo de est\u00e1gio nas \u00e1reas de biologia, medicina e enfermagem e possui o m\u00e9rito de ser o \u00fanico hospital da cidade a ter em seu corpo cl\u00ednico todos os docentes da Faculdade de Ci\u00eancias M\u00e9dicas e da Sa\u00fade. Este fato eleva a um alt\u00edssimo n\u00edvel o atendimento oferecido aos pacientes do Sistema \u00danico de Sa\u00fade (SUS), particulares e dos conv\u00eanios m\u00e9dicos.<\/p>\n<p>Dentre os tratamentos de maior destaque oferecidos pelo HSL est\u00e3o os das \u00e1reas de <em>cardiologia, otorrinolaringologia, cirurgia geral, urologia e ortopedia<\/em>. Esta \u00faltima, por sinal, \u00e9 considerada refer\u00eancia na regi\u00e3o, devido aos servi\u00e7os e equipamentos do ambulat\u00f3rio existente no hospital. Al\u00e9m disso, o Centro Cir\u00fargico do HSL conta com instrumentos de alt\u00edssima qualidade e infraestrutura adequada para cirurgias de baixa, m\u00e9dia e alta complexidade.<\/p>\n<h2>Vagas Hospital Santa Lucinda Sorocaba &#8211; Trabalhe Conosco<\/h2>\n<p>O Hospital Santa Lucinda Sorocaba disponibiliza vagas de trabalho durante todo ano. Para se informar sobre os processos seletivos e se candidatar as vagas acompanhe o site da empresa, onde \u00e9 poss\u00edvel se informar sobre vagas abertas, sal\u00e1rios e compet\u00eancias necess\u00e1rias para se candidatar ao processo.<\/p>\n<h3>Hospital Santa Lucinda Hor\u00e1rio de Visitas<\/h3>\n<p>Os <span style=\"text-decoration: underline;\">hor\u00e1rios de visita do Hospital Santa Lucinda<\/span> s\u00e3o:<em><br \/>\n<\/em><\/p>\n<ul>\n<li><strong>Unidades de interna\u00e7\u00e3o:<\/strong> Diariamente das 13h \u00e0s 21h (duas pessoas de cada vez)<\/li>\n<li><strong>UTI Neonatal:<\/strong> 10h30 \u00e0s 11h00 (pai) \/ 15h00 \u00e0s 15h30 (pai e um familiar) \/ 20h00 \u00e0s 20h30 (pai) *m\u00e3es podem permanecer em per\u00edodo integral<\/li>\n<li><strong>UTI Adulto:<\/strong> Diariamente das 10h00 \u00e0s 10h30 (1 visitante) \/ 16h00 \u00e0s 16h30 (2 visitantes) \/ 20h30 \u00e0s 21h00 (1 visitante) \/ 10h00 \u00e0s 10h30 (1 visitante) \/ 16h00 \u00e0s 16h30 (2 visitantes) e 20h30 \u00e0s 21h00 (1 visitante)<\/li>\n<\/ul>\n<h3>Hospital Santa Lucinda Maternidade<\/h3>\n<p>A <em>Maternidade<\/em> \u00e9 composta, tamb\u00e9m, por salas espec\u00edficas para o atendimento \u00e0 gestante. Nelas, concentram-se o banheiro; a mesa ginecol\u00f3gica, com equipamentos para exames obst\u00e9tricos; e o espa\u00e7o para o pr\u00e9-parto, com dois leitos divididos por cortinas.<\/p>\n<p>\u00c9 permitido um acompanhante por paciente, a fim de proporcionar maior seguran\u00e7a e conforto \u00e0 nova fam\u00edlia.<\/p>\n<p>A <em>sala de parto<\/em> foi elaborada para oferecer aconchego e tranquilidade \u00e0 gestante e ao rec\u00e9m-nascido. O beb\u00ea \u00e9 atendido conforme as mais r\u00edgidas normas do Departamento de Neonatologia da Sociedade Brasileira de Pediatria.<\/p>\n<p>Ap\u00f3s o nascimento, \u00e9 poss\u00edvel hospedar-se no Hospital Santa Lucinda em quartos coletivos \u2013 que acomodam, no m\u00e1ximo, duas pacientes \u2013 ou em apartamentos privativos.<\/p>\n<h3>Hor\u00e1rio de Funcionamento Hospital Santa Lucinda em Sorocaba<\/h3>\n<ul>\n<li>Atendimento 24 horas<\/li>\n<\/ul>\n<h3>Endere\u00e7o e Telefone Hospital Santa Lucinda em Sorocaba<\/h3>\n<ul>\n<li>Rua Cl\u00e1udio Manoel da Costa, 57 &#8211; Jardim Vergueiro &#8211; Sorocaba &#8211; SP<\/li>\n<li>Telefone: (15) 3212-9900<\/li>\n<\/ul>\n<h4>Outras informa\u00e7\u00f5es: CNPJ e site<\/h4>\n<ul>\n<li>Mais informa\u00e7\u00f5es: <a href=\"http:\/\/www.hospitalsantalucinda.com.br\" target=\"_blank\" rel=\"noopener noreferrer\">www.hospitalsantalucinda.com.br<\/a><\/li>\n<li>E-mail: recepcaoconv@pucsp.br<\/li>\n<li>CNPJ: <span class=\"st\">60.990.751\/0017-91<\/span><\/li>\n<\/ul>\n<h4>Mapa de localiza\u00e7\u00e3o<\/h4>\n<a class=\"wp-colorbox-iframe\" href=\"https:\/\/www.google.com\/maps\/embed?pb=!1m14!1m8!1m3!1d14634.583892195731!2d-47.4559519!3d-23.5092579!3m2!1i1024!2i768!4f13.1!3m3!1m2!1s0x00x85bd9e1435ef582e!2sHospital+Santa+Lucinda++PUC-SP++Faculdade+de+Medicina+de+Sorocaba!5e0!3m2!1spt-BR!2sbr!4v1504568726681\"><img decoding=\"async\" src=\"http:\/\/www.encontrasorocaba.com.br\/imgs\/maps-post.png\"><\/a>\n\n<div style=\"font-size: 0px; height: 0px; line-height: 0px; margin: 0; padding: 0; clear: both;\"><\/div>","protected":false},"excerpt":{"rendered":"<p>Excel\u00eancia e Humaniza\u00e7\u00e3o: estes s\u00e3o os adjetivos que acompanham a trajet\u00f3ria do Hospital Santa Lucinda Sorocaba (HSL), que, h\u00e1 d\u00e9cadas, oferece tratamento digno e com a m\u00e1xima aten\u00e7\u00e3o e compet\u00eancia dos seus profissionais. A hist\u00f3ria se inicia em 1950, quando o empres\u00e1rio Jos\u00e9 Erm\u00edrio de Moraes doa uma \u00e1rea que pertencia ao Grupo Votorantim \u00e0 Escola de Enfermagem e \u00e0 Faculdade de Medicina de Sorocaba. Alguns anos depois, a PUC-SP, mantida pela Funda\u00e7\u00e3o S\u00e3o Paulo, assume essas institui\u00e7\u00f5es e, em 1977, o Hospital Santa Lucinda tamb\u00e9m se integra a esse grupo Atualmente, o HSL possui uma valiosa parceria com a <\/p>\n","protected":false},"author":1,"featured_media":6930,"parent":0,"menu_order":0,"comment_status":"closed","ping_status":"closed","template":"","meta":{"footnotes":""},"class_list":["post-6140","page","type-page","status-publish","has-post-thumbnail","hentry","has_thumb"],"_links":{"self":[{"href":"https:\/\/www.encontrasorocaba.com.br\/sobre\/wp-json\/wp\/v2\/pages\/6140","targetHints":{"allow":["GET"]}}],"collection":[{"href":"https:\/\/www.encontrasorocaba.com.br\/sobre\/wp-json\/wp\/v2\/pages"}],"about":[{"href":"https:\/\/www.encontrasorocaba.com.br\/sobre\/wp-json\/wp\/v2\/types\/page"}],"author":[{"embeddable":true,"href":"https:\/\/www.encontrasorocaba.com.br\/sobre\/wp-json\/wp\/v2\/users\/1"}],"replies":[{"embeddable":true,"href":"https:\/\/www.encontrasorocaba.com.br\/sobre\/wp-json\/wp\/v2\/comments?post=6140"}],"version-history":[{"count":0,"href":"https:\/\/www.encontrasorocaba.com.br\/sobre\/wp-json\/wp\/v2\/pages\/6140\/revisions"}],"wp:featuredmedia":[{"embeddable":true,"href":"https:\/\/www.encontrasorocaba.com.br\/sobre\/wp-json\/wp\/v2\/media\/6930"}],"wp:attachment":[{"href":"https:\/\/www.encontrasorocaba.com.br\/sobre\/wp-json\/wp\/v2\/media?parent=6140"}],"curies":[{"name":"wp","href":"https:\/\/api.w.org\/{rel}","templated":true}]}}