{"id":6104,"date":"2017-09-01T20:41:44","date_gmt":"2017-09-01T20:41:44","guid":{"rendered":"http:\/\/www.encontrasorocaba.com.br\/sobre\/?page_id=6104"},"modified":"2019-05-15T19:34:41","modified_gmt":"2019-05-15T19:34:41","slug":"sabe-tudo-sorocaba","status":"publish","type":"page","link":"https:\/\/www.encontrasorocaba.com.br\/sobre\/sabe-tudo-sorocaba\/","title":{"rendered":"Sabe Tudo Sorocaba"},"content":{"rendered":"<div class=\"bf54deaa11a4587a41abacdf5428af85\" data-index=\"1\" style=\"float: none; margin:0px;\">\n<!-- Anuncio display - global -->\r\n<ins class=\"adsbygoogle\"\r\n     style=\"display:block\"\r\n     data-ad-client=\"ca-pub-8585364105181520\"\r\n     data-ad-slot=\"8789329856\"\r\n     data-ad-format=\"auto\"\r\n     data-full-width-responsive=\"true\"><\/ins>\r\n<script>\r\n     (adsbygoogle = window.adsbygoogle || []).push({});\r\n<\/script>\n<\/div>\n<p>O <strong>Sabe Tudo Sorocaba<\/strong> trata-se de um espa\u00e7o de 200 m\u00b2, constru\u00eddos em Escolas P\u00fablicas da cidade, equipados com 20 computadores, com acesso \u00e0 Internet em banda larga, acervo de livros, revistas e jornais di\u00e1rios. Hoje, temos 30 unidades em funcionamento na cidade.<\/p>\n<p>Tamb\u00e9m faz parte do Projeto o \u201c<em>SABE TUDO M\u00d3VEL<\/em>\u201d, que \u00e9 um \u00f4nibus equipado com 15 computadores para oferta de cursos gratuitos em bairros previamente agendados.<\/p>\n<p><img loading=\"lazy\" decoding=\"async\" class=\"alignnone wp-image-6105 size-full\" title=\"Sabe Tudo Sorocaba\" src=\"http:\/\/www.encontrasorocaba.com.br\/sobre\/wp-content\/uploads\/sabe-tudo-sorocaba.jpg\" alt=\"Sabe Tudo Sorocaba\" width=\"680\" height=\"189\" srcset=\"https:\/\/www.encontrasorocaba.com.br\/sobre\/wp-content\/uploads\/sabe-tudo-sorocaba.jpg 680w, https:\/\/www.encontrasorocaba.com.br\/sobre\/wp-content\/uploads\/sabe-tudo-sorocaba-300x83.jpg 300w\" sizes=\"auto, (max-width: 680px) 100vw, 680px\" \/><\/p>\n<div>\n<p class=\"western\" align=\"justify\">Para \u201cfiltrar\u201d sites indesejados, o Sabe Tudo utiliza uma tecnologia que substitui a CPU \u2013 os thin-clients, que s\u00e3o terminais inteligentes de alta produtividade, que s\u00f3 permitem acesso a servi\u00e7os desejados, contando com bloqueio que chamamos firewall (parede de fogo), que filtra sites impr\u00f3prios; desta forma, alunos, crian\u00e7as da comunidade, jovens e adultos podem acessar a internet para pesquisas, lazer, entretenimento e comunica\u00e7\u00e3o.<\/p>\n<p class=\"western\" align=\"justify\">O monitoramento das unidades Sabe Tudo \u00e9 feito 24 horas, diariamente, atrav\u00e9s de c\u00e2meras internas e externas que enviam as imagens para um sistema de v\u00eddeo-monitoramento, onde s\u00e3o gravadas concomitantemente, mesmo durante a noite, no escuro.<\/p>\n<p class=\"western\" align=\"justify\">Para gerenciamento do Projeto, foi contratada uma ONG \u2013 Projeto P\u00e9rola, que \u00e9 a respons\u00e1vel pela m\u00e3o-de-obra qualificada, material did\u00e1tico e aplica\u00e7\u00e3o das aulas de inform\u00e1tica e oficinas de cidadania.<\/p>\n<\/div>\n<h2>Sabe Tudo Sorocaba Cursos<\/h2>\n<p>O Sabe Tudo Sorocaba oferece cursos de Cidadania (M\u00f3dulos I e II), Inform\u00e1tica B\u00e1sica e Avan\u00e7ada.<\/p>\n<h3>Hor\u00e1rio de Funcionamento Sabe Tudo em Sorocaba<\/h3>\n<ul>\n<li>Segunda a Sexta-feira das 8h \u00e0s 22h\u00a0e aos S\u00e1bados das 8h at\u00e9 \u00e0s 13 h<\/li>\n<\/ul>\n<h3>Endere\u00e7o e Telefone Sabe Tudo em Sorocaba<\/h3>\n<ul>\n<li>Voc\u00ea pode consultar os endere\u00e7os <a href=\"http:\/\/educacao-sorocaba.webnode.com\/sabe-tudo\/\" target=\"_blank\" rel=\"noopener noreferrer\">neste site<\/a><\/li>\n<\/ul>\n<h4>Outras informa\u00e7\u00f5es e site<\/h4>\n<ul>\n<li>Mais informa\u00e7\u00f5es: <a href=\"http:\/\/educacao-sorocaba.webnode.com\/\" target=\"_blank\" rel=\"noopener noreferrer\">www.educacao-sorocaba.webnode.com<\/a><\/li>\n<\/ul>\n\n<div style=\"font-size: 0px; height: 0px; line-height: 0px; margin: 0; padding: 0; clear: both;\"><\/div>","protected":false},"excerpt":{"rendered":"<p>O Sabe Tudo Sorocaba trata-se de um espa\u00e7o de 200 m\u00b2, constru\u00eddos em Escolas P\u00fablicas da cidade, equipados com 20 computadores, com acesso \u00e0 Internet em banda larga, acervo de livros, revistas e jornais di\u00e1rios. Hoje, temos 30 unidades em funcionamento na cidade. Tamb\u00e9m faz parte do Projeto o \u201cSABE TUDO M\u00d3VEL\u201d, que \u00e9 um \u00f4nibus equipado com 15 computadores para oferta de cursos gratuitos em bairros previamente agendados. Para \u201cfiltrar\u201d sites indesejados, o Sabe Tudo utiliza uma tecnologia que substitui a CPU \u2013 os thin-clients, que s\u00e3o terminais inteligentes de alta produtividade, que s\u00f3 permitem acesso a servi\u00e7os desejados, <\/p>\n","protected":false},"author":1,"featured_media":6105,"parent":0,"menu_order":0,"comment_status":"closed","ping_status":"closed","template":"","meta":{"footnotes":""},"class_list":["post-6104","page","type-page","status-publish","has-post-thumbnail","hentry","has_thumb"],"_links":{"self":[{"href":"https:\/\/www.encontrasorocaba.com.br\/sobre\/wp-json\/wp\/v2\/pages\/6104","targetHints":{"allow":["GET"]}}],"collection":[{"href":"https:\/\/www.encontrasorocaba.com.br\/sobre\/wp-json\/wp\/v2\/pages"}],"about":[{"href":"https:\/\/www.encontrasorocaba.com.br\/sobre\/wp-json\/wp\/v2\/types\/page"}],"author":[{"embeddable":true,"href":"https:\/\/www.encontrasorocaba.com.br\/sobre\/wp-json\/wp\/v2\/users\/1"}],"replies":[{"embeddable":true,"href":"https:\/\/www.encontrasorocaba.com.br\/sobre\/wp-json\/wp\/v2\/comments?post=6104"}],"version-history":[{"count":0,"href":"https:\/\/www.encontrasorocaba.com.br\/sobre\/wp-json\/wp\/v2\/pages\/6104\/revisions"}],"wp:featuredmedia":[{"embeddable":true,"href":"https:\/\/www.encontrasorocaba.com.br\/sobre\/wp-json\/wp\/v2\/media\/6105"}],"wp:attachment":[{"href":"https:\/\/www.encontrasorocaba.com.br\/sobre\/wp-json\/wp\/v2\/media?parent=6104"}],"curies":[{"name":"wp","href":"https:\/\/api.w.org\/{rel}","templated":true}]}}