{"id":6001,"date":"2017-08-29T19:21:53","date_gmt":"2017-08-29T19:21:53","guid":{"rendered":"http:\/\/www.encontrasorocaba.com.br\/sobre\/?page_id=6001"},"modified":"2019-05-15T19:34:39","modified_gmt":"2019-05-15T19:34:39","slug":"ibge-sorocaba","status":"publish","type":"page","link":"https:\/\/www.encontrasorocaba.com.br\/sobre\/ibge-sorocaba\/","title":{"rendered":"IBGE Sorocaba"},"content":{"rendered":"<div class=\"bf54deaa11a4587a41abacdf5428af85\" data-index=\"1\" style=\"float: none; margin:0px;\">\n<!-- Anuncio display - global -->\r\n<ins class=\"adsbygoogle\"\r\n     style=\"display:block\"\r\n     data-ad-client=\"ca-pub-8585364105181520\"\r\n     data-ad-slot=\"8789329856\"\r\n     data-ad-format=\"auto\"\r\n     data-full-width-responsive=\"true\"><\/ins>\r\n<script>\r\n     (adsbygoogle = window.adsbygoogle || []).push({});\r\n<\/script>\n<\/div>\n<p>IBGE \u00e9 a sigla do Instituto Brasileiro de Geografia e Estat\u00edstica, uma organiza\u00e7\u00e3o p\u00fablica respons\u00e1vel pelos levantamentos e gerenciamentos dos dados e estat\u00edsticas brasileiras.<\/p>\n<p>O\u00a0IBGE\u00a0\u00e9 o conhecido principalmente por ser o respons\u00e1vel pela organiza\u00e7\u00e3o e execu\u00e7\u00e3o do <strong>censo demogr\u00e1fico<\/strong>, que consiste numa pesquisa sobre a popula\u00e7\u00e3o nacional, reunindo dados sobre a vida das pessoas, entre outras informa\u00e7\u00f5es, como o n\u00famero de habitantes, o n\u00famero de homens, mulheres e crian\u00e7as, e etc. Confira abaixo informa\u00e7\u00f5es do <strong>IBGE em Sorocaba<\/strong>.<\/p>\n<p><img loading=\"lazy\" decoding=\"async\" class=\"alignnone wp-image-6002 size-full\" title=\"IBGE Sorocaba\" src=\"http:\/\/www.encontrasorocaba.com.br\/sobre\/wp-content\/uploads\/IBGE-sorocaba.jpg\" alt=\"IBGE Sorocaba\" width=\"680\" height=\"320\" srcset=\"https:\/\/www.encontrasorocaba.com.br\/sobre\/wp-content\/uploads\/IBGE-sorocaba.jpg 680w, https:\/\/www.encontrasorocaba.com.br\/sobre\/wp-content\/uploads\/IBGE-sorocaba-300x141.jpg 300w\" sizes=\"auto, (max-width: 680px) 100vw, 680px\" \/><\/p>\n<h2>Sobre o IBGE<\/h2>\n<p>Criado oficialmente em 1936, o IBGE est\u00e1 ligado diretamente ao Minist\u00e9rio do Planejamento, Or\u00e7amento e Gest\u00e3o do Brasil, produzindo e analisando entrevistas, e divulgando informa\u00e7\u00f5es demogr\u00e1ficas, sociais e econ\u00f4micas do pa\u00eds.<\/p>\n<p>Com isso, o principal objetivo do IBGE \u00e9 fazer com que toda a popula\u00e7\u00e3o e governantes tenham um conhecimento mais detalhado sobre a realidade do Brasil, em diferentes aspectos.<\/p>\n<p>O <em>IBGE<\/em> tamb\u00e9m \u00e9 respons\u00e1vel pela produ\u00e7\u00e3o e an\u00e1lise do <span style=\"text-decoration: underline;\">\u00cdndice de Pre\u00e7os ao Consumidor<\/span>, que s\u00e3o medidas utilizadas para calcular a varia\u00e7\u00e3o do custo de vida das fam\u00edlias brasileiras, ou dos pre\u00e7os de produtos e servi\u00e7os consumidos, dividido por faixas de renda. Para calcular esse \u00edndice, s\u00e3o realizadas pesquisas mensais em onze cidades diferentes.<\/p>\n<p>Com os dados recolhidos pelo IBGE \u00e9 poss\u00edvel aos Governos fazerem planejamentos de m\u00e9dio e longo prazo para o pa\u00eds, a fim de melhorar a qualidade de vida, renda, habita\u00e7\u00e3o e todos os fatores que permeiam a vida de um cidad\u00e3o.<\/p>\n<h3>IBGE Sorocaba Popula\u00e7\u00e3o<\/h3>\n<p>Para consultar dados sobre popula\u00e7\u00e3o, densidade demogr\u00e1fica, nomes mais registrados e demais informa\u00e7\u00f5es <a href=\"http:\/\/cidades.ibge.gov.br\/xtras\/perfil.php?codmun=355220\" target=\"_blank\" rel=\"noopener noreferrer\">acesse aqui<\/a><em><br \/>\n<\/em><\/p>\n<h3>Hor\u00e1rio de Funcionamento IBGE em Sorocaba<\/h3>\n<ul>\n<li>Segunda a Sexta das 08h \u00e0s 17h<\/li>\n<\/ul>\n<h3>Endere\u00e7o e Telefone IBGE em Sorocaba<\/h3>\n<ul>\n<li>R. C\u00f4nego Janu\u00e1rio Barbosa, 233 &#8211; Jardim Vergueiro- Sorocaba &#8211; SP<\/li>\n<li>Telefone: (15) 3231-3289 \/ 3211-4942 \/ 3234-4332<\/li>\n<\/ul>\n<h4>Outras informa\u00e7\u00f5es e site<\/h4>\n<ul>\n<li>Mais informa\u00e7\u00f5es: <a href=\"http:\/\/www.ibge.gov.br\" target=\"_blank\" rel=\"noopener noreferrer\">www.ibge.gov.br<\/a><\/li>\n<\/ul>\n<h4>Mapa de localiza\u00e7\u00e3o<\/h4>\n<a class=\"wp-colorbox-iframe\" href=\"https:\/\/www.google.com\/maps\/embed?pb=!1m14!1m8!1m3!1d14634.666256504!2d-47.4580579!3d-23.5085166!3m2!1i1024!2i768!4f13.1!3m3!1m2!1s0x00x609aa51fd859cdcd!2sFundao+Instit+Bras+de+Geografia+e+Estatstica+IBGE!5e0!3m2!1spt-BR!2sbr!4v1504034171667\"><img decoding=\"async\" src=\"http:\/\/www.encontrasorocaba.com.br\/imgs\/maps-post.png\"><\/a>\n\n<div style=\"font-size: 0px; height: 0px; line-height: 0px; margin: 0; padding: 0; clear: both;\"><\/div>","protected":false},"excerpt":{"rendered":"<p>IBGE \u00e9 a sigla do Instituto Brasileiro de Geografia e Estat\u00edstica, uma organiza\u00e7\u00e3o p\u00fablica respons\u00e1vel pelos levantamentos e gerenciamentos dos dados e estat\u00edsticas brasileiras. O\u00a0IBGE\u00a0\u00e9 o conhecido principalmente por ser o respons\u00e1vel pela organiza\u00e7\u00e3o e execu\u00e7\u00e3o do censo demogr\u00e1fico, que consiste numa pesquisa sobre a popula\u00e7\u00e3o nacional, reunindo dados sobre a vida das pessoas, entre outras informa\u00e7\u00f5es, como o n\u00famero de habitantes, o n\u00famero de homens, mulheres e crian\u00e7as, e etc. Confira abaixo informa\u00e7\u00f5es do IBGE em Sorocaba. Sobre o IBGE Criado oficialmente em 1936, o IBGE est\u00e1 ligado diretamente ao Minist\u00e9rio do Planejamento, Or\u00e7amento e Gest\u00e3o do Brasil, produzindo <\/p>\n","protected":false},"author":1,"featured_media":0,"parent":0,"menu_order":0,"comment_status":"closed","ping_status":"closed","template":"","meta":{"footnotes":""},"class_list":["post-6001","page","type-page","status-publish","hentry"],"_links":{"self":[{"href":"https:\/\/www.encontrasorocaba.com.br\/sobre\/wp-json\/wp\/v2\/pages\/6001","targetHints":{"allow":["GET"]}}],"collection":[{"href":"https:\/\/www.encontrasorocaba.com.br\/sobre\/wp-json\/wp\/v2\/pages"}],"about":[{"href":"https:\/\/www.encontrasorocaba.com.br\/sobre\/wp-json\/wp\/v2\/types\/page"}],"author":[{"embeddable":true,"href":"https:\/\/www.encontrasorocaba.com.br\/sobre\/wp-json\/wp\/v2\/users\/1"}],"replies":[{"embeddable":true,"href":"https:\/\/www.encontrasorocaba.com.br\/sobre\/wp-json\/wp\/v2\/comments?post=6001"}],"version-history":[{"count":0,"href":"https:\/\/www.encontrasorocaba.com.br\/sobre\/wp-json\/wp\/v2\/pages\/6001\/revisions"}],"wp:attachment":[{"href":"https:\/\/www.encontrasorocaba.com.br\/sobre\/wp-json\/wp\/v2\/media?parent=6001"}],"curies":[{"name":"wp","href":"https:\/\/api.w.org\/{rel}","templated":true}]}}