{"id":5978,"date":"2017-08-28T22:27:41","date_gmt":"2017-08-28T22:27:41","guid":{"rendered":"http:\/\/www.encontrasorocaba.com.br\/sobre\/?page_id=5978"},"modified":"2019-05-15T19:34:41","modified_gmt":"2019-05-15T19:34:41","slug":"policia-federal-sorocaba","status":"publish","type":"page","link":"https:\/\/www.encontrasorocaba.com.br\/sobre\/policia-federal-sorocaba\/","title":{"rendered":"Pol\u00edcia Federal Sorocaba"},"content":{"rendered":"<div class=\"bf54deaa11a4587a41abacdf5428af85\" data-index=\"1\" style=\"float: none; margin:0px;\">\n<!-- Anuncio display - global -->\r\n<ins class=\"adsbygoogle\"\r\n     style=\"display:block\"\r\n     data-ad-client=\"ca-pub-8585364105181520\"\r\n     data-ad-slot=\"8789329856\"\r\n     data-ad-format=\"auto\"\r\n     data-full-width-responsive=\"true\"><\/ins>\r\n<script>\r\n     (adsbygoogle = window.adsbygoogle || []).push({});\r\n<\/script>\n<\/div>\n<p>A Pol\u00edcia Federal do Brasil ou Pol\u00edcia Federal (DPF), \u00e9 uma institui\u00e7\u00e3o policial brasileira, subordinada ao Minist\u00e9rio da Justi\u00e7a, cuja fun\u00e7\u00e3o, de acordo com a Constitui\u00e7\u00e3o de 1988, \u00e9 exercer a seguran\u00e7a p\u00fablica para a preserva\u00e7\u00e3o da ordem p\u00fablica e da incolumidade das pessoas.<\/p>\n<p>A <strong>Pol\u00edcia Federal de Sorocaba<\/strong> \u00e9 institu\u00edda por lei como \u00f3rg\u00e3o permanente, organizado e mantido pela Uni\u00e3o e estruturado em carreira.<\/p>\n<p><img loading=\"lazy\" decoding=\"async\" class=\"alignnone wp-image-5977 size-full\" title=\"Pol\u00edcia Federal Sorocaba\" src=\"http:\/\/www.encontrasorocaba.com.br\/sobre\/wp-content\/uploads\/policia-federal-em-sorocaba.jpg\" alt=\"Pol\u00edcia Federal Sorocaba\" width=\"680\" height=\"189\" srcset=\"https:\/\/www.encontrasorocaba.com.br\/sobre\/wp-content\/uploads\/policia-federal-em-sorocaba.jpg 680w, https:\/\/www.encontrasorocaba.com.br\/sobre\/wp-content\/uploads\/policia-federal-em-sorocaba-300x83.jpg 300w\" sizes=\"auto, (max-width: 680px) 100vw, 680px\" \/><\/p>\n<p>A <em>Pol\u00edcia Federal<\/em> possui amplas atribui\u00e7\u00f5es, tanto de pol\u00edcia administrativa quanto de pol\u00edcia judici\u00e1ria. Suas atribui\u00e7\u00f5es s\u00e3o definidas n\u00e3o s\u00f3 na Constitui\u00e7\u00e3o, mas sobretudo em difusa legisla\u00e7\u00e3o infraconstitucional.<\/p>\n<p>De acordo com o artigo 144, par\u00e1grafo 1\u00ba, da Constitui\u00e7\u00e3o brasileira de 1988, s\u00e3o atribui\u00e7\u00f5es da Pol\u00edcia Federal:<\/p>\n<ul>\n<li>Apurar infra\u00e7\u00f5es penais contra a ordem pol\u00edtica e social ou em detrimento de bens, servi\u00e7os e interesses da Uni\u00e3o ou de suas entidades aut\u00e1rquicas e empresas p\u00fablicas, assim como outras infra\u00e7\u00f5es cuja pr\u00e1tica tenha repercuss\u00e3o interestadual ou internacional e exija repress\u00e3o uniforme, segundo se dispuser em lei;<\/li>\n<li>Prevenir e reprimir o tr\u00e1fico il\u00edcito de entorpecentes e drogas afins, o contrabando e o descaminho, sem preju\u00edzo da a\u00e7\u00e3o fazend\u00e1ria e de outros \u00f3rg\u00e3os p\u00fablicos nas respectivas \u00e1reas de compet\u00eancia;<\/li>\n<li>Exercer as fun\u00e7\u00f5es de pol\u00edcia mar\u00edtima, aeroportu\u00e1ria e de fronteiras;<\/li>\n<li>Exercer, com exclusividade, as fun\u00e7\u00f5es de pol\u00edcia judici\u00e1ria da Uni\u00e3o.<\/li>\n<\/ul>\n<h2>Pol\u00edcia Federal de Sorocaba Passaporte<\/h2>\n<p>O <span style=\"text-decoration: underline;\">Passaporte<\/span> \u00e9 um documento obrigat\u00f3rio para todos que v\u00e3o viajar para fora da Am\u00e9rica do Sul inclusive para as crian\u00e7as, ele \u00e9 um documento muito importante e \u00e9 emitido pelo Departamento da Pol\u00edcia Federal (DPF), em Sorocaba foi criado um novo posto para emiss\u00e3o de passaportes devido a grande demanda pelo servi\u00e7o, que fica no Vill\u00e0gio Shopping, a unidade da Rodovia Raposo Tavares continua funcionando, s\u00f3 que l\u00e1 s\u00e3o emitidos prioritariamente os passaportes emergenciais.<\/p>\n<h3>Pol\u00edcia Federal Passaporte Agendamento<\/h3>\n<p>Primeiro \u00e9 necess\u00e1rio acessar o\u00a0<a href=\"http:\/\/www.pf.gov.br\/\" target=\"_blank\" rel=\"noopener noreferrer\">site do DPF<\/a>\u00a0(Departamento de Pol\u00edcia Federal). Selecione a op\u00e7\u00e3o \u201c<strong>REQUERER PASSAPORTE<\/strong>\u201d, em seguida selecione \u201c<strong>Emiss\u00e3o de Passaporte<\/strong>\u201d, posteriormente \u00e9 necess\u00e1rio fazer o preenchimento de um formul\u00e1rio disponibilizado pelo site, \u00e9 importante preencher todos eles com aten\u00e7\u00e3o, pois qualquer erro pode cancelar o procedimento.<\/p>\n<p>Ap\u00f3s o preenchimento ser\u00e1 gerado a Taxa GRU (Guia de Recolhimento da Uni\u00e3o), ele deve ser paga at\u00e9 a data de vencimento, caso contr\u00e1rio sua solicita\u00e7\u00e3o ser\u00e1 cancelada. O \u00faltimo passo \u00e9 a escolha do endere\u00e7o de atendimento para fazer e buscar o seu passaporte, em Sorocaba s\u00e3o dois postos de atendimento da Pol\u00edcia Federal. No dia que for comparecer na DPF ser\u00e1 necess\u00e1rio levar os documentos que ser\u00e3o relacionados abaixo.<em><br \/>\n<\/em><\/p>\n<h3>Documenta\u00e7\u00e3o Necess\u00e1ria \u2013 Passaporte Comum<\/h3>\n<p>Aten\u00e7\u00e3o a foto n\u00e3o \u00e9 mais necess\u00e1ria pois ele \u00e9 tirada na hora no momento do comparecimento no <em>Posto de Atendimento da Pol\u00edcia Federal<\/em>:<\/p>\n<p>1 \u2013 Documento de Identifica\u00e7\u00e3o: RG, CNH, Passaporte anterior, Carteira de Trabalho, etc);<br \/>\n2 \u2013 Comprovante de pagamento da taxa de emiss\u00e3o de passaporte (GRU);<br \/>\n3 \u2013 T\u00edtulo de Eleitor;<br \/>\n4 \u2013 Comprovante que votou nas duas \u00faltimas elei\u00e7\u00f5es ou Certid\u00e3o de Quita\u00e7\u00e3o Eleitoral;<br \/>\n5 \u2013 Documento Comprobat\u00f3rio de Quita\u00e7\u00e3o Militar (homens de 18 a 45 anos);<br \/>\n6 \u2013 Certid\u00e3o de Naturaliza\u00e7\u00e3o (para naturalizados);<br \/>\n7 \u2013 Passaporte anterior (quando houver, a n\u00e3o apresenta\u00e7\u00e3o causa o pagamento da GRU em dobro, exceto nos casos de roubo);<\/p>\n<p><a href=\"http:\/\/www.dpf.gov.br\/servicos\/passaporte\/requerer-passaporte\" target=\"_blank\" rel=\"nofollow noopener noreferrer\">Consulte aqui<\/a>\u00a0a lista de documentos para menores de 18 anos, passaportes emergenciais, para n\u00e3o brasileiros, entre outros.<\/p>\n<h3>Hor\u00e1rio de Funcionamento Pol\u00edcia Federal em Sorocaba<\/h3>\n<ul>\n<li><strong>Presencial:<\/strong> Segunda a sexta das 10h \u00e0s 20h (exceto feriados)<\/li>\n<li><strong>Telef\u00f4nico:<\/strong> Segunda a domingo, das 6h \u00e0 meia noite<\/li>\n<\/ul>\n<h3>Endere\u00e7o e Telefone Pol\u00edcia Federal em Sorocaba<\/h3>\n<ul>\n<li>Rod. Raposo Tavares, km 103,5 &#8211; Itangu\u00e1 &#8211; Sorocaba &#8211; CEP: 18052-775<\/li>\n<li>Telefone: (15) 3217-7760<\/li>\n<li>Departamento de Pol\u00edcia Federal:\u00a0194<\/li>\n<\/ul>\n<h4>Outras informa\u00e7\u00f5es e site<\/h4>\n<ul>\n<li>Mais informa\u00e7\u00f5es: <a href=\"http:\/\/www.pf.gov.br\" target=\"_blank\" rel=\"noopener noreferrer\">www.pf.gov.br<\/a><\/li>\n<li>E-mail: dpfpltdeainsrsp@dpf.gov.br<\/li>\n<\/ul>\n<h4>Mapa de localiza\u00e7\u00e3o<\/h4>\n<a class=\"wp-colorbox-iframe\" href=\"https:\/\/www.google.com\/maps\/embed?pb=!1m14!1m8!1m3!1d14631.698741723074!2d-47.4970548!3d-23.5352111!3m2!1i1024!2i768!4f13.1!3m3!1m2!1s0x00xd5646ae279c48d0b!2sDepartamento+de+Polcia+Federal!5e0!3m2!1spt-BR!2sbr!4v1503958965026\"><img decoding=\"async\" src=\"http:\/\/www.encontrasorocaba.com.br\/imgs\/maps-post.png\"><\/a>\n\n<div style=\"font-size: 0px; height: 0px; line-height: 0px; margin: 0; padding: 0; clear: both;\"><\/div>","protected":false},"excerpt":{"rendered":"<p>A Pol\u00edcia Federal do Brasil ou Pol\u00edcia Federal (DPF), \u00e9 uma institui\u00e7\u00e3o policial brasileira, subordinada ao Minist\u00e9rio da Justi\u00e7a, cuja fun\u00e7\u00e3o, de acordo com a Constitui\u00e7\u00e3o de 1988, \u00e9 exercer a seguran\u00e7a p\u00fablica para a preserva\u00e7\u00e3o da ordem p\u00fablica e da incolumidade das pessoas. A Pol\u00edcia Federal de Sorocaba \u00e9 institu\u00edda por lei como \u00f3rg\u00e3o permanente, organizado e mantido pela Uni\u00e3o e estruturado em carreira. A Pol\u00edcia Federal possui amplas atribui\u00e7\u00f5es, tanto de pol\u00edcia administrativa quanto de pol\u00edcia judici\u00e1ria. Suas atribui\u00e7\u00f5es s\u00e3o definidas n\u00e3o s\u00f3 na Constitui\u00e7\u00e3o, mas sobretudo em difusa legisla\u00e7\u00e3o infraconstitucional. De acordo com o artigo 144, par\u00e1grafo <\/p>\n","protected":false},"author":1,"featured_media":0,"parent":0,"menu_order":0,"comment_status":"closed","ping_status":"closed","template":"","meta":{"footnotes":""},"class_list":["post-5978","page","type-page","status-publish","hentry"],"_links":{"self":[{"href":"https:\/\/www.encontrasorocaba.com.br\/sobre\/wp-json\/wp\/v2\/pages\/5978","targetHints":{"allow":["GET"]}}],"collection":[{"href":"https:\/\/www.encontrasorocaba.com.br\/sobre\/wp-json\/wp\/v2\/pages"}],"about":[{"href":"https:\/\/www.encontrasorocaba.com.br\/sobre\/wp-json\/wp\/v2\/types\/page"}],"author":[{"embeddable":true,"href":"https:\/\/www.encontrasorocaba.com.br\/sobre\/wp-json\/wp\/v2\/users\/1"}],"replies":[{"embeddable":true,"href":"https:\/\/www.encontrasorocaba.com.br\/sobre\/wp-json\/wp\/v2\/comments?post=5978"}],"version-history":[{"count":0,"href":"https:\/\/www.encontrasorocaba.com.br\/sobre\/wp-json\/wp\/v2\/pages\/5978\/revisions"}],"wp:attachment":[{"href":"https:\/\/www.encontrasorocaba.com.br\/sobre\/wp-json\/wp\/v2\/media?parent=5978"}],"curies":[{"name":"wp","href":"https:\/\/api.w.org\/{rel}","templated":true}]}}