{"id":5848,"date":"2017-08-17T20:58:56","date_gmt":"2017-08-17T20:58:56","guid":{"rendered":"http:\/\/www.encontrasorocaba.com.br\/sobre\/?page_id=5848"},"modified":"2019-05-15T19:34:41","modified_gmt":"2019-05-15T19:34:41","slug":"procon-sorocaba","status":"publish","type":"page","link":"https:\/\/www.encontrasorocaba.com.br\/sobre\/procon-sorocaba\/","title":{"rendered":"Procon Sorocaba"},"content":{"rendered":"<div class=\"bf54deaa11a4587a41abacdf5428af85\" data-index=\"1\" style=\"float: none; margin:0px;\">\n<!-- Anuncio display - global -->\r\n<ins class=\"adsbygoogle\"\r\n     style=\"display:block\"\r\n     data-ad-client=\"ca-pub-8585364105181520\"\r\n     data-ad-slot=\"8789329856\"\r\n     data-ad-format=\"auto\"\r\n     data-full-width-responsive=\"true\"><\/ins>\r\n<script>\r\n     (adsbygoogle = window.adsbygoogle || []).push({});\r\n<\/script>\n<\/div>\n<p>Criada pela Lei n\u00ba 9.192, de 23 de Novembro de 1995, e Decreto n\u00ba 41.170, de 23 de setembro de 1996, a <em>Funda\u00e7\u00e3o Procon-SP<\/em> \u00e9 uma institui\u00e7\u00e3o vinculada \u00e0 Secretaria da Justi\u00e7a e da Defesa da Cidadania do Estado de S\u00e3o Paulo e tem personalidade jur\u00eddica de direito p\u00fablico, com autonomia t\u00e9cnica, administrativa e financeira.<\/p>\n<p>O <strong>Procon Sorocaba<\/strong> tem como miss\u00e3o principal equilibrar e harmonizar as rela\u00e7\u00f5es entre consumidores e fornecedores. Tendo por objetivo elaborar e executar a pol\u00edtica de prote\u00e7\u00e3o e defesa dos consumidores da cidade de Sorocaba e todo o Estado de SP.<\/p>\n<p><img loading=\"lazy\" decoding=\"async\" class=\"alignnone wp-image-5849 size-full\" title=\"Procon Sorocaba\" src=\"http:\/\/www.encontrasorocaba.com.br\/sobre\/wp-content\/uploads\/procon-sorocaba.jpg\" alt=\"Procon Sorocaba\" width=\"680\" height=\"189\" srcset=\"https:\/\/www.encontrasorocaba.com.br\/sobre\/wp-content\/uploads\/procon-sorocaba.jpg 680w, https:\/\/www.encontrasorocaba.com.br\/sobre\/wp-content\/uploads\/procon-sorocaba-300x83.jpg 300w\" sizes=\"auto, (max-width: 680px) 100vw, 680px\" \/><\/p>\n<p>A Funda\u00e7\u00e3o \u00e9 o ente p\u00fablico pioneiro na defesa do consumidor do Brasil sendo considerado sin\u00f4nimo de respeito na prote\u00e7\u00e3o dos direitos do cidad\u00e3o. Os frutos deste trabalho s\u00e3o colhidos a cada passo dado rumo ao equil\u00edbrio e harmoniza\u00e7\u00e3o das rela\u00e7\u00f5es de consumo, e \u00e0 incessante busca, inclusive por meio dos servi\u00e7os oferecidos pela institui\u00e7\u00e3o, para a melhoria da qualidade de vida da popula\u00e7\u00e3o bem como facilitar o exerc\u00edcio da cidadania.<em><br \/>\n<\/em><\/p>\n<h2>Procon Sorocaba Novo Endere\u00e7o<\/h2>\n<p>A <em>nova unidade do Procon em Sorocaba<\/em> funciona na Avenida Itavuvu, junto \u00e0 Casa do Cidad\u00e3o localizada na Zona Norte da cidade. Para saber mais confira as informa\u00e7\u00f5es abaixo.<\/p>\n<h3>Procon Sorocaba Online<\/h3>\n<p>Com objetivo de agilizar o atendimento e facilitar a vida do consumidor, o Procon Sorocaba oferece servi\u00e7os pelo site www.consumidor.gov.br.<\/p>\n<p>Para registrar uma reclama\u00e7\u00e3o basta o consumidor acessar o endere\u00e7o eletr\u00f4nico sem a necessidade de comparecer pessoalmente ao Procon ou as Casas do Cidad\u00e3o Ipanema e Nogueira Padilha.<\/p>\n<p>O www.consumidor.gov.br funciona a partir de um cadastramento pr\u00e9vio das empresas.\u00a0 Quando o cidad\u00e3o pretende formalizar uma reclama\u00e7\u00e3o, ele pode acessar o site, preencher um formul\u00e1rio descrevendo o problema e acompanhar online o andamento do caso. Se n\u00e3o houver uma solu\u00e7\u00e3o em dez dias, o Procon realiza a media\u00e7\u00e3o do conflito.<em><br \/>\n<\/em><\/p>\n<h3>Procon Sorocaba Nogueira Martins<\/h3>\n<p>Uma das unidades mais movimentadas do Procon na cidade de Sorocaba est\u00e1 localizada no Centro da cidade, na Rua Nogueira Martins. Para consultar telefone e endere\u00e7o completo confira mais abaixo.<\/p>\n<h3>Hor\u00e1rio de Funcionamento Procon em Sorocaba<\/h3>\n<ul>\n<li><strong>Procon Unidade Central:<\/strong> Segunda a sexta-feira das 8h \u00e0s 15h<\/li>\n<li><strong>Procon Nogueira Padilha:<\/strong> Segunda a sexta-feira, das 9h \u00e0s 17h<\/li>\n<li><strong>Procon Ipanema:<\/strong> Segunda a sexta-feira, das 9h \u00e0s 17h<\/li>\n<li><strong>Procon Itavuvu:<\/strong> Segunda a sexta-feira, das 9h \u00e0s 17h<\/li>\n<li><strong>Procon Campolim:<\/strong> Segunda a sexta-feira, das 9h \u00e0s 17h<\/li>\n<\/ul>\n<h3>Endere\u00e7o e Telefone Procon em Sorocaba<\/h3>\n<ul>\n<li><strong>Procon Unidade Central:<\/strong> Rua Nogueira Martins, 513 &#8211; Tel: (15) 3333-2550<\/li>\n<li><strong>Procon Nogueira Padilha:<\/strong> Av. Nogueira Padilha, 1460 &#8211; Tel: (15) 3232-9822<\/li>\n<li><strong>Procon Ipanema:<\/strong> Av. Ipanema, 3349 &#8211; Tel: (15) 3313-9440<\/li>\n<li><strong>Procon Itavuvu:<\/strong> Av. Itavuvu, 3415 &#8211; Tel: 0800-148-029<\/li>\n<li><strong>Procon Campolim:<\/strong> Avenida Ant\u00f4nio Carlos Comitre, 295 &#8211; Tel: 151<\/li>\n<\/ul>\n<h4>Outras informa\u00e7\u00f5es e site<\/h4>\n<ul>\n<li>Mais informa\u00e7\u00f5es: <a href=\"http:\/\/www.procon.sp.gov.br\" target=\"_blank\" rel=\"noopener noreferrer\">www.procon.sp.gov.br<\/a><\/li>\n<li>Reclama\u00e7\u00f5es Online: <a href=\"http:\/\/www.consumidor.gov.br\" target=\"_blank\" rel=\"noopener noreferrer\">www.consumidor.gov.br<\/a><\/li>\n<\/ul>\n<h4>Mapa de localiza\u00e7\u00e3o &#8211; Nogueira Martins<\/h4>\n<a class=\"wp-colorbox-iframe\" href=\"https:\/\/www.google.com\/maps\/embed?pb=!1m14!1m8!1m3!1d14635.055223369063!2d-47.4558963!3d-23.5050155!3m2!1i1024!2i768!4f13.1!3m3!1m2!1s0x00x463351fd2c6b12fb!2sProcon!5e0!3m2!1spt-BR!2sbr!4v1503003363667\"><img decoding=\"async\" src=\"http:\/\/www.encontrasorocaba.com.br\/imgs\/maps-post.png\"><\/a>\n\n<div style=\"font-size: 0px; height: 0px; line-height: 0px; margin: 0; padding: 0; clear: both;\"><\/div>","protected":false},"excerpt":{"rendered":"<p>Criada pela Lei n\u00ba 9.192, de 23 de Novembro de 1995, e Decreto n\u00ba 41.170, de 23 de setembro de 1996, a Funda\u00e7\u00e3o Procon-SP \u00e9 uma institui\u00e7\u00e3o vinculada \u00e0 Secretaria da Justi\u00e7a e da Defesa da Cidadania do Estado de S\u00e3o Paulo e tem personalidade jur\u00eddica de direito p\u00fablico, com autonomia t\u00e9cnica, administrativa e financeira. O Procon Sorocaba tem como miss\u00e3o principal equilibrar e harmonizar as rela\u00e7\u00f5es entre consumidores e fornecedores. Tendo por objetivo elaborar e executar a pol\u00edtica de prote\u00e7\u00e3o e defesa dos consumidores da cidade de Sorocaba e todo o Estado de SP. A Funda\u00e7\u00e3o \u00e9 o ente <\/p>\n","protected":false},"author":1,"featured_media":0,"parent":0,"menu_order":0,"comment_status":"closed","ping_status":"closed","template":"","meta":{"footnotes":""},"class_list":["post-5848","page","type-page","status-publish","hentry"],"_links":{"self":[{"href":"https:\/\/www.encontrasorocaba.com.br\/sobre\/wp-json\/wp\/v2\/pages\/5848","targetHints":{"allow":["GET"]}}],"collection":[{"href":"https:\/\/www.encontrasorocaba.com.br\/sobre\/wp-json\/wp\/v2\/pages"}],"about":[{"href":"https:\/\/www.encontrasorocaba.com.br\/sobre\/wp-json\/wp\/v2\/types\/page"}],"author":[{"embeddable":true,"href":"https:\/\/www.encontrasorocaba.com.br\/sobre\/wp-json\/wp\/v2\/users\/1"}],"replies":[{"embeddable":true,"href":"https:\/\/www.encontrasorocaba.com.br\/sobre\/wp-json\/wp\/v2\/comments?post=5848"}],"version-history":[{"count":0,"href":"https:\/\/www.encontrasorocaba.com.br\/sobre\/wp-json\/wp\/v2\/pages\/5848\/revisions"}],"wp:attachment":[{"href":"https:\/\/www.encontrasorocaba.com.br\/sobre\/wp-json\/wp\/v2\/media?parent=5848"}],"curies":[{"name":"wp","href":"https:\/\/api.w.org\/{rel}","templated":true}]}}