{"id":5166,"date":"2017-07-10T16:02:16","date_gmt":"2017-07-10T16:02:16","guid":{"rendered":"http:\/\/www.encontrasorocaba.com.br\/sobre\/?page_id=5166"},"modified":"2019-05-15T19:34:41","modified_gmt":"2019-05-15T19:34:41","slug":"rodocenter-rodoviaria-de-sorocaba","status":"publish","type":"page","link":"https:\/\/www.encontrasorocaba.com.br\/sobre\/rodocenter-rodoviaria-de-sorocaba\/","title":{"rendered":"Rodocenter &#8211; Rodovi\u00e1ria de Sorocaba"},"content":{"rendered":"<div class=\"bf54deaa11a4587a41abacdf5428af85\" data-index=\"1\" style=\"float: none; margin:0px;\">\n<!-- Anuncio display - global -->\r\n<ins class=\"adsbygoogle\"\r\n     style=\"display:block\"\r\n     data-ad-client=\"ca-pub-8585364105181520\"\r\n     data-ad-slot=\"8789329856\"\r\n     data-ad-format=\"auto\"\r\n     data-full-width-responsive=\"true\"><\/ins>\r\n<script>\r\n     (adsbygoogle = window.adsbygoogle || []).push({});\r\n<\/script>\n<\/div>\n<p>Localizada na zona sul da cidade, a <strong>Rodovi\u00e1ria de Sorocaba<\/strong> oferece aos seus passageiros mais de 100 rotas, entre elas municipais e intermunicipais e estaduais. Conhecido como <strong>Rodocenter<\/strong>, o terminal foi inaugurado em 1973 e conta com 23 companhias de \u00f4nibus, atendendo mais de 250 cidades no Brasil.<\/p>\n<p>A rodovi\u00e1ria possui uma galeria comercial pr\u00f3pria, a Rodocenter Comercial, e ainda conta com um supermercado da Rede Paulist\u00e3o no piso superior, trazendo todo tipo de facilidade e conforto para qualquer modalidade de consumo.<\/p>\n<p><img loading=\"lazy\" decoding=\"async\" class=\"alignnone wp-image-5167 size-full\" title=\"Rodocenter - Rodovi\u00e1ria de Sorocaba\" src=\"http:\/\/www.encontrasorocaba.com.br\/sobre\/wp-content\/uploads\/rodocenter-sorocaba.jpg\" alt=\"Rodocenter - Rodovi\u00e1ria de Sorocaba\" width=\"680\" height=\"189\" srcset=\"https:\/\/www.encontrasorocaba.com.br\/sobre\/wp-content\/uploads\/rodocenter-sorocaba.jpg 680w, https:\/\/www.encontrasorocaba.com.br\/sobre\/wp-content\/uploads\/rodocenter-sorocaba-300x83.jpg 300w\" sizes=\"auto, (max-width: 680px) 100vw, 680px\" \/><\/p>\n<p>Apesar de dispor de diversos servi\u00e7os aos usu\u00e1rios, a prefeitura do munic\u00edpio est\u00e1 estudando a constru\u00e7\u00e3o de um novo espa\u00e7o, que comporte de forma mais adequada o volume de pessoas que hoje transitam pelo local.<\/p>\n<p>O terminal tamb\u00e9m disp\u00f5e do\u00a0servi\u00e7o do Centro de Triagem, onde a <a href=\"http:\/\/www.encontrasorocaba.com.br\/sobre\/prefeitura-de-sorocaba\/\">Prefeitura de Sorocaba<\/a> mant\u00e9m atendimento para pessoas que precisam de ajuda, encaminhando-as para o albergue do Servi\u00e7o de Obras Sociais (SOS). A perua Kombi do SOS passa na rodovi\u00e1ria para recolher pessoas e as devolve no dia seguinte, \u00e0s 9h30.<\/p>\n<p>A cidade \u00e9 considerada um polo industrial do interior de S\u00e3o Paulo, com mais de 1.400 ind\u00fastrias instaladas e conta tamb\u00e9m com o Parque Tecnol\u00f3gico de Sorocaba (PTS), criado para atrair e acomodar empresas intensivas em tecnologia que possam oferecer servi\u00e7os de apoio t\u00e9cnico e de mercado.<\/p>\n<p>Para os turistas, uma boa dica de passeio \u00e9 o Zool\u00f3gico Municipal Quinzinho de Barros. L\u00e1 vivem cerca de 900 animais de 280 esp\u00e9cies, fazendo com que o local seja considerado um dos maiores da Am\u00e9rica do Sul. Sorocaba tamb\u00e9m tem mais de vinte parques municipais, al\u00e9m da Floresta Nacional de Ipanema, onde \u00e9 poss\u00edvel fazer trilhas.<\/p>\n<p>Al\u00e9m da \u00e1rea verde, a cidade abriga 13 constru\u00e7\u00f5es hist\u00f3ricas do s\u00e9culo 19 tombadas pelo Patrim\u00f4nio Hist\u00f3rico. Um deles \u00e9 o Museu da Estrada de Ferro Sorocabana, que ocupa um pequenino pr\u00e9dio de 1910.<\/p>\n<h2>Rodovi\u00e1ria de Sorocaba Cometa<\/h2>\n<p>A <span style=\"text-decoration: underline;\">Via\u00e7\u00e3o Cometa S.A.<\/span> \u00e9 uma das empresas de \u00f4nibus rodovi\u00e1rios mais tradicionais do Brasil. Por d\u00e9cadas, operou linhas na regi\u00e3o sudeste do Brasil, baseada num modelo norte-americano, inspirando-se na empresa Greyhound Lines. Suas linhas est\u00e3o baseadas de S\u00e3o Paulo para o interior do mesmo estado, al\u00e9m de linhas interestaduais para o Paran\u00e1, como j\u00e1 citado, Rio de Janeiro e Minas Gerais.<\/p>\n<p>A linha mais tradicional, S\u00e3o Paulo-Rio de Janeiro, operada desde 1951, foi transferida em 2002 para a Expresso do Sul, uma empresa semi-coligada do novo grupo controlador da Cometa: Grupo JCA.<\/p>\n<p>A Via\u00e7\u00e3o Cometa tamb\u00e9m oferece viagens que chegam e partem direto da Rodovi\u00e1ria de Sorocaba. O telefone da Via\u00e7\u00e3o Cometa na Rodovi\u00e1ria de Sorocaba \u00e9 (15) 3232-8513.<\/p>\n<h3>Rodovi\u00e1ria de Sorocaba S\u00e3o Jo\u00e3o<\/h3>\n<p>O <em>Grupo S\u00e3o Jo\u00e3o<\/em> oferece linhas de \u00f4nibus que partem da rodovi\u00e1ria de Sorocaba. Os destinos s\u00e3o: Iguape, Ilha Comprida, Juqui\u00e1, Registro e Tapira\u00ed.<em><br \/>\n<\/em><\/p>\n<h3>Passagens e Destinos Rodovi\u00e1ria de Sorocaba<\/h3>\n<p>Abaixo voc\u00ea confere as linhas dispon\u00edveis no\u00a0Terminal Rodovi\u00e1rio de Sorocaba e que podem ser compradas pela internet:<\/p>\n<ul>\n<li><strong>Via\u00e7\u00e3o Cometa<\/strong> &#8211; S\u00e3o Paulo, Belo Horizonte, Santos, S\u00e3o Vicente, Praia Grande, Mongagu\u00e1, Santo Andr\u00e9, S\u00e3o Roque, S\u00e3o Miguel Arcanjo, Itapetininga, Guarulhos e Aeroporto Internacional de Guarulhos (Cumbica &#8211; GRU)<\/li>\n<li><strong>Brasil Sul<\/strong> &#8211;\u00a0Londrina, Arapongas, Toledo, Umuarama.<\/li>\n<li><strong>Penha<\/strong> &#8211;\u00a0Porto Alegre, Campina Grande.<\/li>\n<li><strong>S\u00e3o Geraldo<\/strong> &#8211;\u00a0Garanhuns.<\/li>\n<li><strong>VB Transportes<\/strong> &#8211;\u00a0Campinas, Piracicaba e Jundia\u00ed.<\/li>\n<li><strong>R\u00e1pido Campinas<\/strong> &#8211;\u00a0Tatu\u00ed, Sarapu\u00ed e Botucatu.<\/li>\n<li><strong>Piracicabana<\/strong> &#8211;\u00a0Osasco.<\/li>\n<li><strong>S\u00e3o Jo\u00e3o<\/strong> &#8211;\u00a0Piedade, Pilar do Sul, Jacupiranga, Registro, Iguape, Ilha Comprida.<\/li>\n<li><strong>Elvio<\/strong> &#8211;\u00a0Piedade e Ibi\u00fana.<\/li>\n<li><strong>Calvip<\/strong> &#8211;\u00a0Laranjal Paulista e Conchas.<\/li>\n<li><strong>Nacional Expresso<\/strong> &#8211;\u00a0Uberaba, Uberl\u00e2ndia e Goi\u00e2nia.<\/li>\n<li><strong>Expresso Prata<\/strong> &#8211;\u00a0S\u00e3o Manoel, Bauru, Gar\u00e7a e Mar\u00edlia.<\/li>\n<li><strong>Transpen<\/strong> &#8211;\u00a0Curitiba, Buri, Ponta Grossa, Itarar\u00e9, Itapeva, Apia\u00ed e Ribeira.<\/li>\n<li><strong>Expresso Amerelinho<\/strong> &#8211;\u00a0Itapetininga, Cap\u00e3o Bonito, Itarar\u00e9 e Apia\u00ed.<\/li>\n<li><strong>Via\u00e7\u00e3o Andorinha<\/strong> &#8211;\u00a0Presidente Prudente, Presidente Epit\u00e1cio e Campo Grande.<\/li>\n<li><strong>Tranfada<\/strong> &#8211;\u00a0Ponta Grossa e Curitiba.<\/li>\n<li><strong>Expresso Nordeste<\/strong> &#8211;\u00a0Ponta Grossa.<\/li>\n<li><strong>Via\u00e7\u00e3o Garcia<\/strong> &#8211;\u00a0Londrina, Maring\u00e1, Loanda.<\/li>\n<li><strong>Via\u00e7\u00e3o Manoel Rodrigues<\/strong> &#8211;\u00a0Avar\u00e9, Fartura, Ourinhos.<\/li>\n<li><strong>Pluma<\/strong> &#8211;\u00a0Foz do Igua\u00e7u, Cascavel e Rio de Janeiro.<\/li>\n<li><strong>Kaiowa<\/strong> &#8211;\u00a0Foz do Igua\u00e7u, Cascavel e Rio de Janeiro.<\/li>\n<li><strong>Via\u00e7\u00e3o J\u00f3ia<\/strong> &#8211;\u00a0Tel\u00eamaco Borba, Jaguaria\u00edva, S\u00e3o Jos\u00e9 dos Campos.<\/li>\n<li><strong>Via\u00e7\u00e3o Princesa do Norte<\/strong> &#8211;\u00a0Wenceslau Braz e Santo Ant\u00f4nio da Platina.<\/li>\n<li><strong>Via\u00e7\u00e3o Itapemirim<\/strong> &#8211; Sobral.<\/li>\n<li><strong>S\u00e3o Geraldo<\/strong> &#8211;\u00a0Garanhuns<\/li>\n<li><strong>Penha<\/strong> &#8211;\u00a0Porto Alegre e Campina Grande.<\/li>\n<li><strong>Brasil Sul<\/strong> &#8211;\u00a0Londrina, Arapongas, Toledo e Umuarama<\/li>\n<\/ul>\n<h3>Rodovi\u00e1ria de Sorocaba Hor\u00e1rio de \u00d4nibus e Previs\u00e3o de Chegada<\/h3>\n<p>Para <em>consultar os hor\u00e1rios de \u00f4nibus e a previs\u00e3o de chegada das linhas<\/em>, acesse o site da empresa de \u00f4nibus que voc\u00ea pretende viajar. L\u00e1 \u00e9 poss\u00edvel fazer a consulta atualizada dos hor\u00e1rios, dura\u00e7\u00e3o da viagem e previs\u00e3o de chegada ao destino.<\/p>\n<p>A Rodovi\u00e1ria de Sorocaba \u00e9 muito movimentada, a Prefeitura de Sorocaba estuda a constru\u00e7\u00e3o de uma nova Rodovi\u00e1ria por conta da grande demanda de viagens di\u00e1rias que s\u00f3 tem aumentado nos \u00faltimos anos. Al\u00e9m disso a cidade recebe \u00f4nibus de viagens de v\u00e1rios estados brasileiros, inclusive tem aumentado os destinos pois Sorocaba \u00e9 uma das cidades mais importantes do Brasil e que tem grande procura tanto para quem vem pra c\u00e1, quanto para quem sai da cidade.<\/p>\n<h3>Rodovi\u00e1ria de Sorocaba Pre\u00e7os \u00d4nibus<\/h3>\n<p>Os <em>valores das passagens<\/em> podem ser consultados diretamente no site da companhia que voc\u00ea deseja viajar<\/p>\n<h3>Hor\u00e1rio de Funcionamento Rodocenter em Sorocaba<\/h3>\n<ul>\n<li>Funcionamento 24 horas<\/li>\n<\/ul>\n<h3>Endere\u00e7o e Telefone Rodovi\u00e1ria de Sorocaba Transpen<\/h3>\n<ul>\n<li>Av. Comendador Pereira In\u00e1cio, 100 &#8211; Jardim Vergueiro, Sorocaba &#8211; SP, 18030-005<\/li>\n<li>Telefone: (15) 3231-3056<\/li>\n<\/ul>\n<h4>Mapa de localiza\u00e7\u00e3o<\/h4>\n<a class=\"wp-colorbox-iframe\" href=\"https:\/\/www.google.com\/maps\/embed?pb=!1m14!1m8!1m3!1d14634.881549878171!2d-47.4564547!3d-23.5065788!3m2!1i1024!2i768!4f13.1!3m3!1m2!1s0x00x6de366bd1604f2e3!2sRodo+Center!5e0!3m2!1spt-BR!2sbr!4v1499701556600\"><img decoding=\"async\" src=\"http:\/\/www.encontrasorocaba.com.br\/imgs\/maps-post.png\"><\/a>\n\n<div style=\"font-size: 0px; height: 0px; line-height: 0px; margin: 0; padding: 0; clear: both;\"><\/div>","protected":false},"excerpt":{"rendered":"<p>Localizada na zona sul da cidade, a Rodovi\u00e1ria de Sorocaba oferece aos seus passageiros mais de 100 rotas, entre elas municipais e intermunicipais e estaduais. Conhecido como Rodocenter, o terminal foi inaugurado em 1973 e conta com 23 companhias de \u00f4nibus, atendendo mais de 250 cidades no Brasil. A rodovi\u00e1ria possui uma galeria comercial pr\u00f3pria, a Rodocenter Comercial, e ainda conta com um supermercado da Rede Paulist\u00e3o no piso superior, trazendo todo tipo de facilidade e conforto para qualquer modalidade de consumo. Apesar de dispor de diversos servi\u00e7os aos usu\u00e1rios, a prefeitura do munic\u00edpio est\u00e1 estudando a constru\u00e7\u00e3o de um <\/p>\n","protected":false},"author":1,"featured_media":0,"parent":0,"menu_order":0,"comment_status":"closed","ping_status":"closed","template":"","meta":{"footnotes":""},"class_list":["post-5166","page","type-page","status-publish","hentry"],"_links":{"self":[{"href":"https:\/\/www.encontrasorocaba.com.br\/sobre\/wp-json\/wp\/v2\/pages\/5166","targetHints":{"allow":["GET"]}}],"collection":[{"href":"https:\/\/www.encontrasorocaba.com.br\/sobre\/wp-json\/wp\/v2\/pages"}],"about":[{"href":"https:\/\/www.encontrasorocaba.com.br\/sobre\/wp-json\/wp\/v2\/types\/page"}],"author":[{"embeddable":true,"href":"https:\/\/www.encontrasorocaba.com.br\/sobre\/wp-json\/wp\/v2\/users\/1"}],"replies":[{"embeddable":true,"href":"https:\/\/www.encontrasorocaba.com.br\/sobre\/wp-json\/wp\/v2\/comments?post=5166"}],"version-history":[{"count":0,"href":"https:\/\/www.encontrasorocaba.com.br\/sobre\/wp-json\/wp\/v2\/pages\/5166\/revisions"}],"wp:attachment":[{"href":"https:\/\/www.encontrasorocaba.com.br\/sobre\/wp-json\/wp\/v2\/media?parent=5166"}],"curies":[{"name":"wp","href":"https:\/\/api.w.org\/{rel}","templated":true}]}}