{"id":4868,"date":"2017-06-29T15:06:32","date_gmt":"2017-06-29T15:06:32","guid":{"rendered":"http:\/\/www.encontrasorocaba.com.br\/sobre\/?page_id=4868"},"modified":"2019-05-15T19:34:41","modified_gmt":"2019-05-15T19:34:41","slug":"receita-federal-sorocaba","status":"publish","type":"page","link":"https:\/\/www.encontrasorocaba.com.br\/sobre\/receita-federal-sorocaba\/","title":{"rendered":"Receita Federal Sorocaba"},"content":{"rendered":"<div class=\"bf54deaa11a4587a41abacdf5428af85\" data-index=\"1\" style=\"float: none; margin:0px;\">\n<!-- Anuncio display - global -->\r\n<ins class=\"adsbygoogle\"\r\n     style=\"display:block\"\r\n     data-ad-client=\"ca-pub-8585364105181520\"\r\n     data-ad-slot=\"8789329856\"\r\n     data-ad-format=\"auto\"\r\n     data-full-width-responsive=\"true\"><\/ins>\r\n<script>\r\n     (adsbygoogle = window.adsbygoogle || []).push({});\r\n<\/script>\n<\/div>\n<p>A Receita Federal do Brasil possui uma unidade em Sorocaba, onde tamb\u00e9m funciona a Delegacia da Receita Federal de Sorocaba e o atendimento integrado ao PGFN (Procuradoria Geral da Fazenda Nacional).<\/p>\n<p>A unidade da <strong>Receita Federal de Sorocaba<\/strong> atende Pessoas F\u00edsicas (CPF) e tamb\u00e9m as empresas (Pessoa Jur\u00eddica &#8211; CNPJ). S\u00e3o v\u00e1rios servi\u00e7os oferecidos pelo atendimento do \u00f3rg\u00e3o na unidade da regi\u00e3o.<\/p>\n<p><img loading=\"lazy\" decoding=\"async\" class=\"alignnone wp-image-4869 size-full\" title=\"Receita Federal Sorocaba\" src=\"http:\/\/www.encontrasorocaba.com.br\/sobre\/wp-content\/uploads\/receita-federal-sorocaba.jpg\" alt=\"Receita Federal Sorocaba\" width=\"680\" height=\"189\" srcset=\"https:\/\/www.encontrasorocaba.com.br\/sobre\/wp-content\/uploads\/receita-federal-sorocaba.jpg 680w, https:\/\/www.encontrasorocaba.com.br\/sobre\/wp-content\/uploads\/receita-federal-sorocaba-300x83.jpg 300w\" sizes=\"auto, (max-width: 680px) 100vw, 680px\" \/><\/p>\n<p>A RFB \u00e9 respons\u00e1vel por v\u00e1rios servi\u00e7os e fiscaliza\u00e7\u00f5es, dentre suas responsabilidades est\u00e3o: administra\u00e7\u00e3o de tributos federais, impostos, controle aduaneiro e combate a v\u00e1rios crimes como: pirataria, contrabando, sonega\u00e7\u00e3o de impostos, tr\u00e1fico de drogas ou animais, dentre outras responsabilidades.<em><br \/>\n<\/em><\/p>\n<h2>Receita Federal Sorocaba Agendamento<\/h2>\n<div id=\"a9ff172411e2475595abfad5ee2fe106\" class=\"tile tile-default\" data-tile=\"@@collective.cover.richtext\/a9ff172411e2475595abfad5ee2fe106\">\n<div class=\"cover-richtext-tile tile-content\">\n<div align=\"left\">\n<p style=\"text-align: justify;\" align=\"justify\">Para que voc\u00ea n\u00e3o precise se deslocar at\u00e9 uma unidade de atendimento, a <em>Receita Federal<\/em> oferece dezenas de servi\u00e7os via internet.<strong>\u00a0<\/strong><a class=\"internal-link\" title=\"\" href=\"http:\/\/idg.receita.fazenda.gov.br\/interface\/lista-de-servicos\" target=\"_blank\" rel=\"noopener noreferrer\">Clique aqui para conhec\u00ea-los<\/a><\/p>\n<ol>\n<li style=\"text-align: justify;\">N\u00e3o ser\u00e3o executados servi\u00e7os diferentes daqueles inclu\u00eddos na senha agendada. Caso esteja em d\u00favida sobre o servi\u00e7o, clique nos detalhes para ver sua descri\u00e7\u00e3o. Alguns deles s\u00f3 ser\u00e3o atendidos em unidades localizadas na jurisdi\u00e7\u00e3o do domic\u00edlio fiscal do contribuinte. Os servi\u00e7os da Procuradoria da Fazenda Nacional est\u00e3o relacionados no grupo da D\u00edvida Ativa da Uni\u00e3o.<\/li>\n<li style=\"text-align: justify;\">N\u00e3o ser\u00e3o aceitos como documentos de identidade: certid\u00f5es de nascimento ou casamento, CPF, t\u00edtulos eleitorais, carteiras de motorista (modelo sem foto ou com o per\u00edodo de validade vencido), carteiras de estudante, carteiras funcionais sem valor de identidade,\u00a0documentos ileg\u00edveis, n\u00e3o identific\u00e1veis e\/ou danificados.<\/li>\n<\/ol>\n<p>Tamb\u00e9m \u00e9 poss\u00edvel realizar seu agendamento entrando em contato com o Receitafone atrav\u00e9s do telefone 146 ou +55 (11) 3003-0146 para chamadas do exterior.<\/p>\n<\/div>\n<\/div>\n<\/div>\n<h3>Receita Federal Sorocaba CPF<\/h3>\n<p>Atrav\u00e9s deste servi\u00e7o da <strong>Receita Federal Sorocaba<\/strong> \u00e9 poss\u00edvel:<\/p>\n<ul>\n<li>Regularizar Cadastro de CPF<\/li>\n<li>Alterar Cadastro de CPF<\/li>\n<li>Segunda Via de CPF<\/li>\n<li>CPF no Celular<\/li>\n<\/ul>\n<p>Para consultar e realizar um destes procedimentos de <a href=\"https:\/\/idg.receita.fazenda.gov.br\/orientacao\/tributaria\/cadastros\/cadastro-de-pessoas-fisicas-cpf\" target=\"_blank\" rel=\"noopener noreferrer\">CPF da Receita Federal de Sorocaba \u00bb clique aqui<\/a><\/p>\n<h3>Hor\u00e1rio de Atendimento Receita Federal em Sorocaba<\/h3>\n<ul>\n<li>De segunda a sexta-feira das 07hrs \u00e0s 19hrs<\/li>\n<\/ul>\n<h3>Endere\u00e7o e Telefone Receita Federal de Sorocaba<\/h3>\n<ul>\n<li>Rua Professor Dirceu Ferreira da Silva, 111 &#8211; Alto da Boa Vista &#8211; Sorocaba &#8211; SP<\/li>\n<li>Telefone: (15) 4009-4500<\/li>\n<\/ul>\n<h4>Outras informa\u00e7\u00f5es e site<\/h4>\n<ul>\n<li>Mais informa\u00e7\u00f5es: <a href=\"http:\/\/idg.receita.fazenda.gov.br\" target=\"_blank\" rel=\"noopener noreferrer\">www.idg.receita.fazenda.gov.br<\/a><\/li>\n<\/ul>\n<h4>Mapa de localiza\u00e7\u00e3o<\/h4>\n<a class=\"wp-colorbox-iframe\" href=\"https:\/\/www.google.com\/maps\/embed?pb=!1m14!1m8!1m3!1d14637.586177089604!2d-47.4229279!3d-23.4822223!3m2!1i1024!2i768!4f13.1!3m3!1m2!1s0x00x954c1651496ccf42!2sMinistrio+da+Fazenda+-+Delegacia+da+Receita+Federal!5e0!3m2!1spt-BR!2sbr!4v1498748040674\"><img decoding=\"async\" src=\"http:\/\/www.encontrasorocaba.com.br\/imgs\/maps-post.png\"><\/a>\n\n<div style=\"font-size: 0px; height: 0px; line-height: 0px; margin: 0; padding: 0; clear: both;\"><\/div>","protected":false},"excerpt":{"rendered":"<p>A Receita Federal do Brasil possui uma unidade em Sorocaba, onde tamb\u00e9m funciona a Delegacia da Receita Federal de Sorocaba e o atendimento integrado ao PGFN (Procuradoria Geral da Fazenda Nacional). A unidade da Receita Federal de Sorocaba atende Pessoas F\u00edsicas (CPF) e tamb\u00e9m as empresas (Pessoa Jur\u00eddica &#8211; CNPJ). S\u00e3o v\u00e1rios servi\u00e7os oferecidos pelo atendimento do \u00f3rg\u00e3o na unidade da regi\u00e3o. A RFB \u00e9 respons\u00e1vel por v\u00e1rios servi\u00e7os e fiscaliza\u00e7\u00f5es, dentre suas responsabilidades est\u00e3o: administra\u00e7\u00e3o de tributos federais, impostos, controle aduaneiro e combate a v\u00e1rios crimes como: pirataria, contrabando, sonega\u00e7\u00e3o de impostos, tr\u00e1fico de drogas ou animais, dentre outras <\/p>\n","protected":false},"author":1,"featured_media":0,"parent":0,"menu_order":0,"comment_status":"closed","ping_status":"closed","template":"","meta":{"footnotes":""},"class_list":["post-4868","page","type-page","status-publish","hentry"],"_links":{"self":[{"href":"https:\/\/www.encontrasorocaba.com.br\/sobre\/wp-json\/wp\/v2\/pages\/4868","targetHints":{"allow":["GET"]}}],"collection":[{"href":"https:\/\/www.encontrasorocaba.com.br\/sobre\/wp-json\/wp\/v2\/pages"}],"about":[{"href":"https:\/\/www.encontrasorocaba.com.br\/sobre\/wp-json\/wp\/v2\/types\/page"}],"author":[{"embeddable":true,"href":"https:\/\/www.encontrasorocaba.com.br\/sobre\/wp-json\/wp\/v2\/users\/1"}],"replies":[{"embeddable":true,"href":"https:\/\/www.encontrasorocaba.com.br\/sobre\/wp-json\/wp\/v2\/comments?post=4868"}],"version-history":[{"count":0,"href":"https:\/\/www.encontrasorocaba.com.br\/sobre\/wp-json\/wp\/v2\/pages\/4868\/revisions"}],"wp:attachment":[{"href":"https:\/\/www.encontrasorocaba.com.br\/sobre\/wp-json\/wp\/v2\/media?parent=4868"}],"curies":[{"name":"wp","href":"https:\/\/api.w.org\/{rel}","templated":true}]}}