{"id":4830,"date":"2017-06-28T23:10:46","date_gmt":"2017-06-28T23:10:46","guid":{"rendered":"http:\/\/www.encontrasorocaba.com.br\/sobre\/?page_id=4830"},"modified":"2019-05-15T19:34:40","modified_gmt":"2019-05-15T19:34:40","slug":"jucesp-sorocaba","status":"publish","type":"page","link":"https:\/\/www.encontrasorocaba.com.br\/sobre\/jucesp-sorocaba\/","title":{"rendered":"Jucesp Sorocaba"},"content":{"rendered":"<div class=\"bf54deaa11a4587a41abacdf5428af85\" data-index=\"1\" style=\"float: none; margin:0px;\">\n<!-- Anuncio display - global -->\r\n<ins class=\"adsbygoogle\"\r\n     style=\"display:block\"\r\n     data-ad-client=\"ca-pub-8585364105181520\"\r\n     data-ad-slot=\"8789329856\"\r\n     data-ad-format=\"auto\"\r\n     data-full-width-responsive=\"true\"><\/ins>\r\n<script>\r\n     (adsbygoogle = window.adsbygoogle || []).push({});\r\n<\/script>\n<\/div>\n<p>A <em>Junta Comercial do Estado de S\u00e3o Paulo &#8211; JUCESP<\/em> \u00e9 uma entidade vinculada \u00e0 Secretaria de Desenvolvimento Econ\u00f4mico, Ci\u00eancia, Tecnologia e Inova\u00e7\u00e3o, subordinada administrativamente ao Governo do Estado de S\u00e3o Paulo e tecnicamente ao Departamento de Registro Empresarial e Integra\u00e7\u00e3o &#8211; DREI, que \u00e9 um \u00f3rg\u00e3o integrante da Secretaria da Micro e Pequena Empresa.<\/p>\n<p>A <strong>Jucesp Sorocaba<\/strong> atende os empres\u00e1rios e micro empres\u00e1rios da regi\u00e3o.<\/p>\n<p><img loading=\"lazy\" decoding=\"async\" class=\"alignnone wp-image-4831 size-full\" title=\"Jucesp Sorocaba\" src=\"http:\/\/www.encontrasorocaba.com.br\/sobre\/wp-content\/uploads\/jusesp-sorocaba.jpg\" alt=\"Jucesp Sorocaba\" width=\"680\" height=\"189\" srcset=\"https:\/\/www.encontrasorocaba.com.br\/sobre\/wp-content\/uploads\/jusesp-sorocaba.jpg 680w, https:\/\/www.encontrasorocaba.com.br\/sobre\/wp-content\/uploads\/jusesp-sorocaba-300x83.jpg 300w\" sizes=\"auto, (max-width: 680px) 100vw, 680px\" \/><\/p>\n<p>Tem ainda como principais atribui\u00e7\u00f5es processar a habilita\u00e7\u00e3o e a nomea\u00e7\u00e3o dos tradutores p\u00fablicos e int\u00e9rpretes comerciais, al\u00e9m da matr\u00edcula e fiscaliza\u00e7\u00e3o de leiloeiros e armaz\u00e9ns gerais. As atribui\u00e7\u00f5es da <em>Jucesp<\/em> est\u00e3o estabelecidas na Lei Complementar Estadual n\u00b0 1.187\/2012 e na Lei Federal n\u00b0 8.934\/1994, que disp\u00f5e sobre os Servi\u00e7os de Registro P\u00fablico de Empresas Mercantis e Atividades Afins. No ranking do Sistema Nacional de Registro Mercantil, a Jucesp ocupa a primeira posi\u00e7\u00e3o, respondendo por 42% de toda a demanda nacional.<\/p>\n<p>Subordinada tecnicamente ao Departamento Nacional de Registro do Com\u00e9rcio (DNRC), ligado ao Minist\u00e9rio de Desenvolvimento, Ind\u00fastria e Com\u00e9rcio Exterior, a Jucesp \u00e9 um \u00f3rg\u00e3o estadual, que, em janeiro de 2011, passou a integrar a estrutura da Secretaria de Desenvolvimento Econ\u00f4mico, Ci\u00eancia e Tecnologia, com o objetivo de alinhar seu trabalho \u00e0s pol\u00edticas p\u00fablicas de desenvolvimento econ\u00f4mico, desburocratiza\u00e7\u00e3o e incentivo ao empreendedorismo.<\/p>\n<p>Com a san\u00e7\u00e3o da Lei Complementar Estadual n\u00b0 1.187\/2012, aprovada por unanimidade pela Assembleia Legislativa, a Jucesp foi transformada em autarquia especial, prevendo a sua nova estrutura org\u00e2nica, funcional e administrativa, com o intuito de permitir a execu\u00e7\u00e3o dos processos de registro e de legaliza\u00e7\u00e3o de forma virtual, segura, \u00e1gil e integrada com a Rede Nacional para a Simplifica\u00e7\u00e3o do Registro e da Legaliza\u00e7\u00e3o de Empresas e Neg\u00f3cios (Redesim).<\/p>\n<h2>Jucesp Sorocaba Taxas e Pre\u00e7os<\/h2>\n<p>A Jucesp Sorocaba como em todo o Estado de S\u00e3o Paulo tamb\u00e9m conta com pre\u00e7os e taxas fixas para diversos servi\u00e7os.<\/p>\n<p>Para consultar as <a href=\"http:\/\/jucespsorocaba.com.br\/precos\/\" target=\"_blank\" rel=\"noopener noreferrer\">taxas e pre\u00e7os da Jucesp de Sorocaba clique aqui<\/a> <em><br \/>\n<\/em><\/p>\n<h3>Jucesp Sorocaba Via R\u00e1pida<\/h3>\n<p>No site da <em>Via R\u00e1pida<\/em> um \u00f3rg\u00e3o da Secretaria de Desenvolvimento Econ\u00f4mico, Ci\u00eancia, Tecnologia e Inova\u00e7\u00e3o \u00e9 poss\u00edvel realizar consultas e licenciamentos.<em><br \/>\n<\/em><\/p>\n<h3>Hor\u00e1rio de Funcionamento Jucesp em Sorocaba<\/h3>\n<ul>\n<li>De Segunda a Sexta-feira das 08:00 \u00e0s 16:30hrs<\/li>\n<\/ul>\n<h3>Endere\u00e7o e Telefone Jucesp em Sorocaba<\/h3>\n<ul>\n<li>R. Ces\u00e1rio Mota, 463 &#8211; Centro &#8211; Sorocaba &#8211; SP &#8211; CEP: 18035-200<\/li>\n<li>Telefone: \u00a0(15) 2101-6363<\/li>\n<\/ul>\n<h4>Outras informa\u00e7\u00f5es: Site e E-mail<\/h4>\n<ul>\n<li>Mais informa\u00e7\u00f5es: <a href=\"http:\/\/www.jucespsorocaba.com.br\" target=\"_blank\" rel=\"noopener noreferrer\">www.jucespsorocaba.com.br<\/a><\/li>\n<li>E-mail: jucesp@jucespsorocaba.com.br<\/li>\n<\/ul>\n<h4>Mapa de localiza\u00e7\u00e3o<\/h4>\n<a class=\"wp-colorbox-iframe\" href=\"https:\/\/www.google.com\/maps\/embed?pb=!1m14!1m8!1m3!1d14635.151092956548!2d-47.4638979!3d-23.5041525!3m2!1i1024!2i768!4f13.1!3m3!1m2!1s0x00x7c0e38b8632b1a82!2sJucesp+Escritrio+Regional+Sorocaba!5e0!3m2!1spt-BR!2sbr!4v1498690982911\"><img decoding=\"async\" src=\"http:\/\/www.encontrasorocaba.com.br\/imgs\/maps-post.png\"><\/a>\n\n<div style=\"font-size: 0px; height: 0px; line-height: 0px; margin: 0; padding: 0; clear: both;\"><\/div>","protected":false},"excerpt":{"rendered":"<p>A Junta Comercial do Estado de S\u00e3o Paulo &#8211; JUCESP \u00e9 uma entidade vinculada \u00e0 Secretaria de Desenvolvimento Econ\u00f4mico, Ci\u00eancia, Tecnologia e Inova\u00e7\u00e3o, subordinada administrativamente ao Governo do Estado de S\u00e3o Paulo e tecnicamente ao Departamento de Registro Empresarial e Integra\u00e7\u00e3o &#8211; DREI, que \u00e9 um \u00f3rg\u00e3o integrante da Secretaria da Micro e Pequena Empresa. A Jucesp Sorocaba atende os empres\u00e1rios e micro empres\u00e1rios da regi\u00e3o. Tem ainda como principais atribui\u00e7\u00f5es processar a habilita\u00e7\u00e3o e a nomea\u00e7\u00e3o dos tradutores p\u00fablicos e int\u00e9rpretes comerciais, al\u00e9m da matr\u00edcula e fiscaliza\u00e7\u00e3o de leiloeiros e armaz\u00e9ns gerais. As atribui\u00e7\u00f5es da Jucesp est\u00e3o estabelecidas na <\/p>\n","protected":false},"author":1,"featured_media":0,"parent":0,"menu_order":0,"comment_status":"closed","ping_status":"closed","template":"","meta":{"footnotes":""},"class_list":["post-4830","page","type-page","status-publish","hentry"],"_links":{"self":[{"href":"https:\/\/www.encontrasorocaba.com.br\/sobre\/wp-json\/wp\/v2\/pages\/4830","targetHints":{"allow":["GET"]}}],"collection":[{"href":"https:\/\/www.encontrasorocaba.com.br\/sobre\/wp-json\/wp\/v2\/pages"}],"about":[{"href":"https:\/\/www.encontrasorocaba.com.br\/sobre\/wp-json\/wp\/v2\/types\/page"}],"author":[{"embeddable":true,"href":"https:\/\/www.encontrasorocaba.com.br\/sobre\/wp-json\/wp\/v2\/users\/1"}],"replies":[{"embeddable":true,"href":"https:\/\/www.encontrasorocaba.com.br\/sobre\/wp-json\/wp\/v2\/comments?post=4830"}],"version-history":[{"count":0,"href":"https:\/\/www.encontrasorocaba.com.br\/sobre\/wp-json\/wp\/v2\/pages\/4830\/revisions"}],"wp:attachment":[{"href":"https:\/\/www.encontrasorocaba.com.br\/sobre\/wp-json\/wp\/v2\/media?parent=4830"}],"curies":[{"name":"wp","href":"https:\/\/api.w.org\/{rel}","templated":true}]}}