{"id":4822,"date":"2017-06-28T22:29:18","date_gmt":"2017-06-28T22:29:18","guid":{"rendered":"http:\/\/www.encontrasorocaba.com.br\/sobre\/?page_id=4822"},"modified":"2019-05-15T19:34:40","modified_gmt":"2019-05-15T19:34:40","slug":"oab-sorocaba-ordem-dos-advogados-do-brasil","status":"publish","type":"page","link":"https:\/\/www.encontrasorocaba.com.br\/sobre\/oab-sorocaba-ordem-dos-advogados-do-brasil\/","title":{"rendered":"OAB Sorocaba &#8211; Ordem Advogados Brasil"},"content":{"rendered":"<div class=\"bf54deaa11a4587a41abacdf5428af85\" data-index=\"1\" style=\"float: none; margin:0px;\">\n<!-- Anuncio display - global -->\r\n<ins class=\"adsbygoogle\"\r\n     style=\"display:block\"\r\n     data-ad-client=\"ca-pub-8585364105181520\"\r\n     data-ad-slot=\"8789329856\"\r\n     data-ad-format=\"auto\"\r\n     data-full-width-responsive=\"true\"><\/ins>\r\n<script>\r\n     (adsbygoogle = window.adsbygoogle || []).push({});\r\n<\/script>\n<\/div>\n<p>A sigla OAB significa <em>Ordem dos Advogados do Brasil<\/em>. A Ordem dos Advogados \u00e9 o \u00f3rg\u00e3o m\u00e1ximo que define as regras para o exerc\u00edcio profissional da advocacia no Brasil.<\/p>\n<p>A cria\u00e7\u00e3o da Ordem dos Advogados do Brasil aconteceu ap\u00f3s a Revolu\u00e7\u00e3o de 1930, durante o Governo Provis\u00f3rio. A <strong>OAB Sorocaba<\/strong> visa atender os moradores e advogados da regi\u00e3o.<\/p>\n<p><img loading=\"lazy\" decoding=\"async\" class=\"alignnone wp-image-4823 size-full\" title=\"OAB Sorocaba \" src=\"http:\/\/www.encontrasorocaba.com.br\/sobre\/wp-content\/uploads\/oab-sorocaba-sp.jpg\" alt=\"OAB Sorocaba \" width=\"680\" height=\"189\" srcset=\"https:\/\/www.encontrasorocaba.com.br\/sobre\/wp-content\/uploads\/oab-sorocaba-sp.jpg 680w, https:\/\/www.encontrasorocaba.com.br\/sobre\/wp-content\/uploads\/oab-sorocaba-sp-300x83.jpg 300w\" sizes=\"auto, (max-width: 680px) 100vw, 680px\" \/><\/p>\n<h2>OAB Sorocaba Semin\u00e1rios<\/h2>\n<p>A <strong>OAB de Sorocaba<\/strong> organiza diversos semin\u00e1rios e palestras na cidade. Para acompanhar a programa\u00e7\u00e3o e agenda voc\u00ea pode <a href=\"http:\/\/www.oabsorocaba.org.br\/seminario\/\" target=\"_blank\" rel=\"noopener noreferrer\">acessar o site da OAB Sorocaba<\/a>.<\/p>\n<h3>OAB Sorocaba Advogados Inscritos<\/h3>\n<p>A <em>OAB Sorocaba<\/em> deixa aberto ao p\u00fablico seu cadastro com dados de mais de 210 mil advogados, para consulta atrav\u00e9s do site <a href=\"http:\/\/www2.oabsp.org.br\/asp\/consultaInscritos\/consulta01.asp\" target=\"_blank\" rel=\"noopener noreferrer\">http:\/\/www2.oabsp.org.br\/consultaInscritos<\/a><\/p>\n<p>As informa\u00e7\u00f5es do cadastro cont\u00e9m seis dados b\u00e1sicos: nome, n\u00famero, data e tipo de inscri\u00e7\u00e3o (definitiva, estagi\u00e1rio, suplementar de outro Estado, provis\u00f3ria ou conselheiro estrangeiro), Estado de origem e situa\u00e7\u00e3o (se o advogado est\u00e1 ativo). O cadastro tamb\u00e9m inclui a foto do advogado.<\/p>\n<p>O teor da consulta \u00e9 meramente informativo, n\u00e3o valendo como certid\u00e3o. Caso seja constatada qualquer diverg\u00eancia de dados, a OAB solicita a gentileza de entrar em contato com o seu Departamento de Cadastro (cadastro@oabsp.org.br), ou atrav\u00e9s do telefone (11) 3291-3777.<em><br \/>\n<\/em><\/p>\n<h3>Hor\u00e1rio de Funcionamento OAB em Sorocaba<\/h3>\n<ul>\n<li>De Segunda a Sexta-feira das 09 \u00e0s 18hrs<\/li>\n<\/ul>\n<h3>Endere\u00e7o e Telefone OAB em Sorocaba<\/h3>\n<ul>\n<li>Av. Tr\u00eas de Mar\u00e7o, 495 &#8211; Alto da Boa Vista, Sorocaba &#8211; SP &#8211; CEP: 18087-180<\/li>\n<li>Telefone: (15) 3228-1134 \/ 3228-3214 \/ 3228-6656<\/li>\n<\/ul>\n<h4>Outras informa\u00e7\u00f5es: Site e e-mail<\/h4>\n<ul>\n<li>Mais informa\u00e7\u00f5es: <a href=\"http:\/\/www.oabsorocaba.org.br\" target=\"_blank\" rel=\"noopener noreferrer\">www.oabsorocaba.org.br<\/a><\/li>\n<li>E-mail: sorocaba@oabsp.org.br<\/li>\n<\/ul>\n<h4>Mapa de localiza\u00e7\u00e3o:<\/h4>\n<a class=\"wp-colorbox-iframe\" href=\"https:\/\/www.google.com\/maps\/embed?pb=!1m14!1m8!1m3!1d14637.848709203618!2d-47.4177244!3d-23.4798568!3m2!1i1024!2i768!4f13.1!3m3!1m2!1s0x00x4d3eaa287a91f3ff!2sOAB!5e0!3m2!1spt-BR!2sbr!4v1498688543581\"><img decoding=\"async\" src=\"http:\/\/www.encontrasorocaba.com.br\/imgs\/maps-post.png\"><\/a>\n\n<div style=\"font-size: 0px; height: 0px; line-height: 0px; margin: 0; padding: 0; clear: both;\"><\/div>","protected":false},"excerpt":{"rendered":"<p>A sigla OAB significa Ordem dos Advogados do Brasil. A Ordem dos Advogados \u00e9 o \u00f3rg\u00e3o m\u00e1ximo que define as regras para o exerc\u00edcio profissional da advocacia no Brasil. A cria\u00e7\u00e3o da Ordem dos Advogados do Brasil aconteceu ap\u00f3s a Revolu\u00e7\u00e3o de 1930, durante o Governo Provis\u00f3rio. A OAB Sorocaba visa atender os moradores e advogados da regi\u00e3o. OAB Sorocaba Semin\u00e1rios A OAB de Sorocaba organiza diversos semin\u00e1rios e palestras na cidade. Para acompanhar a programa\u00e7\u00e3o e agenda voc\u00ea pode acessar o site da OAB Sorocaba. OAB Sorocaba Advogados Inscritos A OAB Sorocaba deixa aberto ao p\u00fablico seu cadastro com <\/p>\n","protected":false},"author":1,"featured_media":0,"parent":0,"menu_order":0,"comment_status":"closed","ping_status":"closed","template":"","meta":{"footnotes":""},"class_list":["post-4822","page","type-page","status-publish","hentry"],"_links":{"self":[{"href":"https:\/\/www.encontrasorocaba.com.br\/sobre\/wp-json\/wp\/v2\/pages\/4822","targetHints":{"allow":["GET"]}}],"collection":[{"href":"https:\/\/www.encontrasorocaba.com.br\/sobre\/wp-json\/wp\/v2\/pages"}],"about":[{"href":"https:\/\/www.encontrasorocaba.com.br\/sobre\/wp-json\/wp\/v2\/types\/page"}],"author":[{"embeddable":true,"href":"https:\/\/www.encontrasorocaba.com.br\/sobre\/wp-json\/wp\/v2\/users\/1"}],"replies":[{"embeddable":true,"href":"https:\/\/www.encontrasorocaba.com.br\/sobre\/wp-json\/wp\/v2\/comments?post=4822"}],"version-history":[{"count":0,"href":"https:\/\/www.encontrasorocaba.com.br\/sobre\/wp-json\/wp\/v2\/pages\/4822\/revisions"}],"wp:attachment":[{"href":"https:\/\/www.encontrasorocaba.com.br\/sobre\/wp-json\/wp\/v2\/media?parent=4822"}],"curies":[{"name":"wp","href":"https:\/\/api.w.org\/{rel}","templated":true}]}}