{"id":4814,"date":"2017-06-28T22:01:49","date_gmt":"2017-06-28T22:01:49","guid":{"rendered":"http:\/\/www.encontrasorocaba.com.br\/sobre\/?page_id=4814"},"modified":"2017-07-11T14:27:56","modified_gmt":"2017-07-11T14:27:56","slug":"uniesp-sorocaba","status":"publish","type":"page","link":"https:\/\/www.encontrasorocaba.com.br\/sobre\/uniesp-sorocaba\/","title":{"rendered":"Uniesp Sorocaba"},"content":{"rendered":"<div class=\"bf54deaa11a4587a41abacdf5428af85\" data-index=\"1\" style=\"float: none; margin:0px;\">\n<!-- Anuncio display - global -->\r\n<ins class=\"adsbygoogle\"\r\n     style=\"display:block\"\r\n     data-ad-client=\"ca-pub-8585364105181520\"\r\n     data-ad-slot=\"8789329856\"\r\n     data-ad-format=\"auto\"\r\n     data-full-width-responsive=\"true\"><\/ins>\r\n<script>\r\n     (adsbygoogle = window.adsbygoogle || []).push({});\r\n<\/script>\n<\/div>\n<p>A <strong>Faculdade de Sorocaba<\/strong> foi fundada no ano de 2005, mediante autoriza\u00e7\u00e3o do Minist\u00e9rio da Educa\u00e7\u00e3o (MEC), por meio da Portaria n\u00ba. 3910, oferecendo o curso de Administra\u00e7\u00e3o e tendo como mantenedora a Sociedade Educacional Vieira C\u00e9sar Almeida.<\/p>\n<p>Em a 2007 passou a ser gerenciada pela <strong>UNIESP \u2013 Uni\u00e3o das Institui\u00e7\u00f5es Educacionais do Estado de S\u00e3o Paulo<\/strong>.<\/p>\n<p><img loading=\"lazy\" decoding=\"async\" class=\"alignnone wp-image-4815 size-full\" title=\"Uniesp Sorocaba\" src=\"http:\/\/www.encontrasorocaba.com.br\/sobre\/wp-content\/uploads\/uniesp-sorocaba.jpg\" alt=\"Uniesp Sorocaba\" width=\"680\" height=\"189\" srcset=\"https:\/\/www.encontrasorocaba.com.br\/sobre\/wp-content\/uploads\/uniesp-sorocaba.jpg 680w, https:\/\/www.encontrasorocaba.com.br\/sobre\/wp-content\/uploads\/uniesp-sorocaba-300x83.jpg 300w\" sizes=\"auto, (max-width: 680px) 100vw, 680px\" \/><\/p>\n<p>A <em>UNIESP Sorocaba<\/em> tem como meta possibilitar a educa\u00e7\u00e3o para todos, ou seja, fazer com que aqueles que ainda n\u00e3o tiveram a oportunidade de cursar uma faculdade devido a dificuldades financeiras possam realizar este sonho.<em><br \/>\n<\/em><\/p>\n<p>Consolidada numa base human\u00edstica e social, a UNIESP preza pela educa\u00e7\u00e3o solid\u00e1ria, sendo assim, mant\u00e9m conv\u00eanios com empresas, sindicatos, \u00f3rg\u00e3os p\u00fablicos e entidades assistenciais, que oferecem concess\u00e3o de bolsas de estudos aos conveniados. Em contrapartida incentiva as institui\u00e7\u00f5es a participarem de projetos sociais promovendo a responsabilidade social, por meio de atividades volunt\u00e1rias de seus colaboradores.<\/p>\n<h2>Uniesp Sorocaba Cursos<\/h2>\n<p>A <strong>Uniesp Sorocaba &#8211; SP<\/strong> oferece cursos de Administra\u00e7\u00e3o, Ci\u00eancias Cont\u00e1beis e Pedagogia.<\/p>\n<h3>Uniesp \u00e9 p\u00fablica?<\/h3>\n<p>A UNIESP Solid\u00e1ria, institui\u00e7\u00e3o filantr\u00f3pica constitu\u00edda em 1999 e de cunho social e educacional, \u00e9 consciente de que o fator embrion\u00e1rio da pobreza, da exclus\u00e3o social e da criminalidade encontra-se na falta ou na escassez da Educa\u00e7\u00e3o, \u00fanico meio de evolu\u00e7\u00e3o intelectual, social, cultural e social do indiv\u00edduo, do cidad\u00e3o e do profissional que coabita o ser humano.<\/p>\n<p>Com a miss\u00e3o de oferecer Ensino Superior de qualidade a todas as classes sociais, principalmente \u00e0s classes populares, a institui\u00e7\u00e3o promove a inclus\u00e3o por interm\u00e9dio da oferta de programas de bolsas resultantes de Projetos Sociais pr\u00f3prios e de parcerias com empresas, \u00f3rg\u00e3os p\u00fablicos, organiza\u00e7\u00f5es e com os Governos Federal, Estadual e Municipal. H\u00e1 anos, a UNIESP Solid\u00e1ria vem realizando o sonho de muitas pessoas de cursar uma faculdade e mudar a sua vida e a de sua comunidade.<em><br \/>\n<\/em><\/p>\n<h3>Vagas Uniesp Sorocaba &#8211; Trabalhe Conosco<\/h3>\n<p>O Grupo UNIESP que tem como miss\u00e3o &#8220;Praticar a Educa\u00e7\u00e3o Solid\u00e1ria, possibilitando o acesso de todos ao Ensino Superior de qualidade e participando, ativamente, de projetos sociais educacionais e culturais dos setores p\u00fablico e privado, com uma atua\u00e7\u00e3o voltada ao desenvolvimento sustent\u00e1vel e ao atendimento \u00e0 comunidade&#8221;, visa manter um quadro administrativo e docente com profissionais que busquem crescer junto com a institui\u00e7\u00e3o, que sejam determinados e dispostos a enfrentar desafios e que estejam voltados seu permanente desenvolvimento como profissional e como ser humano. Voc\u00ea pode se candidatar a uma das vagas diretamente no site da faculdade.<\/p>\n<h3>Hor\u00e1rio de Atendimento Uniesp em Sorocaba<\/h3>\n<ul>\n<li>Hor\u00e1rio de funcionamento das 08:00 as 18:00<\/li>\n<\/ul>\n<h3>Endere\u00e7o e Telefone Uniesp em Sorocaba<\/h3>\n<ul>\n<li><span class=\"_Xbe\">R. Dr. \u00c1lvaro Soares, 572 &#8211; Centro &#8211; Sorocaba &#8211; SP<\/span><\/li>\n<li>Telefone: (15) 3212-8160<\/li>\n<\/ul>\n<h4>Outras informa\u00e7\u00f5es &#8211; Site e e-mail<\/h4>\n<ul>\n<li>Mais informa\u00e7\u00f5es: <a href=\"http:\/\/uniesp.edu.br\/sites\/sorocaba\" target=\"_blank\" rel=\"noopener noreferrer\">www.uniesp.edu.br\/sorocaba<\/a><\/li>\n<li>E-mail: contato@uniesp.edu.br<\/li>\n<\/ul>\n<h4>Mapa de localiza\u00e7\u00e3o<\/h4>\n<a class=\"wp-colorbox-iframe\" href=\"https:\/\/www.google.com\/maps\/embed?pb=!1m14!1m8!1m3!1d14635.912988126554!2d-47.454417!3d-23.497293!3m2!1i1024!2i768!4f13.1!3m3!1m2!1s0x00x5d5e421bc749b68e!2sFaculdade+de+Sorocaba+-+Uniesp!5e0!3m2!1spt-BR!2sbr!4v1498687140658\"><img decoding=\"async\" src=\"http:\/\/www.encontrasorocaba.com.br\/imgs\/maps-post.png\"><\/a>\n\n<div style=\"font-size: 0px; height: 0px; line-height: 0px; margin: 0; padding: 0; clear: both;\"><\/div>","protected":false},"excerpt":{"rendered":"<p>A Faculdade de Sorocaba foi fundada no ano de 2005, mediante autoriza\u00e7\u00e3o do Minist\u00e9rio da Educa\u00e7\u00e3o (MEC), por meio da Portaria n\u00ba. 3910, oferecendo o curso de Administra\u00e7\u00e3o e tendo como mantenedora a Sociedade Educacional Vieira C\u00e9sar Almeida. Em a 2007 passou a ser gerenciada pela UNIESP \u2013 Uni\u00e3o das Institui\u00e7\u00f5es Educacionais do Estado de S\u00e3o Paulo. A UNIESP Sorocaba tem como meta possibilitar a educa\u00e7\u00e3o para todos, ou seja, fazer com que aqueles que ainda n\u00e3o tiveram a oportunidade de cursar uma faculdade devido a dificuldades financeiras possam realizar este sonho. Consolidada numa base human\u00edstica e social, a UNIESP <\/p>\n","protected":false},"author":1,"featured_media":0,"parent":0,"menu_order":0,"comment_status":"closed","ping_status":"closed","template":"","meta":{"footnotes":""},"class_list":["post-4814","page","type-page","status-publish","hentry"],"_links":{"self":[{"href":"https:\/\/www.encontrasorocaba.com.br\/sobre\/wp-json\/wp\/v2\/pages\/4814","targetHints":{"allow":["GET"]}}],"collection":[{"href":"https:\/\/www.encontrasorocaba.com.br\/sobre\/wp-json\/wp\/v2\/pages"}],"about":[{"href":"https:\/\/www.encontrasorocaba.com.br\/sobre\/wp-json\/wp\/v2\/types\/page"}],"author":[{"embeddable":true,"href":"https:\/\/www.encontrasorocaba.com.br\/sobre\/wp-json\/wp\/v2\/users\/1"}],"replies":[{"embeddable":true,"href":"https:\/\/www.encontrasorocaba.com.br\/sobre\/wp-json\/wp\/v2\/comments?post=4814"}],"version-history":[{"count":0,"href":"https:\/\/www.encontrasorocaba.com.br\/sobre\/wp-json\/wp\/v2\/pages\/4814\/revisions"}],"wp:attachment":[{"href":"https:\/\/www.encontrasorocaba.com.br\/sobre\/wp-json\/wp\/v2\/media?parent=4814"}],"curies":[{"name":"wp","href":"https:\/\/api.w.org\/{rel}","templated":true}]}}