{"id":4758,"date":"2017-06-28T15:02:21","date_gmt":"2017-06-28T15:02:21","guid":{"rendered":"http:\/\/www.encontrasorocaba.com.br\/sobre\/?page_id=4758"},"modified":"2017-06-30T18:02:54","modified_gmt":"2017-06-30T18:02:54","slug":"sorocaba-shopping","status":"publish","type":"page","link":"https:\/\/www.encontrasorocaba.com.br\/sobre\/sorocaba-shopping\/","title":{"rendered":"Sorocaba Shopping"},"content":{"rendered":"<div class=\"bf54deaa11a4587a41abacdf5428af85\" data-index=\"1\" style=\"float: none; margin:0px;\">\n<!-- Anuncio display - global -->\r\n<ins class=\"adsbygoogle\"\r\n     style=\"display:block\"\r\n     data-ad-client=\"ca-pub-8585364105181520\"\r\n     data-ad-slot=\"8789329856\"\r\n     data-ad-format=\"auto\"\r\n     data-full-width-responsive=\"true\"><\/ins>\r\n<script>\r\n     (adsbygoogle = window.adsbygoogle || []).push({});\r\n<\/script>\n<\/div>\n<p>O <strong>Shopping Center Sorocaba<\/strong> foi o primeiro shopping inaugurado na cidade de Sorocaba. O Shopping Sorocaba recebe uma m\u00e9dia de 550 mil visitantes por m\u00eas.<\/p>\n<p>O Shopping Sorocaba foi o terceiro shopping a ser inaugurado no Brasil e mudou os h\u00e1bitos de compra e divers\u00e3o dos sorocabanos.<\/p>\n<p><img loading=\"lazy\" decoding=\"async\" class=\"alignnone wp-image-4760 size-full\" title=\"Sorocaba Shopping\" src=\"http:\/\/www.encontrasorocaba.com.br\/sobre\/wp-content\/uploads\/shoppping-sorocaba.jpg\" alt=\"Sorocaba Shopping\" width=\"680\" height=\"189\" srcset=\"https:\/\/www.encontrasorocaba.com.br\/sobre\/wp-content\/uploads\/shoppping-sorocaba.jpg 680w, https:\/\/www.encontrasorocaba.com.br\/sobre\/wp-content\/uploads\/shoppping-sorocaba-300x83.jpg 300w\" sizes=\"auto, (max-width: 680px) 100vw, 680px\" \/><\/p>\n<h2>Cinema Cineplay Sorocaba Shopping<\/h2>\n<p>O <strong>Cineplay Sorocaba Shopping<\/strong> conta com oito salas de cinema &#8211; sendo duas em 3D e uma mista: cinema e teatro.\u00a0 No <a href=\"http:\/\/www.sorocabashopping.com.br\/cinema\" target=\"_blank\" rel=\"noopener noreferrer\">site do Sorocaba Shopping<\/a> voc\u00ea confere os filmes que est\u00e3o em cartaz, hor\u00e1rios e valores das sess\u00f5es. Acesse e confira! <em><span style=\"color: #ff0000;\"><br \/>\n<\/span><\/em><\/p>\n<h3>Lojas Sorocaba Shopping<\/h3>\n<p>O <em>Shopping Sorocaba<\/em> conta com mais de 100 lojas. As lojas variam desde Acess\u00f3rios Diversos, Acess\u00f3rios para Celular at\u00e9 Bolsas e Acess\u00f3rios e Perfumaria e Cosm\u00e9ticos. \u00c9 poss\u00edvel consultar no site do Shopping Sorocaba todas as lojas.<em><br \/>\n<\/em><\/p>\n<h3>Hor\u00e1rio de Funcionamento Shopping Sorocaba<\/h3>\n<ul>\n<li>Lojas \u2013 Segunda a S\u00e1bado das 10 \u00e0s 22hrs e Domingos e Feriados das 12 \u00e0s 20hrs<\/li>\n<li>Alimenta\u00e7\u00e3o e Lazer \u2013 Todos os dias das 10 \u00e0s 22hrs<\/li>\n<\/ul>\n<h3>Endere\u00e7o e Telefone Shopping Sorocaba<\/h3>\n<ul>\n<li>Avenida Afonso Vergueiro, 1700 \/ 1706 &#8211; Centro &#8211; Sorocaba &#8211; SP<\/li>\n<li>Telefone: (15) 3232-2757 \/ 3232-1135<\/li>\n<\/ul>\n<h4>Outras informa\u00e7\u00f5es e site:<\/h4>\n<ul>\n<li>Mais informa\u00e7\u00f5es: <a href=\"http:\/\/www.sorocabashopping.com.br\" target=\"_blank\" rel=\"noopener noreferrer\">www.sorocabashopping.com.br<\/a><\/li>\n<\/ul>\n<h4>Mapa de localiza\u00e7\u00e3o:<\/h4>\n<a class=\"wp-colorbox-iframe\" href=\"https:\/\/www.google.com\/maps\/embed?pb=!1m18!1m12!1m3!1d3658.990441323731!2d-47.46988668502341!3d-23.496853784715015!2m3!1f0!2f0!3f0!3m2!1i1024!2i768!4f13.1!3m3!1m2!1s0x94c58ab8188cd4750x3ed517848c36b896!2sCondomnio+Sorocaba+Shopping+Center+-+Av.+Dr.+Afonso+Vergueiro+1700+-+Centro+Sorocaba+-+SP!5e0!3m2!1spt-BR!2sbr!4v1498661734549\"><img decoding=\"async\" src=\"http:\/\/www.encontrasorocaba.com.br\/imgs\/maps-post.png\"><\/a>\n\n<div style=\"font-size: 0px; height: 0px; line-height: 0px; margin: 0; padding: 0; clear: both;\"><\/div>","protected":false},"excerpt":{"rendered":"<p>O Shopping Center Sorocaba foi o primeiro shopping inaugurado na cidade de Sorocaba. O Shopping Sorocaba recebe uma m\u00e9dia de 550 mil visitantes por m\u00eas. O Shopping Sorocaba foi o terceiro shopping a ser inaugurado no Brasil e mudou os h\u00e1bitos de compra e divers\u00e3o dos sorocabanos. Cinema Cineplay Sorocaba Shopping O Cineplay Sorocaba Shopping conta com oito salas de cinema &#8211; sendo duas em 3D e uma mista: cinema e teatro.\u00a0 No site do Sorocaba Shopping voc\u00ea confere os filmes que est\u00e3o em cartaz, hor\u00e1rios e valores das sess\u00f5es. Acesse e confira! Lojas Sorocaba Shopping O Shopping Sorocaba conta <\/p>\n","protected":false},"author":1,"featured_media":0,"parent":0,"menu_order":0,"comment_status":"closed","ping_status":"closed","template":"","meta":{"footnotes":""},"class_list":["post-4758","page","type-page","status-publish","hentry"],"_links":{"self":[{"href":"https:\/\/www.encontrasorocaba.com.br\/sobre\/wp-json\/wp\/v2\/pages\/4758","targetHints":{"allow":["GET"]}}],"collection":[{"href":"https:\/\/www.encontrasorocaba.com.br\/sobre\/wp-json\/wp\/v2\/pages"}],"about":[{"href":"https:\/\/www.encontrasorocaba.com.br\/sobre\/wp-json\/wp\/v2\/types\/page"}],"author":[{"embeddable":true,"href":"https:\/\/www.encontrasorocaba.com.br\/sobre\/wp-json\/wp\/v2\/users\/1"}],"replies":[{"embeddable":true,"href":"https:\/\/www.encontrasorocaba.com.br\/sobre\/wp-json\/wp\/v2\/comments?post=4758"}],"version-history":[{"count":0,"href":"https:\/\/www.encontrasorocaba.com.br\/sobre\/wp-json\/wp\/v2\/pages\/4758\/revisions"}],"wp:attachment":[{"href":"https:\/\/www.encontrasorocaba.com.br\/sobre\/wp-json\/wp\/v2\/media?parent=4758"}],"curies":[{"name":"wp","href":"https:\/\/api.w.org\/{rel}","templated":true}]}}