{"id":4696,"date":"2017-06-27T11:41:28","date_gmt":"2017-06-27T11:41:28","guid":{"rendered":"http:\/\/www.encontrasorocaba.com.br\/sobre\/?page_id=4696"},"modified":"2017-06-30T20:12:30","modified_gmt":"2017-06-30T20:12:30","slug":"unesp-sorocaba","status":"publish","type":"page","link":"https:\/\/www.encontrasorocaba.com.br\/sobre\/unesp-sorocaba\/","title":{"rendered":"Unesp Sorocaba"},"content":{"rendered":"<div class=\"bf54deaa11a4587a41abacdf5428af85\" data-index=\"1\" style=\"float: none; margin:0px;\">\n<!-- Anuncio display - global -->\r\n<ins class=\"adsbygoogle\"\r\n     style=\"display:block\"\r\n     data-ad-client=\"ca-pub-8585364105181520\"\r\n     data-ad-slot=\"8789329856\"\r\n     data-ad-format=\"auto\"\r\n     data-full-width-responsive=\"true\"><\/ins>\r\n<script>\r\n     (adsbygoogle = window.adsbygoogle || []).push({});\r\n<\/script>\n<\/div>\n<p>Em 19 de janeiro de 2001, com apoio e respaldo do Governo Estadual foi formalizada pelo Conselho de Reitores das Universidades Estaduais de S\u00e3o Paulo (CRUESP), uma pol\u00edtica conjunta entre as tr\u00eas Universidades Estaduais (<em>USP, UNESP, UNICAMP<\/em>) para amplia\u00e7\u00e3o de vagas do Ensino Superior P\u00fablico.<\/p>\n<p>O Campus da <strong>Unesp<\/strong> situa-se na cidade de Sorocaba localizada no sudoeste do Estado, nos entornos da Rodovia Castello Branco e Raposo Tavares.<\/p>\n<p><img loading=\"lazy\" decoding=\"async\" class=\"alignnone wp-image-4697 size-full\" title=\"Unesp Sorocaba\" src=\"http:\/\/www.encontrasorocaba.com.br\/sobre\/wp-content\/uploads\/unesp-em-sorocaba.jpg\" alt=\"Unesp Sorocaba\" width=\"680\" height=\"189\" srcset=\"https:\/\/www.encontrasorocaba.com.br\/sobre\/wp-content\/uploads\/unesp-em-sorocaba.jpg 680w, https:\/\/www.encontrasorocaba.com.br\/sobre\/wp-content\/uploads\/unesp-em-sorocaba-300x83.jpg 300w\" sizes=\"auto, (max-width: 680px) 100vw, 680px\" \/><\/p>\n<p>O Instituto de Ci\u00eancia e Tecnologia &#8211; <strong>Campus Sorocaba\/UNESP<\/strong> iniciou suas atividades em agosto de 2003, oferecendo 40 vagas para o Curso de Engenharia de Controle e Automa\u00e7\u00e3o e 60 para curso de Engenharia Ambiental.<\/p>\n<h2>Cursos Unesp Sorocaba<\/h2>\n<p>A Unidade da <strong>Unesp Sorocaba<\/strong> conta hoje com dois <em>Cursos de Gradua\u00e7\u00e3o: Engenharia de Controle e Automa\u00e7\u00e3o e Engenharia Ambiental<\/em>. Possui ainda, 4 programas de P\u00f3s-Gradua\u00e7\u00e3o com cursos de mestrado e doutorado, sendo 1 sediado na UNESP\/Sorocaba. Os programas de p\u00f3s-gradua\u00e7\u00e3o multicampi oferecidos s\u00e3o: POSMAT (mestrado e Doutorado) e Engenharia Civil e Ambiental (mestrado), bem como Engenharia El\u00e9trica (mestrado) em parceria com o Campus de Bauru.<\/p>\n<p>Recentemente teve o programa de p\u00f3s-gradua\u00e7\u00e3o em Ci\u00eancias Ambientais aprovado na CAPES (nota 4) em n\u00edveis de mestrado e doutorado e, as atividades se iniciaram em 2013. Oferece ainda curso de P\u00f3s-gradua\u00e7\u00e3o lato sensu (Especializa\u00e7\u00e3o) em Engenharia de Produ\u00e7\u00e3o.<\/p>\n<p>Novos Cursos de gradua\u00e7\u00e3o, especializa\u00e7\u00e3o, mestrado e doutorado est\u00e3o sendo estudados para serem oferecidos \u00e0 comunidade e dever\u00e3o ser implementados em futuro pr\u00f3ximo. Desde sua cria\u00e7\u00e3o a Unidade tem formado profissionais altamente qualificados, o que pode ser verificado pelo \u00f3timo desempenho alcan\u00e7ado pelos alunos no ENADE e inser\u00e7\u00e3o no mercado de trabalho, para aturarem nas diversas \u00e1reas de ci\u00eancia e tecnologia em empresas p\u00fablicas e privadas, bem como, na \u00e1rea acad\u00eamica.<\/p>\n<h3>Direito Unesp Sorocaba<\/h3>\n<p>O Curso de Direito \u00e9 um dos mais procurados da Unesp Sorocaba.<\/p>\n<h3>Vestibular Unesp Sorocaba<\/h3>\n<p>Para se inscrever e realizar o vestibular da <em>UNESP Sorocaba<\/em> voc\u00ea pode acompanhar o site da institui\u00e7\u00e3o. Nele voc\u00ea saber\u00e1 as datas de inscri\u00e7\u00e3o, taxa de pagamento e dia das provas.<em><br \/>\n<\/em><\/p>\n<h3>Cursinho Pr\u00e9 Vestibular Unesp Sorocaba<\/h3>\n<p>O <em>Cursinho Pr\u00e9-Vestibular GeraBixo<\/em> \u00e9 um cursinho popular comunit\u00e1rio gratuito no qual as aulas s\u00e3o ministradas por alunos da Unesp Sorocaba.<\/p>\n<p>O cursinho surge perante o contexto de defasagem no ensino p\u00fablico, visando oferecer aos alunos aquilo que muitas vezes esses n\u00e3o encontram no ensino m\u00e9dio: a oportunidade de passar em vestibulares concorridos. Al\u00e9m de complementar o conhecimento de alunos que j\u00e1 terminaram o ensino m\u00e9dio, ou que est\u00e3o cursando o terceiro ano, o cursinho tamb\u00e9m objetiva que ap\u00f3s um ano de curso, esses tamb\u00e9m tenham ampliado sua vis\u00e3o como cidad\u00e3os.<\/p>\n<h3>Hor\u00e1rio de Funcionamento Unesp em Sorocaba<\/h3>\n<ul>\n<li>De Segunda a Sexta &#8211; Per\u00edodo letivo: das 09h \u00e0s 19h<\/li>\n<\/ul>\n<h3>Endere\u00e7o e Telefone Unesp em Sorocaba<\/h3>\n<ul>\n<li>Av. Tr\u00eas de Mar\u00e7o, 511 &#8211; Aparecidinha &#8211; Sorocaba &#8211; SP &#8211; 18087-180<\/li>\n<li>(15) 3238-3409<\/li>\n<\/ul>\n<h4>Outras informa\u00e7\u00f5es e site:<\/h4>\n<ul>\n<li>Mais informa\u00e7\u00f5es: <a href=\"http:\/\/www.sorocaba.unesp.br\" target=\"_blank\" rel=\"noopener noreferrer\">www.sorocaba.unesp.br<\/a><\/li>\n<li>E-mail: sg@sorocaba.unesp.br<\/li>\n<\/ul>\n<h4>Mapa de localiza\u00e7\u00e3o:<\/h4>\n<a class=\"wp-colorbox-iframe\" href=\"https:\/\/www.google.com\/maps\/embed?pb=!1m14!1m8!1m3!1d14637.90399813835!2d-47.4172442!3d-23.4793586!3m2!1i1024!2i768!4f13.1!3m3!1m2!1s0x00xd08fb1646d67a556!2sUNESP+-+Cmpus+de+Sorocaba!5e0!3m2!1spt-BR!2sbr!4v1498563266879\"><img decoding=\"async\" src=\"http:\/\/www.encontrasorocaba.com.br\/imgs\/maps-post.png\"><\/a>\n\n<div style=\"font-size: 0px; height: 0px; line-height: 0px; margin: 0; padding: 0; clear: both;\"><\/div>","protected":false},"excerpt":{"rendered":"<p>Em 19 de janeiro de 2001, com apoio e respaldo do Governo Estadual foi formalizada pelo Conselho de Reitores das Universidades Estaduais de S\u00e3o Paulo (CRUESP), uma pol\u00edtica conjunta entre as tr\u00eas Universidades Estaduais (USP, UNESP, UNICAMP) para amplia\u00e7\u00e3o de vagas do Ensino Superior P\u00fablico. O Campus da Unesp situa-se na cidade de Sorocaba localizada no sudoeste do Estado, nos entornos da Rodovia Castello Branco e Raposo Tavares. O Instituto de Ci\u00eancia e Tecnologia &#8211; Campus Sorocaba\/UNESP iniciou suas atividades em agosto de 2003, oferecendo 40 vagas para o Curso de Engenharia de Controle e Automa\u00e7\u00e3o e 60 para curso <\/p>\n","protected":false},"author":1,"featured_media":0,"parent":0,"menu_order":0,"comment_status":"closed","ping_status":"closed","template":"","meta":{"footnotes":""},"class_list":["post-4696","page","type-page","status-publish","hentry"],"_links":{"self":[{"href":"https:\/\/www.encontrasorocaba.com.br\/sobre\/wp-json\/wp\/v2\/pages\/4696","targetHints":{"allow":["GET"]}}],"collection":[{"href":"https:\/\/www.encontrasorocaba.com.br\/sobre\/wp-json\/wp\/v2\/pages"}],"about":[{"href":"https:\/\/www.encontrasorocaba.com.br\/sobre\/wp-json\/wp\/v2\/types\/page"}],"author":[{"embeddable":true,"href":"https:\/\/www.encontrasorocaba.com.br\/sobre\/wp-json\/wp\/v2\/users\/1"}],"replies":[{"embeddable":true,"href":"https:\/\/www.encontrasorocaba.com.br\/sobre\/wp-json\/wp\/v2\/comments?post=4696"}],"version-history":[{"count":0,"href":"https:\/\/www.encontrasorocaba.com.br\/sobre\/wp-json\/wp\/v2\/pages\/4696\/revisions"}],"wp:attachment":[{"href":"https:\/\/www.encontrasorocaba.com.br\/sobre\/wp-json\/wp\/v2\/media?parent=4696"}],"curies":[{"name":"wp","href":"https:\/\/api.w.org\/{rel}","templated":true}]}}