{"id":4597,"date":"2017-06-23T13:54:03","date_gmt":"2017-06-23T13:54:03","guid":{"rendered":"http:\/\/www.encontrasorocaba.com.br\/sobre\/?page_id=4597"},"modified":"2019-05-15T19:34:40","modified_gmt":"2019-05-15T19:34:40","slug":"jardim-botanico-sorocaba","status":"publish","type":"page","link":"https:\/\/www.encontrasorocaba.com.br\/sobre\/jardim-botanico-sorocaba\/","title":{"rendered":"Jardim Bot\u00e2nico Sorocaba"},"content":{"rendered":"<div class=\"bf54deaa11a4587a41abacdf5428af85\" data-index=\"1\" style=\"float: none; margin:0px;\">\n<!-- Anuncio display - global -->\r\n<ins class=\"adsbygoogle\"\r\n     style=\"display:block\"\r\n     data-ad-client=\"ca-pub-8585364105181520\"\r\n     data-ad-slot=\"8789329856\"\r\n     data-ad-format=\"auto\"\r\n     data-full-width-responsive=\"true\"><\/ins>\r\n<script>\r\n     (adsbygoogle = window.adsbygoogle || []).push({});\r\n<\/script>\n<\/div>\n<p>Inaugurado em 15 de mar\u00e7o de 2014, o <strong>Jardim Bot\u00e2nico de Sorocaba \u201cIrm\u00e3os Villas-Boas\u201d \u2013 JBSO<\/strong> est\u00e1 se estruturando para ser um importante centro de conserva\u00e7\u00e3o da biodiversidade e cumprir com efici\u00eancia as seguintes fun\u00e7\u00f5es: educa\u00e7\u00e3o, pesquisa, conserva\u00e7\u00e3o, lazer e cultura.<\/p>\n<p><img loading=\"lazy\" decoding=\"async\" class=\"alignnone wp-image-4599 size-full\" title=\"Jardim Bot\u00e2nico de Sorocaba\" src=\"http:\/\/www.encontrasorocaba.com.br\/sobre\/wp-content\/uploads\/jd-botanico.jpg\" alt=\"Jardim Bot\u00e2nico de Sorocaba\" width=\"680\" height=\"189\" srcset=\"https:\/\/www.encontrasorocaba.com.br\/sobre\/wp-content\/uploads\/jd-botanico.jpg 680w, https:\/\/www.encontrasorocaba.com.br\/sobre\/wp-content\/uploads\/jd-botanico-300x83.jpg 300w\" sizes=\"auto, (max-width: 680px) 100vw, 680px\" \/><\/p>\n<p>Estabelecido em uma \u00e1rea de 70.000,00 m<sup>2<\/sup>, o JBSO possui 3 pr\u00e9dios de apoio (portaria, administra\u00e7\u00e3o e sal\u00e3o multiuso com espa\u00e7o para biblioteca, herb\u00e1rio e audit\u00f3rio) al\u00e9m de um orquid\u00e1rio e do Palacete de Cristal.<\/p>\n<p>O <em>Palacete de Cristal<\/em> \u00e9 uma constru\u00e7\u00e3o de vidro com estruturas met\u00e1licas destinada a abrigar cole\u00e7\u00f5es bot\u00e2nicas, exposi\u00e7\u00f5es e sediar eventos.\u00a0 Al\u00e9m dessas instala\u00e7\u00f5es, o jardim bot\u00e2nico possui dois mirantes, trilhas, lagos, um roseiral, alamedas e fragmentos de vegeta\u00e7\u00e3o natural.<\/p>\n<h2>Jardim Bot\u00e2nico de Sorocaba Pre\u00e7o<\/h2>\n<p>O <strong>Jardim Bot\u00e2nico de Sorocaba<\/strong> \u00e9 publico e n\u00e3o cobra ingressos de seus visitantes. A entrada \u00e9 gratuita.<em><br \/>\n<\/em><\/p>\n<h3>Jardim Bot\u00e2nico Sorocaba Fotos<\/h3>\n<p>As fotos do Jardim Bot\u00e2nico s\u00e3o as mais belas que voc\u00ea ver\u00e1. Caso voc\u00ea resolva visitar o Jardim vale muito a pena levar sua c\u00e2mera ou celular e registrar o momento.<\/p>\n<p><img loading=\"lazy\" decoding=\"async\" class=\"alignnone wp-image-4598 size-full\" title=\"Jardim Bot\u00e2nico em Sorocaba\" src=\"http:\/\/www.encontrasorocaba.com.br\/sobre\/wp-content\/uploads\/jardim-botanico.jpg\" alt=\"Jardim Bot\u00e2nico em Sorocaba\" width=\"680\" height=\"189\" srcset=\"https:\/\/www.encontrasorocaba.com.br\/sobre\/wp-content\/uploads\/jardim-botanico.jpg 680w, https:\/\/www.encontrasorocaba.com.br\/sobre\/wp-content\/uploads\/jardim-botanico-300x83.jpg 300w\" sizes=\"auto, (max-width: 680px) 100vw, 680px\" \/><img loading=\"lazy\" decoding=\"async\" class=\"alignnone wp-image-4600 size-full\" title=\"Jardim Bot\u00e2nico Sorocaba\" src=\"http:\/\/www.encontrasorocaba.com.br\/sobre\/wp-content\/uploads\/palacio-sorocaba.jpg\" alt=\"Jardim Bot\u00e2nico Sorocaba\" width=\"680\" height=\"189\" srcset=\"https:\/\/www.encontrasorocaba.com.br\/sobre\/wp-content\/uploads\/palacio-sorocaba.jpg 680w, https:\/\/www.encontrasorocaba.com.br\/sobre\/wp-content\/uploads\/palacio-sorocaba-300x83.jpg 300w\" sizes=\"auto, (max-width: 680px) 100vw, 680px\" \/><\/p>\n<h3>Hor\u00e1rio de Funcionamento Jardim Bot\u00e2nico em Sorocaba<\/h3>\n<ul>\n<li>Ter\u00e7a a domingo das 9h \u00e0s 17h<\/li>\n<\/ul>\n<h3>Endere\u00e7o e Telefone Jardim Bot\u00e2nico em Sorocaba<\/h3>\n<ul>\n<li>Rua Miguel Montoro Lozano, 340 &#8211; Jardim Dois Cora\u00e7\u00f5es &#8211; Sorocaba &#8211; SP<\/li>\n<li>Telefone: (15) 3235-1130<\/li>\n<\/ul>\n<h4>Outras informa\u00e7\u00f5es &#8211;\u00a0 Site e e-mail:<\/h4>\n<ul>\n<li>Site: <a href=\"http:\/\/meioambiente.sorocaba.sp.gov.br\/jardimbotanico\/\" target=\"_blank\" rel=\"noopener noreferrer\">www.jardimbotanicosorocaba.com.br<\/a><\/li>\n<li>E-mail: jardimbotanico@sorocaba.sp.gov.br<\/li>\n<\/ul>\n<h4>Mapa de localiza\u00e7\u00e3o:<\/h4>\n<a class=\"wp-colorbox-iframe\" href=\"https:\/\/www.google.com\/maps\/embed?pb=!1m14!1m8!1m3!1d14639.508504023108!2d-47.43692!3d-23.4648963!3m2!1i1024!2i768!4f13.1!3m3!1m2!1s0x00xc5929cc6b3dff73b!2sJardim+Botnico+de+Sorocaba+Irmos+Villas-Bas!5e0!3m2!1spt-BR!2sbr!4v1498225783080\"><img decoding=\"async\" src=\"http:\/\/www.encontrasorocaba.com.br\/imgs\/maps-post.png\"><\/a>\n\n<div style=\"font-size: 0px; height: 0px; line-height: 0px; margin: 0; padding: 0; clear: both;\"><\/div>","protected":false},"excerpt":{"rendered":"<p>Inaugurado em 15 de mar\u00e7o de 2014, o Jardim Bot\u00e2nico de Sorocaba \u201cIrm\u00e3os Villas-Boas\u201d \u2013 JBSO est\u00e1 se estruturando para ser um importante centro de conserva\u00e7\u00e3o da biodiversidade e cumprir com efici\u00eancia as seguintes fun\u00e7\u00f5es: educa\u00e7\u00e3o, pesquisa, conserva\u00e7\u00e3o, lazer e cultura. Estabelecido em uma \u00e1rea de 70.000,00 m2, o JBSO possui 3 pr\u00e9dios de apoio (portaria, administra\u00e7\u00e3o e sal\u00e3o multiuso com espa\u00e7o para biblioteca, herb\u00e1rio e audit\u00f3rio) al\u00e9m de um orquid\u00e1rio e do Palacete de Cristal. O Palacete de Cristal \u00e9 uma constru\u00e7\u00e3o de vidro com estruturas met\u00e1licas destinada a abrigar cole\u00e7\u00f5es bot\u00e2nicas, exposi\u00e7\u00f5es e sediar eventos.\u00a0 Al\u00e9m dessas instala\u00e7\u00f5es, <\/p>\n","protected":false},"author":1,"featured_media":0,"parent":0,"menu_order":0,"comment_status":"closed","ping_status":"closed","template":"","meta":{"footnotes":""},"class_list":["post-4597","page","type-page","status-publish","hentry"],"_links":{"self":[{"href":"https:\/\/www.encontrasorocaba.com.br\/sobre\/wp-json\/wp\/v2\/pages\/4597","targetHints":{"allow":["GET"]}}],"collection":[{"href":"https:\/\/www.encontrasorocaba.com.br\/sobre\/wp-json\/wp\/v2\/pages"}],"about":[{"href":"https:\/\/www.encontrasorocaba.com.br\/sobre\/wp-json\/wp\/v2\/types\/page"}],"author":[{"embeddable":true,"href":"https:\/\/www.encontrasorocaba.com.br\/sobre\/wp-json\/wp\/v2\/users\/1"}],"replies":[{"embeddable":true,"href":"https:\/\/www.encontrasorocaba.com.br\/sobre\/wp-json\/wp\/v2\/comments?post=4597"}],"version-history":[{"count":0,"href":"https:\/\/www.encontrasorocaba.com.br\/sobre\/wp-json\/wp\/v2\/pages\/4597\/revisions"}],"wp:attachment":[{"href":"https:\/\/www.encontrasorocaba.com.br\/sobre\/wp-json\/wp\/v2\/media?parent=4597"}],"curies":[{"name":"wp","href":"https:\/\/api.w.org\/{rel}","templated":true}]}}