{"id":4064,"date":"2017-05-29T19:14:56","date_gmt":"2017-05-29T19:14:56","guid":{"rendered":"http:\/\/www.encontrasorocaba.com.br\/noticias\/?page_id=4064"},"modified":"2017-05-29T19:14:56","modified_gmt":"2017-05-29T19:14:56","slug":"usina-cultural-em-sorocaba","status":"publish","type":"page","link":"https:\/\/www.encontrasorocaba.com.br\/sobre\/usina-cultural-em-sorocaba\/","title":{"rendered":"Usina Cultural em Sorocaba"},"content":{"rendered":"<div class=\"bf54deaa11a4587a41abacdf5428af85\" data-index=\"1\" style=\"float: none; margin:0px;\">\n<!-- Anuncio display - global -->\r\n<ins class=\"adsbygoogle\"\r\n     style=\"display:block\"\r\n     data-ad-client=\"ca-pub-8585364105181520\"\r\n     data-ad-slot=\"8789329856\"\r\n     data-ad-format=\"auto\"\r\n     data-full-width-responsive=\"true\"><\/ins>\r\n<script>\r\n     (adsbygoogle = window.adsbygoogle || []).push({});\r\n<\/script>\n<\/div>\n<p>A Usina Cultural em Sorocaba \u00e9 um espao exclusivo para eventos culturais com capacidade para 150 espectadores.<\/p>\n<p>Est\u00e1 localizado \u00e0 margem do rio Sorocaba, e est\u00e1 entre as mais significativas edifica\u00e7\u00f5es que surgiram em Sorocaba no per\u00edodo que a cidade estava no in\u00edcio da ind\u00fastria t\u00eaxtil, numa \u00e9poca em que a energia el\u00e9trica era escassa e insuficiente para atender a demanda.<\/p>\n<p><img decoding=\"async\" src=\"http:\/\/www.encontrasorocaba.com.br\/imgs\/imagens-sorocaba\/usina-cultural-em-sorocaba.JPG\" alt=\"Usina Cultural em Sorocaba\" \/><\/p>\n<p>Tombado em 1996, foi restaurado em 2000. O espa\u00e7o \u00e9 administrado pela FUNDEC (Funda\u00e7\u00e3o de Desenvolvimento da Cultura de Sorocaba) e seu uso \u00e9 exclusivo para eventos culturais.<\/p>\n<p>Usina Cultural em Sorocaba<br \/>\nEndere\u00e7o: Rua Ant\u00f4nio Gomes da Silva Rodrigues, s\/n &#8211; Cidade Sorocaba &#8211; SP<br \/>\nTelefone: (15) 3237-1738<\/p>\n\n<div style=\"font-size: 0px; height: 0px; line-height: 0px; margin: 0; padding: 0; clear: both;\"><\/div>","protected":false},"excerpt":{"rendered":"<p>A Usina Cultural em Sorocaba \u00e9 um espao exclusivo para eventos culturais com capacidade para 150 espectadores. Est\u00e1 localizado \u00e0 margem do rio Sorocaba, e est\u00e1 entre as mais significativas edifica\u00e7\u00f5es que surgiram em Sorocaba no per\u00edodo que a cidade estava no in\u00edcio da ind\u00fastria t\u00eaxtil, numa \u00e9poca em que a energia el\u00e9trica era escassa e insuficiente para atender a demanda. Tombado em 1996, foi restaurado em 2000. O espa\u00e7o \u00e9 administrado pela FUNDEC (Funda\u00e7\u00e3o de Desenvolvimento da Cultura de Sorocaba) e seu uso \u00e9 exclusivo para eventos culturais. Usina Cultural em Sorocaba Endere\u00e7o: Rua Ant\u00f4nio Gomes da Silva Rodrigues, <\/p>\n","protected":false},"author":1,"featured_media":0,"parent":0,"menu_order":0,"comment_status":"closed","ping_status":"closed","template":"","meta":{"footnotes":""},"class_list":["post-4064","page","type-page","status-publish","hentry"],"_links":{"self":[{"href":"https:\/\/www.encontrasorocaba.com.br\/sobre\/wp-json\/wp\/v2\/pages\/4064","targetHints":{"allow":["GET"]}}],"collection":[{"href":"https:\/\/www.encontrasorocaba.com.br\/sobre\/wp-json\/wp\/v2\/pages"}],"about":[{"href":"https:\/\/www.encontrasorocaba.com.br\/sobre\/wp-json\/wp\/v2\/types\/page"}],"author":[{"embeddable":true,"href":"https:\/\/www.encontrasorocaba.com.br\/sobre\/wp-json\/wp\/v2\/users\/1"}],"replies":[{"embeddable":true,"href":"https:\/\/www.encontrasorocaba.com.br\/sobre\/wp-json\/wp\/v2\/comments?post=4064"}],"version-history":[{"count":0,"href":"https:\/\/www.encontrasorocaba.com.br\/sobre\/wp-json\/wp\/v2\/pages\/4064\/revisions"}],"wp:attachment":[{"href":"https:\/\/www.encontrasorocaba.com.br\/sobre\/wp-json\/wp\/v2\/media?parent=4064"}],"curies":[{"name":"wp","href":"https:\/\/api.w.org\/{rel}","templated":true}]}}