{"id":4062,"date":"2017-05-29T19:14:06","date_gmt":"2017-05-29T19:14:06","guid":{"rendered":"http:\/\/www.encontrasorocaba.com.br\/noticias\/?page_id=4062"},"modified":"2017-07-11T15:42:16","modified_gmt":"2017-07-11T15:42:16","slug":"uniso-em-sorocaba","status":"publish","type":"page","link":"https:\/\/www.encontrasorocaba.com.br\/sobre\/uniso-em-sorocaba\/","title":{"rendered":"Uniso em Sorocaba"},"content":{"rendered":"<div class=\"bf54deaa11a4587a41abacdf5428af85\" data-index=\"1\" style=\"float: none; margin:0px;\">\n<!-- Anuncio display - global -->\r\n<ins class=\"adsbygoogle\"\r\n     style=\"display:block\"\r\n     data-ad-client=\"ca-pub-8585364105181520\"\r\n     data-ad-slot=\"8789329856\"\r\n     data-ad-format=\"auto\"\r\n     data-full-width-responsive=\"true\"><\/ins>\r\n<script>\r\n     (adsbygoogle = window.adsbygoogle || []).push({});\r\n<\/script>\n<\/div>\n<p>A <strong>Universidade de Sorocaba &#8211; Uniso<\/strong> \u00e9 uma Universidade comunit\u00e1ria, regional, n\u00e3o confessional, de qualidade, cuja primeira semente foi a Faculdade de Filosofia Ci\u00eancias e Letras de Sorocaba, criada em 1951, que come\u00e7ou a funcionar efetivamente em 1954, com dois cursos: Pedagogia e Letras Neolatinas, e apenas 27 alunos.<\/p>\n<p><img loading=\"lazy\" decoding=\"async\" class=\"alignnone wp-image-4744 size-full\" title=\"Uniso em Sorocaba\" src=\"http:\/\/www.encontrasorocaba.com.br\/sobre\/wp-content\/uploads\/uniso-em-sorocaba.jpg\" alt=\"Uniso em Sorocaba\" width=\"680\" height=\"189\" srcset=\"https:\/\/www.encontrasorocaba.com.br\/sobre\/wp-content\/uploads\/uniso-em-sorocaba.jpg 680w, https:\/\/www.encontrasorocaba.com.br\/sobre\/wp-content\/uploads\/uniso-em-sorocaba-300x83.jpg 300w\" sizes=\"auto, (max-width: 680px) 100vw, 680px\" \/><\/p>\n<h2>Uniso Sorocaba Cursos<\/h2>\n<p>Hoje, a Uniso tem mais de 60 cursos de gradua\u00e7\u00e3o, oferece cursos de p\u00f3s-gradua\u00e7\u00e3o lato e stricto sensu, e cursos de extens\u00e3o.<em><br \/>\n<\/em><\/p>\n<p>Seus alunos v\u00eam de 70 cidades, localizadas num raio de 100 quil\u00f4metros ao redor de Sorocaba, e est\u00e3o distribu\u00eddos em tr\u00eas c\u00e2mpus: Cidade Universit\u00e1ria Professor Aldo Vannucchi, inaugurada em 1999; c\u00e2mpus Trujillo, onde foi implantada a Faculdade de Filosofia, Ci\u00eancias e Letras, em 1954; e c\u00e2mpus Semin\u00e1rio, desde 1994.<\/p>\n<p>Confira os <strong>cursos oferecidos pela Uniso Sorcaba<\/strong>:<\/p>\n<ul>\n<li>Administra\u00e7\u00e3o<\/li>\n<li>Administra\u00e7\u00e3o de Empresas<\/li>\n<li>Administra\u00e7\u00e3o de Neg\u00f3cios<\/li>\n<li>Com\u00e9rcio Exterior<\/li>\n<li>Biotecnologia<\/li>\n<li>Ci\u00eancias Cont\u00e1beis<\/li>\n<li>Ci\u00eancias Econ\u00f4micas<\/li>\n<li>Ci\u00eancia da Computa\u00e7\u00e3o<\/li>\n<li>Com\u00e9rcio Exterior<\/li>\n<li>Comunica\u00e7\u00e3o Social<\/li>\n<li>Jornalismo<\/li>\n<li>Publicidade e Propaganda<\/li>\n<li>Rela\u00e7\u00f5es P\u00fablicas<\/li>\n<li>Curso Superior de Tecnologia em Design de Interiores<\/li>\n<li>Curso Superior de Tecnologia em Design de Moda<\/li>\n<li>Curso Superior de Tecnologia em Design Gr\u00e1fico (\u00c1rea Profissional: Design)<\/li>\n<li>Curso Superior de Tecnologia em Gastronomia (\u00c1rea Profissional: Turismo e Hospitalidade)<\/li>\n<li>Curso Superior de Tecnologia em Gest\u00e3o Ambiental<\/li>\n<li>Curso Superior de Tecnologia em Gest\u00e3o Ambiental Industrial<\/li>\n<li>Curso Superior de Tecnologia em Gest\u00e3o Banc\u00e1ria<\/li>\n<li>Curso Superior de Tecnologia em Gest\u00e3o da Produ\u00e7\u00e3o Industrial<\/li>\n<li>Curso Superior de Tecnologia em Gest\u00e3o de Log\u00edstica (\u00c1rea Profissional: Gest\u00e3o)<\/li>\n<li>Curso Superior de Tecnologia em Gest\u00e3o de Marketing de Varejo (\u00c1rea Profissional: Com\u00e9rcio)<\/li>\n<li>Curso Superior de Tecnologia em Gest\u00e3o de Recursos Humanos (\u00c1rea Profissional: Gest\u00e3o)<\/li>\n<li>Curso Superior de Tecnologia em Gest\u00e3o de Seguran\u00e7a P\u00fablica<\/li>\n<li>Curso Superior de Tecnologia em Gest\u00e3o Financeira<\/li>\n<li>Curso Superior de Tecnologia em Log\u00edstica<\/li>\n<li>Curso Superior de Tecnologia em Marketing<\/li>\n<li>Curso Superior de Tecnologia em Produ\u00e7\u00e3o Multim\u00eddia<\/li>\n<li>Direito<\/li>\n<li>Engenharia Ambiental<\/li>\n<li>Engenharia de Produ\u00e7\u00e3o<\/li>\n<li>Farm\u00e1cia<\/li>\n<li>Farmac\u00eautico Bioqu\u00edmico, Modalidade An\u00e1lises Cl\u00ednicas e Toxicol\u00f3gicas<\/li>\n<li>Farmac\u00eautico Industrial<\/li>\n<li>Farm\u00e1cia<\/li>\n<li>Filosofia<\/li>\n<li>F\u00edsica<\/li>\n<li>Geografia<\/li>\n<li>Hist\u00f3ria<\/li>\n<li>Hotelaria<\/li>\n<li>Letras<\/li>\n<li>Ingl\u00eas e Literaturas da L\u00edngua Inglesa<\/li>\n<li>Portugu\u00eas\/Ingl\u00eas e Respectivas Literaturas<\/li>\n<li>Portugu\u00eas e Literaturas da L\u00edngua Portuguesa<\/li>\n<li>Matem\u00e1tica<\/li>\n<li>Nutri\u00e7\u00e3o<\/li>\n<li>Pedagogia<\/li>\n<li>Administra\u00e7\u00e3o Educacional<\/li>\n<li>Doc\u00eancia Nas S\u00e9ries Iniciais do Ensino Fundamental<\/li>\n<li>Doc\u00eancia Na Educa\u00e7\u00e3o Infantil<\/li>\n<li>Pedagogia<\/li>\n<li>Qu\u00edmica<\/li>\n<li>Sistemas de Informa\u00e7\u00e3o<\/li>\n<li>Teatro<\/li>\n<li>Arte Educa\u00e7\u00e3o<\/li>\n<li>Terapia Ocupacional<\/li>\n<li>Turismo<\/li>\n<\/ul>\n<h3>Uniso Sorocaba Veterin\u00e1ria<\/h3>\n<p>O Curso mais procurado da Uniso Sorocaba \u00e9 o curso de Veterin\u00e1ria. A forma\u00e7\u00e3o do M\u00e9dico Veterin\u00e1rio tem por objetivo dotar o profissional dos conhecimentos para desenvolver a\u00e7\u00f5es e resultados voltados \u00e0 \u00e1rea de Ci\u00eancias Agr\u00e1rias no que se refere \u00e0 Produ\u00e7\u00e3o Animal, Produ\u00e7\u00e3o de Alimentos, Sa\u00fade Animal e Prote\u00e7\u00e3o Ambiental, al\u00e9m das seguintes compet\u00eancias e habilidades gerais.<em><br \/>\n<\/em><\/p>\n<h3>Universidade do Cavalo<\/h3>\n<p>A Universidade do Cavalo \u00e9 a primeira da Am\u00e9rica Latina especializada na forma\u00e7\u00e3o de profissionais para a Equinocultura, recebe estudantes de todo o pa\u00eds interessados em cursos superiores da \u00e1rea. A Universidade do Cavalo fica na Rodovia Sorocaba &#8211; Salto de Pirapora km 110,5 Bairro Itinga Sorocaba\/SP.<\/p>\n<h3>Hor\u00e1rio de Funcionamento Uniso em Sorocaba<\/h3>\n<ul>\n<li><span id=\"lblDetalhesNot\">Todas as Unidades: Atendimento de segunda a sexta-feira<\/span> das 09 \u00e0s 21hrs<\/li>\n<\/ul>\n<h3>Endere\u00e7o e Telefone Cidade Universit\u00e1ria<\/h3>\n<ul>\n<li><strong>Uniso Cid Universit\u00e1ria:<\/strong> Rodovia Raposo Tavares km 92,5 &#8211; Telefone: (15) 2101-7000<\/li>\n<li><strong>Uniso Campus Trujillo:<\/strong> Avenida General Os\u00f3rio, 35 &#8211; Telefone: (15) 2101-2000<\/li>\n<li><strong>Uniso Campus Semin\u00e1rio:<\/strong> Av. Dr. Eug\u00eanio Salerno, 100\/140 &#8211; Telefone: (15) 2101-4000<\/li>\n<\/ul>\n<h4>Outras informa\u00e7\u00f5es e site:<\/h4>\n<ul>\n<li>Mais informa\u00e7\u00f5es: <a href=\"http:\/\/www.uniso.br\" target=\"_blank\" rel=\"noopener noreferrer\">www.uniso.br<\/a><\/li>\n<\/ul>\n<h4>Mapa de localiza\u00e7\u00e3o &#8211; Uniso Cidade Universit\u00e1ria:<\/h4>\n<a class=\"wp-colorbox-iframe\" href=\"https:\/\/www.google.com\/maps\/embed?pb=!1m14!1m8!1m3!1d14635.606877981862!2d-47.3982918!3d-23.5000492!3m2!1i1024!2i768!4f13.1!3m3!1m2!1s0x00x54f9a979acd0e988!2sUniversidade+de+Sorocaba+-+Campus+Raposo!5e0!3m2!1spt-BR!2sbr!4v1498575656590\"><img decoding=\"async\" src=\"http:\/\/www.encontrasorocaba.com.br\/imgs\/maps-post.png\"><\/a>\n\n<div style=\"font-size: 0px; height: 0px; line-height: 0px; margin: 0; padding: 0; clear: both;\"><\/div>","protected":false},"excerpt":{"rendered":"<p>A Universidade de Sorocaba &#8211; Uniso \u00e9 uma Universidade comunit\u00e1ria, regional, n\u00e3o confessional, de qualidade, cuja primeira semente foi a Faculdade de Filosofia Ci\u00eancias e Letras de Sorocaba, criada em 1951, que come\u00e7ou a funcionar efetivamente em 1954, com dois cursos: Pedagogia e Letras Neolatinas, e apenas 27 alunos. Uniso Sorocaba Cursos Hoje, a Uniso tem mais de 60 cursos de gradua\u00e7\u00e3o, oferece cursos de p\u00f3s-gradua\u00e7\u00e3o lato e stricto sensu, e cursos de extens\u00e3o. Seus alunos v\u00eam de 70 cidades, localizadas num raio de 100 quil\u00f4metros ao redor de Sorocaba, e est\u00e3o distribu\u00eddos em tr\u00eas c\u00e2mpus: Cidade Universit\u00e1ria Professor Aldo <\/p>\n","protected":false},"author":1,"featured_media":0,"parent":0,"menu_order":0,"comment_status":"closed","ping_status":"closed","template":"","meta":{"footnotes":""},"class_list":["post-4062","page","type-page","status-publish","hentry"],"_links":{"self":[{"href":"https:\/\/www.encontrasorocaba.com.br\/sobre\/wp-json\/wp\/v2\/pages\/4062","targetHints":{"allow":["GET"]}}],"collection":[{"href":"https:\/\/www.encontrasorocaba.com.br\/sobre\/wp-json\/wp\/v2\/pages"}],"about":[{"href":"https:\/\/www.encontrasorocaba.com.br\/sobre\/wp-json\/wp\/v2\/types\/page"}],"author":[{"embeddable":true,"href":"https:\/\/www.encontrasorocaba.com.br\/sobre\/wp-json\/wp\/v2\/users\/1"}],"replies":[{"embeddable":true,"href":"https:\/\/www.encontrasorocaba.com.br\/sobre\/wp-json\/wp\/v2\/comments?post=4062"}],"version-history":[{"count":0,"href":"https:\/\/www.encontrasorocaba.com.br\/sobre\/wp-json\/wp\/v2\/pages\/4062\/revisions"}],"wp:attachment":[{"href":"https:\/\/www.encontrasorocaba.com.br\/sobre\/wp-json\/wp\/v2\/media?parent=4062"}],"curies":[{"name":"wp","href":"https:\/\/api.w.org\/{rel}","templated":true}]}}