{"id":4058,"date":"2017-05-29T19:12:09","date_gmt":"2017-05-29T19:12:09","guid":{"rendered":"http:\/\/www.encontrasorocaba.com.br\/noticias\/?page_id=4058"},"modified":"2017-07-11T16:23:39","modified_gmt":"2017-07-11T16:23:39","slug":"teatro-municipal-de-sorocaba","status":"publish","type":"page","link":"https:\/\/www.encontrasorocaba.com.br\/sobre\/teatro-municipal-de-sorocaba\/","title":{"rendered":"Teatro Municipal de Sorocaba"},"content":{"rendered":"<div class=\"bf54deaa11a4587a41abacdf5428af85\" data-index=\"1\" style=\"float: none; margin:0px;\">\n<!-- Anuncio display - global -->\r\n<ins class=\"adsbygoogle\"\r\n     style=\"display:block\"\r\n     data-ad-client=\"ca-pub-8585364105181520\"\r\n     data-ad-slot=\"8789329856\"\r\n     data-ad-format=\"auto\"\r\n     data-full-width-responsive=\"true\"><\/ins>\r\n<script>\r\n     (adsbygoogle = window.adsbygoogle || []).push({});\r\n<\/script>\n<\/div>\n<p>O <em>Teatro Municipal de Sorocaba<\/em> foi inaugurado em 29 de janeiro de 1983. O <strong>Teatro Municipal Teot\u00f4nio Vilela (TMTV)<\/strong> est\u00e1 localizado em uma regi\u00e3o que, desde a d\u00e9cada de 1970 foi chamada de Parque Administrativo da cidade.<\/p>\n<p>O complexo conta com diversos pontos de interesse administrativo e cultural, como os F\u00f3runs C\u00edvel e Criminal, Minist\u00e9rio do Trabalho, <a href=\"http:\/\/www.encontrasorocaba.com.br\/sobre\/receita-federal-sorocaba\/\">Receita Federal<\/a>, al\u00e9m de sediar algumas das principais emissoras de r\u00e1dio, jornal e televis\u00e3o.<\/p>\n<p><img loading=\"lazy\" decoding=\"async\" class=\"alignnone wp-image-4619 size-full\" title=\"Teatro Municipal de Sorocaba\" src=\"http:\/\/www.encontrasorocaba.com.br\/sobre\/wp-content\/uploads\/teatro-municipal-de-sorocaba.jpg\" alt=\"Teatro Municipal de Sorocaba\" width=\"680\" height=\"189\" srcset=\"https:\/\/www.encontrasorocaba.com.br\/sobre\/wp-content\/uploads\/teatro-municipal-de-sorocaba.jpg 680w, https:\/\/www.encontrasorocaba.com.br\/sobre\/wp-content\/uploads\/teatro-municipal-de-sorocaba-300x83.jpg 300w\" sizes=\"auto, (max-width: 680px) 100vw, 680px\" \/><\/p>\n<p align=\"justify\">Entre 2014 e 2015, o <em>Teatro Municipal Teot\u00f4nio Vilela<\/em>, passou por um processo de melhorias, com compra de novos equipamentos e mobili\u00e1rio, al\u00e9m reforma em sua infraestrutura.<\/p>\n<p><span class=\"text_exposed_show\">No hall de entrada do Teatro, abriga o acervo do Museu do Teatro, que preserva objetos e documenta\u00e7\u00e3o dos espet\u00e1culos ali exibidos. Desta \u00e1rea \u00e9 poss\u00edvel ter uma vis\u00e3o do brise-soleil em concreto armado que reveste as principais janelas do pr\u00e9dio e cria uma vis\u00e3o particular do Lago de Carpas.<\/span><\/p>\n<h2>Teatro Municipal de Sorocaba Programa\u00e7\u00e3o<\/h2>\n<p>O Teatro Municipal Teot\u00f4nio Vilela oferece na sua programa\u00e7\u00e3o uma enorme diversidade. Pe\u00e7as infantis e adultas est\u00e3o sempre na programa\u00e7\u00e3o do teatro. Para consultar os dias, hor\u00e1rios e sess\u00f5es voc\u00ea pode acessar o site do Teatro e da <a href=\"http:\/\/www.encontrasorocaba.com.br\/sobre\/prefeitura-de-sorocaba\/\">Prefeitura de Sorocaba<\/a>.<\/p>\n<h3>Capacidade Teatro Municipal de Sorocaba<\/h3>\n<p>Ap\u00f3s passar por uma grande reforma no ano de 2015 o <em>Teatro Municipal de Sorocaba<\/em> aumentou sua capacidade e infraestrutura. Hoje o Teatro Municipal de Sorocaba consegue receber 414 pessoas por sess\u00e3o (sendo 4 para obesos e 4 para cadeirantes).<em><br \/>\n<\/em><\/p>\n<h3>Teatro Municipal de Sorocaba Ingressos<\/h3>\n<p>Os ingressos s\u00e3o vendidos antecipadamente em postos de vendas estipulados por cada produ\u00e7\u00e3o, e vendidos tamb\u00e9m uma hora antes do espet\u00e1culo caso tenha sobra deles no dia do evento. O pagamento \u00e9 aceito somente em dinheiro. O Teatro Municipal ainda n\u00e3o aceita cart\u00f5es de d\u00e9bito e cr\u00e9dito.<\/p>\n<h3>Hor\u00e1rio de Funcionamento Teatro Municipal em Sorocaba<\/h3>\n<ul>\n<li>O hor\u00e1rio de funcionamento varia de acordo com o espet\u00e1culo em cartaz<\/li>\n<\/ul>\n<h3>Endere\u00e7o e Telefone Teatro Municipal de Sorocaba<\/h3>\n<ul>\n<li>Avenida Engenheiros Carlos Reinaldo Mendes, s\/n \u2013 Sorocaba<\/li>\n<li>Telefone: (15) 3238-2222<\/li>\n<\/ul>\n<h4>Outras informa\u00e7\u00f5es e site:<\/h4>\n<ul>\n<li>Mais informa\u00e7\u00f5es: <a href=\"http:\/\/www.sorocaba.sp.gov.br\/tmtv\" target=\"_blank\" rel=\"noopener noreferrer\">www.sorocaba.sp.gov.br\/tmtv<\/a><\/li>\n<li>E-mail: tmtv@sorocaba.sp.gov.br<\/li>\n<\/ul>\n<h4>Mapa de localiza\u00e7\u00e3o:<\/h4>\n<a class=\"wp-colorbox-iframe\" href=\"https:\/\/www.google.com\/maps\/embed?pb=!1m14!1m8!1m3!1d14638.177208219195!2d-47.4230999!3d-23.4768966!3m2!1i1024!2i768!4f13.1!3m3!1m2!1s0x00x7e5a48be0323d21b!2sTeatro+Municipal+Teotonio+Vilela!5e0!3m2!1spt-BR!2sbr!4v1498230154809\"><img decoding=\"async\" src=\"http:\/\/www.encontrasorocaba.com.br\/imgs\/maps-post.png\"><\/a>\n\n<div style=\"font-size: 0px; height: 0px; line-height: 0px; margin: 0; padding: 0; clear: both;\"><\/div>","protected":false},"excerpt":{"rendered":"<p>O Teatro Municipal de Sorocaba foi inaugurado em 29 de janeiro de 1983. O Teatro Municipal Teot\u00f4nio Vilela (TMTV) est\u00e1 localizado em uma regi\u00e3o que, desde a d\u00e9cada de 1970 foi chamada de Parque Administrativo da cidade. O complexo conta com diversos pontos de interesse administrativo e cultural, como os F\u00f3runs C\u00edvel e Criminal, Minist\u00e9rio do Trabalho, Receita Federal, al\u00e9m de sediar algumas das principais emissoras de r\u00e1dio, jornal e televis\u00e3o. Entre 2014 e 2015, o Teatro Municipal Teot\u00f4nio Vilela, passou por um processo de melhorias, com compra de novos equipamentos e mobili\u00e1rio, al\u00e9m reforma em sua infraestrutura. No hall <\/p>\n","protected":false},"author":1,"featured_media":0,"parent":0,"menu_order":0,"comment_status":"closed","ping_status":"closed","template":"","meta":{"footnotes":""},"class_list":["post-4058","page","type-page","status-publish","hentry"],"_links":{"self":[{"href":"https:\/\/www.encontrasorocaba.com.br\/sobre\/wp-json\/wp\/v2\/pages\/4058","targetHints":{"allow":["GET"]}}],"collection":[{"href":"https:\/\/www.encontrasorocaba.com.br\/sobre\/wp-json\/wp\/v2\/pages"}],"about":[{"href":"https:\/\/www.encontrasorocaba.com.br\/sobre\/wp-json\/wp\/v2\/types\/page"}],"author":[{"embeddable":true,"href":"https:\/\/www.encontrasorocaba.com.br\/sobre\/wp-json\/wp\/v2\/users\/1"}],"replies":[{"embeddable":true,"href":"https:\/\/www.encontrasorocaba.com.br\/sobre\/wp-json\/wp\/v2\/comments?post=4058"}],"version-history":[{"count":0,"href":"https:\/\/www.encontrasorocaba.com.br\/sobre\/wp-json\/wp\/v2\/pages\/4058\/revisions"}],"wp:attachment":[{"href":"https:\/\/www.encontrasorocaba.com.br\/sobre\/wp-json\/wp\/v2\/media?parent=4058"}],"curies":[{"name":"wp","href":"https:\/\/api.w.org\/{rel}","templated":true}]}}