{"id":4056,"date":"2017-05-29T19:11:15","date_gmt":"2017-05-29T19:11:15","guid":{"rendered":"http:\/\/www.encontrasorocaba.com.br\/noticias\/?page_id=4056"},"modified":"2019-02-28T19:59:21","modified_gmt":"2019-02-28T19:59:21","slug":"spc-em-sorocaba","status":"publish","type":"page","link":"https:\/\/www.encontrasorocaba.com.br\/sobre\/spc-em-sorocaba\/","title":{"rendered":"SPC em Sorocaba"},"content":{"rendered":"<div class=\"bf54deaa11a4587a41abacdf5428af85\" data-index=\"1\" style=\"float: none; margin:0px;\">\n<!-- Anuncio display - global -->\r\n<ins class=\"adsbygoogle\"\r\n     style=\"display:block\"\r\n     data-ad-client=\"ca-pub-8585364105181520\"\r\n     data-ad-slot=\"8789329856\"\r\n     data-ad-format=\"auto\"\r\n     data-full-width-responsive=\"true\"><\/ins>\r\n<script>\r\n     (adsbygoogle = window.adsbygoogle || []).push({});\r\n<\/script>\n<\/div>\n<p>A sigla <strong>SPC<\/strong> significa <strong>Servi\u00e7o de Prote\u00e7\u00e3o ao Cr\u00e9dito<\/strong>, que \u00e9 um banco de dados privado de informa\u00e7\u00f5es de cr\u00e9dito, de car\u00e1ter p\u00fablico, de acordo com a defini\u00e7\u00e3o do C\u00f3digo de Defesa do Consumidor, gerido e alimentado por associa\u00e7\u00f5es comerciais e c\u00e2maras de dirigentes lojistas do pa\u00eds. Existe tamb\u00e9m a\u00a0(ce)-(ra)-(za) uma empresa privada que possui um dos maiores bancos de dados do Brasil.<\/p>\n<h2>SPC Sorocaba SP: Telefone e Servi\u00e7os<\/h2>\n<p>O SPC e o (ce)-(ra)-(za) t\u00eam a mesma fun\u00e7\u00e3o: informar quem est\u00e1 com o nome sujo e dar outras informa\u00e7\u00f5es importantes para as empresas que desejam vender a prazo ou conceder empr\u00e9stimos. A (ce)-(ra)-(za)\u00a0recebe a maior parte das informa\u00e7\u00f5es sobre quem tem d\u00edvida em bancos, enquanto o SPC tem mais acesso aos dados de consumidores que devem no com\u00e9rcio.<\/p>\n<p>Se voc\u00ea \u00e9 negativado, a informa\u00e7\u00e3o \u00e9 compartilhada para o banco de dados das duas empresas. Ent\u00e3o, as principais diferen\u00e7as entre a (ce)-(ra)-(za) e o SPC est\u00e3o relacionadas \u00e0 cria\u00e7\u00e3o e aos tipos de consulta do CPF.<\/p>\n<h3>Consulta (ce)-(ra)-(za) Sorocaba<\/h3>\n<p><em>Consultar CPF no (ce)-(ra)-(za) Pessoalmente<\/em><br \/>\nPara realizar a consulta presencial \u00e9 preciso se dirigir at\u00e9 um posto de atendimento. Apresentar um documento oficial com foto.<\/p>\n<p><em>Consultar CPF gr\u00e1tis na Internet<\/em><br \/>\nA consulta no site da empresa (ce)-(ra)-(za) \u00e9 gratuita. \u00c9 necess\u00e1rio criar um cadastro com os seus dados pessoais.<\/p>\n<h3>Consulta SPC Sorocaba<\/h3>\n<p><em>Consultar SPC \/ SERASA \/ Protesto Pessoalmente<\/em><br \/>\nPara realizar a consulta ou protesto em seu CPF no SPC \u00e9 necess\u00e1rio se dirigir at\u00e9 um posto de atendimento doo CDL em Sorocaba.<\/p>\n<p>A consulta realizada se chama: Consulta para Terceiros. Esta consulta n\u00e3o \u00e9 gratuita, existe um custo que deve ser verificado junto ao CDL da sua regi\u00e3o.<\/p>\n<p>Servi\u00e7os gratuitos no SPC \/ CDL: CADASTRO POSITIVO<\/p>\n<p>No CDL \u00e9 realizado Inclus\u00e3o no Cadastro Positivo (gr\u00e1tis) que ajuda o consumidor na sua rela\u00e7\u00e3o com o mercado, bancos e financeiras, facilitando:<\/p>\n<p>&#8211; Aumento de Score de cr\u00e9dito CPF<br \/>\n&#8211; Informa\u00e7\u00f5es de Como aumento de Score CPF<br \/>\n&#8211; Informa\u00e7\u00f5es cadastrais de Consumidor<\/p>\n<p><em>Consultar CPF no SPC Sorocaba na Internet<\/em><br \/>\nAtualmente o SPC n\u00e3o fornece nenhuma forma de consulta gr\u00e1tis em seu site ( www.spcbrasil.org.br ), as consultas s\u00e3o pagas.<\/p>\n<h3>Hor\u00e1rio de Funcionamento do SPC Sorocaba<\/h3>\n<p>Consulte a unidade CDL de Sorocaba<\/p>\n<h3>Telefone do SPC Sorocaba<\/h3>\n<p>Telefone: (15) 3231-7176 \/ (15) 3224-1241<br \/>\nSPC Sorocaba<br \/>\nEndere\u00e7o: Rua Miranda de Azevedo, 48 &#8211; Centro &#8211; Sorocaba SP<br \/>\nVeja outras Unidades SPC S\u00e3o Paulo<\/p>\n\n<div style=\"font-size: 0px; height: 0px; line-height: 0px; margin: 0; padding: 0; clear: both;\"><\/div>","protected":false},"excerpt":{"rendered":"<p>A sigla SPC significa Servi\u00e7o de Prote\u00e7\u00e3o ao Cr\u00e9dito, que \u00e9 um banco de dados privado de informa\u00e7\u00f5es de cr\u00e9dito, de car\u00e1ter p\u00fablico, de acordo com a defini\u00e7\u00e3o do C\u00f3digo de Defesa do Consumidor, gerido e alimentado por associa\u00e7\u00f5es comerciais e c\u00e2maras de dirigentes lojistas do pa\u00eds. Existe tamb\u00e9m a\u00a0(ce)-(ra)-(za) uma empresa privada que possui um dos maiores bancos de dados do Brasil. SPC Sorocaba SP: Telefone e Servi\u00e7os O SPC e o (ce)-(ra)-(za) t\u00eam a mesma fun\u00e7\u00e3o: informar quem est\u00e1 com o nome sujo e dar outras informa\u00e7\u00f5es importantes para as empresas que desejam vender a prazo ou conceder <\/p>\n","protected":false},"author":1,"featured_media":0,"parent":0,"menu_order":0,"comment_status":"closed","ping_status":"closed","template":"","meta":{"footnotes":""},"class_list":["post-4056","page","type-page","status-publish","hentry"],"_links":{"self":[{"href":"https:\/\/www.encontrasorocaba.com.br\/sobre\/wp-json\/wp\/v2\/pages\/4056","targetHints":{"allow":["GET"]}}],"collection":[{"href":"https:\/\/www.encontrasorocaba.com.br\/sobre\/wp-json\/wp\/v2\/pages"}],"about":[{"href":"https:\/\/www.encontrasorocaba.com.br\/sobre\/wp-json\/wp\/v2\/types\/page"}],"author":[{"embeddable":true,"href":"https:\/\/www.encontrasorocaba.com.br\/sobre\/wp-json\/wp\/v2\/users\/1"}],"replies":[{"embeddable":true,"href":"https:\/\/www.encontrasorocaba.com.br\/sobre\/wp-json\/wp\/v2\/comments?post=4056"}],"version-history":[{"count":0,"href":"https:\/\/www.encontrasorocaba.com.br\/sobre\/wp-json\/wp\/v2\/pages\/4056\/revisions"}],"wp:attachment":[{"href":"https:\/\/www.encontrasorocaba.com.br\/sobre\/wp-json\/wp\/v2\/media?parent=4056"}],"curies":[{"name":"wp","href":"https:\/\/api.w.org\/{rel}","templated":true}]}}