{"id":4054,"date":"2017-05-29T19:08:32","date_gmt":"2017-05-29T19:08:32","guid":{"rendered":"http:\/\/www.encontrasorocaba.com.br\/noticias\/?page_id=4054"},"modified":"2017-07-04T12:13:02","modified_gmt":"2017-07-04T12:13:02","slug":"sesi-sorocaba","status":"publish","type":"page","link":"https:\/\/www.encontrasorocaba.com.br\/sobre\/sesi-sorocaba\/","title":{"rendered":"SESI Sorocaba"},"content":{"rendered":"<div class=\"bf54deaa11a4587a41abacdf5428af85\" data-index=\"1\" style=\"float: none; margin:0px;\">\n<!-- Anuncio display - global -->\r\n<ins class=\"adsbygoogle\"\r\n     style=\"display:block\"\r\n     data-ad-client=\"ca-pub-8585364105181520\"\r\n     data-ad-slot=\"8789329856\"\r\n     data-ad-format=\"auto\"\r\n     data-full-width-responsive=\"true\"><\/ins>\r\n<script>\r\n     (adsbygoogle = window.adsbygoogle || []).push({});\r\n<\/script>\n<\/div>\n<p>O Servi\u00e7o Social da Ind\u00fastria &#8211; SESI \u00e9 uma entidade de direito privado, nos termos da lei civil, estruturada em base federativa para prestar assist\u00eancia social aos trabalhadores industriais e de atividades assemelhadas em todo o pa\u00eds.<\/p>\n<p>O <strong>Sesi Sorocaba<\/strong> \u00e9 parceiro das empresas, fornecendo apoio ativo na implanta\u00e7\u00e3o e desenvolvimento de projetos de benef\u00edcios sociais para funcion\u00e1rios<\/p>\n<p><img loading=\"lazy\" decoding=\"async\" class=\"alignnone wp-image-4917 size-full\" title=\"SESI Sorocaba\" src=\"http:\/\/www.encontrasorocaba.com.br\/sobre\/wp-content\/uploads\/sesi-sorocaba.jpg\" alt=\"SESI Sorocaba\" width=\"680\" height=\"189\" srcset=\"https:\/\/www.encontrasorocaba.com.br\/sobre\/wp-content\/uploads\/sesi-sorocaba.jpg 680w, https:\/\/www.encontrasorocaba.com.br\/sobre\/wp-content\/uploads\/sesi-sorocaba-300x83.jpg 300w\" sizes=\"auto, (max-width: 680px) 100vw, 680px\" \/><\/p>\n<p>O SESI exerce papel fundamental no desenvolvimento social brasileiro, colaborando efetivamente com a melhoria da qualidade de vida do trabalhador da ind\u00fastria, seus familiares e comunidade em geral por meio de seus servi\u00e7os nos campos da educa\u00e7\u00e3o, sa\u00fade, lazer e esporte, cultura, alimenta\u00e7\u00e3o e outros. \u00c9, tamb\u00e9m, parceiro das empresas, fornecendo apoio ativo na implanta\u00e7\u00e3o e desenvolvimento de projetos de benef\u00edcios sociais para funcion\u00e1rios.<em><br \/>\n<\/em><\/p>\n<p>O <strong>Centro de Atividades Senador Jos\u00e9 Erm\u00edrio de Moraes | SESI Sorocaba<\/strong> iniciou suas atividades em 1969, atrav\u00e9s de conv\u00eanio firmado com a <a href=\"http:\/\/www.encontrasorocaba.com.br\/sobre\/prefeitura-de-sorocaba\/\">Prefeitura Municipal de Sorocaba<\/a>.<\/p>\n<h2>Sesi Sorocaba Cursos<\/h2>\n<p>A unidade oferece solu\u00e7\u00f5es para as empresas industriais brasileiras por meio de uma rede integrada, que engloba atividades de educa\u00e7\u00e3o, seguran\u00e7a e sa\u00fade do trabalho, cultura e qualidade de vida.<\/p>\n<p>O <em>Sesi Sorocaba<\/em> oferece cursos nas \u00e1reas: Gourmet, Moda e Costura, Artesanato e Esporte.<\/p>\n<h3>Sesi Sorocaba Mangal<\/h3>\n<p>A unidade do Mangal oferece ensino no per\u00edodo integral para as turmas do 1\u00ba ao 5\u00ba ano do fundamental. Do 6\u00ba ao 9\u00ba anos, as aulas s\u00e3o em meio per\u00edodo. As turmas do ensino m\u00e9dio do Sesi Mangal acontecem em tempo parcial. A unidade atende mais de 600 alunos por ano.<em><br \/>\n<\/em><\/p>\n<h3>Sesi Sorocaba Clube<\/h3>\n<p>As unidades do Sesi oferecem um ambiente completo\u00a0para a realiza\u00e7\u00e3o de atividades f\u00edsicas, de forma frequente e saud\u00e1vel. As aulas, individuais ou em grupos, s\u00e3o realizadas com a orienta\u00e7\u00e3o de profissionais especializados em Educa\u00e7\u00e3o F\u00edsica.<\/p>\n<p>Estes servi\u00e7os s\u00e3o oferecidos para homens e mulheres acima de 14 anos. A piscina semiol\u00edmpica permanece em funcionamento no outono e inverno.<\/p>\n<h3>Hor\u00e1rio de Funcionamento Sesi em Sorocaba<\/h3>\n<ul>\n<li><strong>SECRETARIA \u00daNICA:<\/strong> Ter\u00e7a a Sexta das 8h30 \u00e0s 20h e Segundas e S\u00e1bados das 8h30 \u00e0s 16h<\/li>\n<li><strong>SECRETARIA ESCOLAR:<\/strong> Segunda a Sexta das 8h30 \u00e0s 13h00 e das 14h00 \u00e0s 16h30<\/li>\n<li><strong>CENTRO DE QUALIDADE DE VIDA:<\/strong> Ter\u00e7a a Sexta, das 8h \u00e0s 21h e S\u00e1bados, domingos e feriados: 9h \u00e0s 17h30<\/li>\n<li><strong>ACADEMIA:<\/strong> Segunda a Sexta das 6h \u00e0s 12h e das 15h \u00e0s 21h e S\u00e1bados das 9h \u00e0s 13h<\/li>\n<li><strong>PISCINAS:<\/strong> Ter\u00e7a a Sexta das 9h \u00e0s 20h30 e S\u00e1bados, domingos e feriados das 9h \u00e0s 17h30<\/li>\n<\/ul>\n<p>Obs: Apenas a piscina semiol\u00edmpica permanece em funcionamento no outono e inverno<\/p>\n<h3>Endere\u00e7o e Telefone Sesi Sorocaba<\/h3>\n<ul>\n<li>Rua Duque de Caxias, 494 &#8211; Mangal &#8211; Sorocaba &#8211; SP &#8211; CEP: 18040-425<\/li>\n<li>Telefone: (15) 3388-0444<\/li>\n<\/ul>\n<h4>Outras informa\u00e7\u00f5es e site:<\/h4>\n<ul>\n<li>Mais informa\u00e7\u00f5es: <a href=\"https:\/\/sorocaba.sesisp.org.br\/\" target=\"_blank\" rel=\"noopener noreferrer\">www.sorocaba.sesisp.org.br<\/a><\/li>\n<li>E-mail: susorocaba@sesisp.org.br<\/li>\n<\/ul>\n<h4>Mapa de localiza\u00e7\u00e3o:<\/h4>\n<a class=\"wp-colorbox-iframe\" href=\"https:\/\/www.google.com\/maps\/embed?pb=!1m14!1m8!1m3!1d14634.821745373414!2d-47.4684875!3d-23.5071171!3m2!1i1024!2i768!4f13.1!3m3!1m2!1s0x00x112fc221224c6e1a!2sSESI!5e0!3m2!1spt-BR!2sbr!4v1498759604510\"><img decoding=\"async\" src=\"http:\/\/www.encontrasorocaba.com.br\/imgs\/maps-post.png\"><\/a>\n\n<div style=\"font-size: 0px; height: 0px; line-height: 0px; margin: 0; padding: 0; clear: both;\"><\/div>","protected":false},"excerpt":{"rendered":"<p>O Servi\u00e7o Social da Ind\u00fastria &#8211; SESI \u00e9 uma entidade de direito privado, nos termos da lei civil, estruturada em base federativa para prestar assist\u00eancia social aos trabalhadores industriais e de atividades assemelhadas em todo o pa\u00eds. O Sesi Sorocaba \u00e9 parceiro das empresas, fornecendo apoio ativo na implanta\u00e7\u00e3o e desenvolvimento de projetos de benef\u00edcios sociais para funcion\u00e1rios O SESI exerce papel fundamental no desenvolvimento social brasileiro, colaborando efetivamente com a melhoria da qualidade de vida do trabalhador da ind\u00fastria, seus familiares e comunidade em geral por meio de seus servi\u00e7os nos campos da educa\u00e7\u00e3o, sa\u00fade, lazer e esporte, cultura, <\/p>\n","protected":false},"author":1,"featured_media":0,"parent":0,"menu_order":0,"comment_status":"closed","ping_status":"closed","template":"","meta":{"footnotes":""},"class_list":["post-4054","page","type-page","status-publish","hentry"],"_links":{"self":[{"href":"https:\/\/www.encontrasorocaba.com.br\/sobre\/wp-json\/wp\/v2\/pages\/4054","targetHints":{"allow":["GET"]}}],"collection":[{"href":"https:\/\/www.encontrasorocaba.com.br\/sobre\/wp-json\/wp\/v2\/pages"}],"about":[{"href":"https:\/\/www.encontrasorocaba.com.br\/sobre\/wp-json\/wp\/v2\/types\/page"}],"author":[{"embeddable":true,"href":"https:\/\/www.encontrasorocaba.com.br\/sobre\/wp-json\/wp\/v2\/users\/1"}],"replies":[{"embeddable":true,"href":"https:\/\/www.encontrasorocaba.com.br\/sobre\/wp-json\/wp\/v2\/comments?post=4054"}],"version-history":[{"count":0,"href":"https:\/\/www.encontrasorocaba.com.br\/sobre\/wp-json\/wp\/v2\/pages\/4054\/revisions"}],"wp:attachment":[{"href":"https:\/\/www.encontrasorocaba.com.br\/sobre\/wp-json\/wp\/v2\/media?parent=4054"}],"curies":[{"name":"wp","href":"https:\/\/api.w.org\/{rel}","templated":true}]}}