{"id":4050,"date":"2017-05-29T19:06:12","date_gmt":"2017-05-29T19:06:12","guid":{"rendered":"http:\/\/www.encontrasorocaba.com.br\/noticias\/?page_id=4050"},"modified":"2019-05-15T19:34:42","modified_gmt":"2019-05-15T19:34:42","slug":"santa-casa-de-sorocaba","status":"publish","type":"page","link":"https:\/\/www.encontrasorocaba.com.br\/sobre\/santa-casa-de-sorocaba\/","title":{"rendered":"Santa Casa de Sorocaba"},"content":{"rendered":"<div class=\"bf54deaa11a4587a41abacdf5428af85\" data-index=\"1\" style=\"float: none; margin:0px;\">\n<!-- Anuncio display - global -->\r\n<ins class=\"adsbygoogle\"\r\n     style=\"display:block\"\r\n     data-ad-client=\"ca-pub-8585364105181520\"\r\n     data-ad-slot=\"8789329856\"\r\n     data-ad-format=\"auto\"\r\n     data-full-width-responsive=\"true\"><\/ins>\r\n<script>\r\n     (adsbygoogle = window.adsbygoogle || []).push({});\r\n<\/script>\n<\/div>\n<p>A Santa Casa de sorocaba viabiliza um novo conceito de atendimento a seus milhares de clientes.<br \/>\nSua carteira registra mais de 23.000 vidas com particulares e mant\u00eam contratos de atendimento com pequenas, m\u00e9dias e grandes empresas, o que lhe tem possibilitado um trabalho de intensidade e alta qualidade.<\/p>\n<p><img decoding=\"async\" src=\"http:\/\/www.encontrasorocaba.com.br\/imgs\/imagens-sorocaba\/santa-casa-de-sorocaba.jpg\" alt=\"Santa Casa de Sorocaba\" \/><\/p>\n<p>Tamb\u00e9m viabiliza diversos eventos na \u00e1rea da sa\u00fade.<\/p>\n<p>A Santa Casa participa de forma institucional em diversos atos sociais principalmente atrav\u00e9s do apoio e patroc\u00ednio de atividades esportivas, culturais e sociais.<\/p>\n<p>Santa Casa de Sorocaba<br \/>\nEndere\u00e7o: Avenida S\u00e3o Paulo, 750 &#8211; Cidade Sorocaba &#8211; SP<br \/>\nTelefone: (15) 2101.8002<\/p>\n\n<div style=\"font-size: 0px; height: 0px; line-height: 0px; margin: 0; padding: 0; clear: both;\"><\/div>","protected":false},"excerpt":{"rendered":"<p>A Santa Casa de sorocaba viabiliza um novo conceito de atendimento a seus milhares de clientes. Sua carteira registra mais de 23.000 vidas com particulares e mant\u00eam contratos de atendimento com pequenas, m\u00e9dias e grandes empresas, o que lhe tem possibilitado um trabalho de intensidade e alta qualidade. Tamb\u00e9m viabiliza diversos eventos na \u00e1rea da sa\u00fade. A Santa Casa participa de forma institucional em diversos atos sociais principalmente atrav\u00e9s do apoio e patroc\u00ednio de atividades esportivas, culturais e sociais. Santa Casa de Sorocaba Endere\u00e7o: Avenida S\u00e3o Paulo, 750 &#8211; Cidade Sorocaba &#8211; SP Telefone: (15) 2101.8002<\/p>\n","protected":false},"author":1,"featured_media":0,"parent":0,"menu_order":0,"comment_status":"closed","ping_status":"closed","template":"","meta":{"footnotes":""},"class_list":["post-4050","page","type-page","status-publish","hentry"],"_links":{"self":[{"href":"https:\/\/www.encontrasorocaba.com.br\/sobre\/wp-json\/wp\/v2\/pages\/4050","targetHints":{"allow":["GET"]}}],"collection":[{"href":"https:\/\/www.encontrasorocaba.com.br\/sobre\/wp-json\/wp\/v2\/pages"}],"about":[{"href":"https:\/\/www.encontrasorocaba.com.br\/sobre\/wp-json\/wp\/v2\/types\/page"}],"author":[{"embeddable":true,"href":"https:\/\/www.encontrasorocaba.com.br\/sobre\/wp-json\/wp\/v2\/users\/1"}],"replies":[{"embeddable":true,"href":"https:\/\/www.encontrasorocaba.com.br\/sobre\/wp-json\/wp\/v2\/comments?post=4050"}],"version-history":[{"count":0,"href":"https:\/\/www.encontrasorocaba.com.br\/sobre\/wp-json\/wp\/v2\/pages\/4050\/revisions"}],"wp:attachment":[{"href":"https:\/\/www.encontrasorocaba.com.br\/sobre\/wp-json\/wp\/v2\/media?parent=4050"}],"curies":[{"name":"wp","href":"https:\/\/api.w.org\/{rel}","templated":true}]}}