{"id":4048,"date":"2017-05-29T19:05:22","date_gmt":"2017-05-29T19:05:22","guid":{"rendered":"http:\/\/www.encontrasorocaba.com.br\/noticias\/?page_id=4048"},"modified":"2019-05-15T19:34:41","modified_gmt":"2019-05-15T19:34:41","slug":"prefeitura-de-sorocaba","status":"publish","type":"page","link":"https:\/\/www.encontrasorocaba.com.br\/sobre\/prefeitura-de-sorocaba\/","title":{"rendered":"Prefeitura de Sorocaba"},"content":{"rendered":"<div class=\"bf54deaa11a4587a41abacdf5428af85\" data-index=\"1\" style=\"float: none; margin:0px;\">\n<!-- Anuncio display - global -->\r\n<ins class=\"adsbygoogle\"\r\n     style=\"display:block\"\r\n     data-ad-client=\"ca-pub-8585364105181520\"\r\n     data-ad-slot=\"8789329856\"\r\n     data-ad-format=\"auto\"\r\n     data-full-width-responsive=\"true\"><\/ins>\r\n<script>\r\n     (adsbygoogle = window.adsbygoogle || []).push({});\r\n<\/script>\n<\/div>\n<p>O Pal\u00e1cio dos Tropeiros \u00e9 o edif\u00edcio sede da <strong>Prefeitura Municipal de Sorocaba, SP<\/strong>. O Pal\u00e1cio dos Tropeiros \u00e9 tamb\u00e9m conhecido como Pa\u00e7o Municipal. As obras de constru\u00e7\u00e3o tiveram in\u00edcio em 1979 e foi inaugurado em 1981. Foi concebido pelo arquiteto Luiz Arthur Guimar\u00e3es Navarrette.<\/p>\n<p>De in\u00edcio, a maioria da popula\u00e7\u00e3o criticava a constru\u00e7\u00e3o do novo Pa\u00e7o Municipal por ser obra imponente, \u201csuntuosa, fara\u00f4nica e cara\u201d.<\/p>\n<p><img loading=\"lazy\" decoding=\"async\" class=\"alignnone wp-image-4248 size-full\" title=\"Prefeitura de Sorocaba\" src=\"http:\/\/www.encontrasorocaba.com.br\/sobre\/wp-content\/uploads\/prefietura-de-sorocaba1.png\" alt=\"Prefeitura de Sorocaba\" width=\"680\" height=\"189\" srcset=\"https:\/\/www.encontrasorocaba.com.br\/sobre\/wp-content\/uploads\/prefietura-de-sorocaba1.png 680w, https:\/\/www.encontrasorocaba.com.br\/sobre\/wp-content\/uploads\/prefietura-de-sorocaba1-300x83.png 300w\" sizes=\"auto, (max-width: 680px) 100vw, 680px\" \/><\/p>\n<p>Foi idealizado pelo ent\u00e3o prefeito Jos\u00e9 Theodoro Mendes. O pr\u00e9dio foi inaugurado a 15 de junho de 1981. Ap\u00f3s alguns anos, a opini\u00e3o da popula\u00e7\u00e3o mudou e o local tornou-se uma das maravilhas de Sorocaba.<\/p>\n<p>O <strong>Pal\u00e1cio dos Tropeiros<\/strong>, al\u00e9m de sua funcionalidade administrativa, constitui ponto tur\u00edstico e patrim\u00f4nio hist\u00f3rico de Sorocaba. O pr\u00e9dio possui jardim suspenso e elevador panor\u00e2mico. Configura \u00e1rea de lazer e \u00e9 cercado por um lago artificial com chafariz (habitado por peixes como carpas, til\u00e1pias e aves aqu\u00e1ticas como cisnes, gansos e patos), jardim com gramado, flores, arbustos e arboriza\u00e7\u00e3o, pista de caminhada, parque infantil com jardins. O pr\u00e9dio tamb\u00e9m abriga a <a href=\"http:\/\/www.encontrasorocaba.com.br\/sobre\/biblioteca-municipal-de-sorocaba\/\">Biblioteca Municipal de Sorocaba<\/a>.<\/p>\n<p>Situa-se numa regi\u00e3o alta permitindo se ter uma vista panor\u00e2mica privilegiada para a cidade e para o Morro de Ipanema. No local h\u00e1 tamb\u00e9m a pista de caminhada Odilon Ara\u00fajo (em saibro e cimento), com um percurso de 1.640m. Todos os anos no m\u00eas de agosto ocorre o Festival das Pipas.<\/p>\n<h2>IPTU Prefeitura de Sorocaba<\/h2>\n<p>Todos os anos os propriet\u00e1rios de um ou mais im\u00f3veis na cidade de Sorocaba devem pagar o <em>IPTU (Imposto Predial e Territorial Urbano)<\/em>. Em alguns casos, o possuidor, mesmo n\u00e3o sendo o propriet\u00e1rio, \u00e9 o contribuinte do imposto. Na cidade de Sorocaba o contribuinte pode pagar o valor em cota \u00fanica (com desconto) ou em at\u00e9 dez cotas iguais. Voc\u00ea pode consultar e imprimir a segunda via do seu IPTU diretamente no site da Prefeitura de Sorocaba.<em><br \/>\n<\/em><\/p>\n<h3>ISS Prefeitura de Sorocaba<\/h3>\n<p>O<em> ISS \u00e9 o Imposto Sobre Servi\u00e7os . <\/em>Ele \u00e9 um tributo de compet\u00eancia dos munic\u00edpios e Distrito Federal e incide sobre a presta\u00e7\u00e3o de servi\u00e7os. O ISS da Prefeitura de Sorocaba &#8211; SP \u00e9 pago pelas empresas prestadoras de servi\u00e7os e profissionais aut\u00f4nomos. Todas as informa\u00e7\u00f5es necess\u00e1rias e d\u00favidas sobre o ISS da Prefeitura de Sorocaba podem ser esclarecidos diretamente no site da Prefeitura.<em><br \/>\n<\/em><\/p>\n<h3>Concursos Prefeitura de Sorocaba<\/h3>\n<p>A Prefeitura realiza periodicamente <em>concursos p\u00fablicos da Prefeitura de Sorocaba<\/em> com oportunidades para diversos cargos. O primeiro passo para a abertura \u00e9 divulgado no <em>Di\u00e1rio Oficial da Prefeitura de Sorocaba<\/em>, que \u00e9 a constitui\u00e7\u00e3o da comiss\u00e3o do certame. No documento constar\u00e1 as chances de cada setor e a escolaridade exigida de cada pessoa para o concurso da prefeitura de Sorocaba.<\/p>\n<p>Para acompanhar o andamento e obter maiores informa\u00e7\u00f5es sobre vagas, consulte o site da Prefeitura de Sorocaba com cronogramas e outras especificidades dos concursos p\u00fablicos e processos seletivos que ocorrem.<\/p>\n<h3>Habita\u00e7\u00e3o Prefeitura de Sorocaba<\/h3>\n<p>A <em>Secretaria de Habita\u00e7\u00e3o da Prefeitura de Sorocaba<\/em> conta com estudos e projetos criados para sanar problemas referentes \u00e0 constru\u00e7\u00e3o de moradias para fam\u00edlias em \u00e1reas de risco, melhoramentos em submoradias e habita\u00e7\u00f5es em processo de regulariza\u00e7\u00e3o fundi\u00e1ria. Voc\u00ea pode se inscrever nos projetos habitacionais da cidade pelo site ou indo pessoalmente a sede da Prefeitura de Sorocaba.<\/p>\n<h3>Educa\u00e7\u00e3o Prefeitura de Sorocaba<\/h3>\n<p>A <em>Secretaria da Educa\u00e7\u00e3o da Prefeitura de Sorocaba<\/em> busca implementar e gerir pol\u00edticas p\u00fablicas educativas que garantam o desenvolvimento f\u00edsico, social, econ\u00f4mico, pol\u00edtico e cultural dos moradores de Sorocaba. As a\u00e7\u00f5es e consultar sobre projetos na \u00e1rea de Educa\u00e7\u00e3o da cidade de Sorocaba podem ser acompanhadas diretamente com a Secretaria ou no site da Prefeitura.<\/p>\n<h3>Nfe &#8211; Prefeitura de Sorocaba Nota Fiscal<\/h3>\n<p>A <em>Nota Fiscal de Servi\u00e7os Eletr\u00f4nica \u2013 NFS-e<\/em> \u00e9 o documento fiscal de exist\u00eancia apenas digital que substituir\u00e1 as tradicionais notas fiscais de servi\u00e7os impressas. A NFS-e, implantada pela SECRETARIA DA FAZENDA, ser\u00e1 emitida e armazenada eletronicamente em programa de computador da <em>Prefeitura de Sorocaba<\/em>, com o objetivo de materializar os fatos geradores do ISSQN \u2013 Imposto Sobre Servi\u00e7os de Qualquer Natureza, por meio do registro eletr\u00f4nico das presta\u00e7\u00f5es de servi\u00e7os sujeitas \u00e0 tributa\u00e7\u00e3o do ISSQN. Outras respostas a perguntas frequentes sobre o SIMPLES NACIONAL podem ser obtidas no site da Receita Federal do Brasil.<\/p>\n<h3>Jornal da Prefeitura de Sorocaba &#8211; Di\u00e1rio Oficial Prefeitura Sorocaba<\/h3>\n<p>O Di\u00e1rio Oficial de Sorocaba publica diariamente os atos oficiais no \u00e2mbito do governo municipal, tais como leis, decretos, portarias, editais de licita\u00e7\u00e3o, edital de concursos da prefeitura de Sorocaba, nomea\u00e7\u00f5es e exonera\u00e7\u00f5es dentre outros.<\/p>\n<p>Todos os dias, o conte\u00fado do <em>Di\u00e1rio Oficial da Prefeitura de Sorocaba<\/em> \u00e9 publicado integralmente online. S\u00e3o milhares de p\u00e1ginas publicadas. Para ter acesso ao Di\u00e1rio Oficial acesse o portal da Prefeitura.<\/p>\n<h3>Contra Cheque \/ Holerite Prefeitura de Sorocaba<\/h3>\n<p>Se voc\u00ea \u00e9 um\u00a0Servidor Municipal (ativo, inativo, aposentado ou pensionista) tem direito a consultar o <em>Contra Cheque da Prefeitura de Sorocaba<\/em> sempre que achar necess\u00e1rio. Para realizar o acesso voc\u00ea deve ter em m\u00e3os ou o n\u00famero da sua matr\u00edcula ou o n\u00famero do seu CPF.<br \/>\nVoc\u00ea ter\u00e1 acesso\u00a0online \u00e0s informa\u00e7\u00f5es funcionais, como:<\/p>\n<ul>\n<li style=\"list-style-type: none;\">\n<ul>\n<li>Comprovante de rendimentos pagos;<\/li>\n<li>Holerites;<\/li>\n<li>Comprovante de imposto sobre renda retido na fonte.<\/li>\n<\/ul>\n<\/li>\n<\/ul>\n<h3>Vagas de Emprego Prefeitura de Sorocaba<\/h3>\n<p>Para ter acesso a rela\u00e7\u00e3o de <em>vagas de emprego para a Prefeitura Municipal de Sorocaba<\/em> \u00e9 importante estar cadastrado no banco de dados do sistema e ficar atento \u00e0s vagas de emprego. Essas oportunidades est\u00e3o sujeitas ao preenchimento imediato ou cancelamento. Voc\u00ea pode acompanhar a abertura das vagas no site da Prefeitura ou nas ag\u00eancias de emprego da cidade.<\/p>\n<h3>CND &#8211; Certid\u00e3o Negativa de D\u00e9bitos Prefeitura Sorocaba<\/h3>\n<p>A <em>Certid\u00e3o Negativa de D\u00e9bitos (CND)<\/em> \u00e9 um documento emitido pela receita federal cuja fun\u00e7\u00e3o \u00e9 comprovar que a pessoa ou objeto (carro, im\u00f3vel, terreno, entre outros) n\u00e3o possui d\u00e9bito junto aos \u00f3rg\u00e3os p\u00fablicos, ou seja, que n\u00e3o existem a\u00e7\u00f5es civil, criminal ou federal com rela\u00e7\u00e3o a essa pessoa ou objeto.<\/p>\n<p>No site da Prefeitura de Sorocaba \u00e9 poss\u00edvel consultar, imprimir e validar diversos tipos de Certid\u00f5es Negativas.<\/p>\n<h3>CNPJ Prefeitura de Sorocaba<\/h3>\n<ul>\n<li>CNPJ Prefeitura de Sorocaba:\u00a0 10.565.000\/0001-92<\/li>\n<\/ul>\n<h3>Hor\u00e1rio de Atendimento Prefeitura de Sorocaba<\/h3>\n<ul>\n<li>De Segunda a Sexta das 09 \u00e0s 17hrs<\/li>\n<\/ul>\n<h3>Endere\u00e7o e Telefone Prefeitura de Sorocaba &#8211; SP<\/h3>\n<ul>\n<li>Avenida Engenheiro Carlos Reinaldo Mendes, 3041 &#8211; Alto da Boa Vista \u2013 CEP: 18013-280<\/li>\n<li>Telefone: (15) 3238-2100<\/li>\n<\/ul>\n<h4>Outras informa\u00e7\u00f5es e site:<\/h4>\n<ul>\n<li>Mais informa\u00e7\u00f5es: <a href=\"http:\/\/www.sorocaba.sp.gov.br\" target=\"_blank\" rel=\"noopener noreferrer\">www.sorocaba.sp.gov.br<\/a><\/li>\n<li>Mais informa\u00e7\u00f5es:\u00a0<a href=\"https:\/\/www.prefeituras.org\/prefeitura-municipal-de-sorocaba-sp\/\" target=\"_blank\" rel=\"noopener noreferrer\">www.prefeituras.org\/prefeitura-municipal-de-sorocaba-sp<\/a><\/li>\n<li>Site Prefeitura de Sorocaba: <a href=\"http:\/\/www.prefeituradesorocaba.org\/\" target=\"_blank\" rel=\"noopener noreferrer\">www.prefeituradesorocaba.org<\/a><\/li>\n<li>E-mail : prefeitura@sorocaba.sp.gov.br<\/li>\n<\/ul>\n<h4>Mapa de localiza\u00e7\u00e3o:<\/h4>\n<a class=\"wp-colorbox-iframe\" href=\"https:\/\/www.google.com\/maps\/embed?pb=!1m14!1m8!1m3!1d14638.033948301945!2d-47.4241805!3d-23.4781876!3m2!1i1024!2i768!4f13.1!3m3!1m2!1s0x00x37370fb2246b1d5b!2sPrefeitura+Municipal+de+Sorocaba!5e0!3m2!1spt-BR!2sbr!4v1496762440872\"><img decoding=\"async\" src=\"http:\/\/www.encontrasorocaba.com.br\/imgs\/maps-post.png\"><\/a>\n\n<div style=\"font-size: 0px; height: 0px; line-height: 0px; margin: 0; padding: 0; clear: both;\"><\/div>","protected":false},"excerpt":{"rendered":"<p>O Pal\u00e1cio dos Tropeiros \u00e9 o edif\u00edcio sede da Prefeitura Municipal de Sorocaba, SP. O Pal\u00e1cio dos Tropeiros \u00e9 tamb\u00e9m conhecido como Pa\u00e7o Municipal. As obras de constru\u00e7\u00e3o tiveram in\u00edcio em 1979 e foi inaugurado em 1981. Foi concebido pelo arquiteto Luiz Arthur Guimar\u00e3es Navarrette. De in\u00edcio, a maioria da popula\u00e7\u00e3o criticava a constru\u00e7\u00e3o do novo Pa\u00e7o Municipal por ser obra imponente, \u201csuntuosa, fara\u00f4nica e cara\u201d. Foi idealizado pelo ent\u00e3o prefeito Jos\u00e9 Theodoro Mendes. O pr\u00e9dio foi inaugurado a 15 de junho de 1981. Ap\u00f3s alguns anos, a opini\u00e3o da popula\u00e7\u00e3o mudou e o local tornou-se uma das maravilhas de <\/p>\n","protected":false},"author":1,"featured_media":0,"parent":0,"menu_order":0,"comment_status":"closed","ping_status":"closed","template":"","meta":{"footnotes":""},"class_list":["post-4048","page","type-page","status-publish","hentry"],"_links":{"self":[{"href":"https:\/\/www.encontrasorocaba.com.br\/sobre\/wp-json\/wp\/v2\/pages\/4048","targetHints":{"allow":["GET"]}}],"collection":[{"href":"https:\/\/www.encontrasorocaba.com.br\/sobre\/wp-json\/wp\/v2\/pages"}],"about":[{"href":"https:\/\/www.encontrasorocaba.com.br\/sobre\/wp-json\/wp\/v2\/types\/page"}],"author":[{"embeddable":true,"href":"https:\/\/www.encontrasorocaba.com.br\/sobre\/wp-json\/wp\/v2\/users\/1"}],"replies":[{"embeddable":true,"href":"https:\/\/www.encontrasorocaba.com.br\/sobre\/wp-json\/wp\/v2\/comments?post=4048"}],"version-history":[{"count":0,"href":"https:\/\/www.encontrasorocaba.com.br\/sobre\/wp-json\/wp\/v2\/pages\/4048\/revisions"}],"wp:attachment":[{"href":"https:\/\/www.encontrasorocaba.com.br\/sobre\/wp-json\/wp\/v2\/media?parent=4048"}],"curies":[{"name":"wp","href":"https:\/\/api.w.org\/{rel}","templated":true}]}}