{"id":4046,"date":"2017-05-29T19:04:18","date_gmt":"2017-05-29T19:04:18","guid":{"rendered":"http:\/\/www.encontrasorocaba.com.br\/noticias\/?page_id=4046"},"modified":"2019-05-15T19:34:41","modified_gmt":"2019-05-15T19:34:41","slug":"poupatempo-sorocaba","status":"publish","type":"page","link":"https:\/\/www.encontrasorocaba.com.br\/sobre\/poupatempo-sorocaba\/","title":{"rendered":"Poupatempo Sorocaba"},"content":{"rendered":"<div class=\"bf54deaa11a4587a41abacdf5428af85\" data-index=\"1\" style=\"float: none; margin:0px;\">\n<!-- Anuncio display - global -->\r\n<ins class=\"adsbygoogle\"\r\n     style=\"display:block\"\r\n     data-ad-client=\"ca-pub-8585364105181520\"\r\n     data-ad-slot=\"8789329856\"\r\n     data-ad-format=\"auto\"\r\n     data-full-width-responsive=\"true\"><\/ins>\r\n<script>\r\n     (adsbygoogle = window.adsbygoogle || []).push({});\r\n<\/script>\n<\/div>\n<p>O Poupatempo \u00e9 um projeto do governo do Estado de S\u00e3o Paulo que oferece em um mesmo espa\u00e7o diversos servi\u00e7os de utilidade p\u00fablica, agilizando o atendimento e descomplicando o funcionamento de \u00f3rg\u00e3os do Estado.<\/p>\n<p>Atrav\u00e9s do <strong>Poupatempo Sorocaba<\/strong> \u00e9 poss\u00edvel emitir diversos documentos de forma r\u00e1pida.<\/p>\n<p><img loading=\"lazy\" decoding=\"async\" class=\"alignnone wp-image-4549 size-full\" title=\"Poupatempo Sorocaba\" src=\"http:\/\/www.encontrasorocaba.com.br\/sobre\/wp-content\/uploads\/poupatempo-sorocaba.png\" alt=\"Poupatempo Sorocaba\" width=\"680\" height=\"189\" srcset=\"https:\/\/www.encontrasorocaba.com.br\/sobre\/wp-content\/uploads\/poupatempo-sorocaba.png 680w, https:\/\/www.encontrasorocaba.com.br\/sobre\/wp-content\/uploads\/poupatempo-sorocaba-300x83.png 300w\" sizes=\"auto, (max-width: 680px) 100vw, 680px\" \/><\/p>\n<p>No Poupatempo Sorocaba voc\u00ea pode emitir: carteira de trabalho, RG, 2\u00aa via do RG, CNH, 2\u00aa via da CNH, IPVA, DPVAT, Nota Fiscal Paulista e etc.<\/p>\n<p>No <em>Poupatempo Sorocaba<\/em> voc\u00ea encontra servi\u00e7os como: <em>AcessaSP, Detran, Banco do Brasil, E-Poupatempo, Correios, Secret\u00e1ria da Fazenda, Instituto de Identifica\u00e7\u00e3o, Trabalho<\/em>, etc.\u00a0 O Poupatempo de Sorocaba &#8211; SP tem capacidade para mais de 110 mil atendimentos mensais. O pr\u00e9dio foi constru\u00eddo ao lado do Terminal S\u00e3o Paulo, o segundo maior terminal de \u00f4nibus da cidade.<\/p>\n<h2>Agendamento no Poupatempo em Sorocaba<\/h2>\n<p>Para agilizar o atendimento no <strong>Poupatempo Sorocaba<\/strong>, muitos dos servi\u00e7os s\u00f3 est\u00e3o dispon\u00edveis mediante ao agendamento pr\u00e9vio. Com o agendamento em m\u00e3os basta comparecer ao posto de atendimento com, pelo menos, quinze minutos de anteced\u00eancia do hor\u00e1rio marcado para ser atendido. Para sua comodidade, o agendamento dos servi\u00e7os pode ser feito pela internet ou pelo telefone. Voc\u00ea pode utilizar o AgendaSP para ter seu atendimento nos postos Poupatempo Sorocaba com dia e hora marcada.<\/p>\n<p>A forma mais r\u00e1pida de realizar o agendamento no Poupa tempo Sorocaba \u00e9 pelo site Agenda SP. Confira o passo a passo:<\/p>\n<ol>\n<li>Informe uma conta de e-mail v\u00e1lida. Em poucos minutos voc\u00ea receber\u00e1 um link em seu correio eletr\u00f4nico para iniciar o cadastro.<\/li>\n<li>Ao realizar o cadastro, preencha corretamente todos os dados solicitados.<\/li>\n<li>\u00a0Completado o formul\u00e1rio, voc\u00ea ser\u00e1 redirecionado para a tela com todas as datas e hor\u00e1rios dispon\u00edveis para o agendamento do servi\u00e7o pretendido.<\/li>\n<li>Pronto, seu atendimento est\u00e1 agendado! A confirma\u00e7\u00e3o ser\u00e1 enviada para seu correio eletr\u00f4nico, com o n\u00famero de protocolo, a data, hor\u00e1rio e o local onde o atendimento ser\u00e1 realizado.<\/li>\n<li>No dia de seu atendimento, n\u00e3o se esque\u00e7a de chegar com 15 minutos de anteced\u00eancia, portando todos os documentos necess\u00e1rios.<\/li>\n<\/ol>\n<h3>Servi\u00e7os do Poupa tempo Sorocaba nos quais o agendamento \u00e9 obrigat\u00f3rio:<\/h3>\n<p><b>Instituto de Identifica\u00e7\u00e3o<\/b><\/p>\n<ul>\n<li>Atestado de Antecedentes Criminais;<\/li>\n<li>Emiss\u00e3o de RG (1\u00aa ou 2\u00aa via);<\/li>\n<\/ul>\n<p><b>Sert (Secret\u00e1ria Estadual do Trabalho)<\/b><\/p>\n<ul>\n<li>Cadastro de emprego;<\/li>\n<li>Seguro desemprego;<\/li>\n<\/ul>\n<p><b>Detran (Departamento Estadual de Tr\u00e2nsito de SP)<\/b><\/p>\n<ul>\n<li>CNH \u2013 primeira habilita\u00e7\u00e3o, reabilita\u00e7\u00e3o de permission\u00e1rio, adi\u00e7\u00e3o ou troca de categoria;<\/li>\n<li>CNH \u2013 segunda via, troca da permiss\u00e3o para dirigir pela CNH definitiva;<\/li>\n<li>Carteira Nacional de Habilita\u00e7\u00e3o \u2013 processo de suspens\u00e3o e\/ou cassa\u00e7\u00e3o;<\/li>\n<li>Renova\u00e7\u00e3o de CNH com exame m\u00e9dico dentro ou fora do Poupatempo;<\/li>\n<li>Ve\u00edculo \u2013 comunica\u00e7\u00e3o de venda e\/ou altera\u00e7\u00e3o de endere\u00e7o do propriet\u00e1rio;<\/li>\n<li>Ve\u00edculos \u2013 outros servi\u00e7os;<\/li>\n<li>Autoriza\u00e7\u00e3o para reabilita\u00e7\u00e3o;<\/li>\n<li>Entrega da CNH de CNH com notifica\u00e7\u00e3o (suspens\u00e3o ou cassa\u00e7\u00e3o);<\/li>\n<li>Ren\u00fancia de defesa (suspens\u00e3o ou cassa\u00e7\u00e3o);<\/li>\n<li>Consulta do resultado de defesa ou recurso (cassa\u00e7\u00e3o ou suspens\u00e3o);<\/li>\n<li>Retirada da CNH na validade e entrega do certificado;<\/li>\n<\/ul>\n<h3>Agendamento RG Poupatempo Sorocaba<\/h3>\n<p>De acordo com dados do governo de S\u00e3o Paulo, o servi\u00e7o mais requisitado pela popula\u00e7\u00e3o \u00e9 o agendamento do RG no Poupa tempo. Diariamente, milhares de pessoas se dirigem aos postos espalhados pelo estado para fazer o documento.<\/p>\n<p>Como o volume de solicita\u00e7\u00f5es \u00e9 muito grande, \u00e9 obrigat\u00f3rio\u00a0reservar uma data com anteced\u00eancia. Assim voc\u00ea j\u00e1 pode ir com hor\u00e1rio marcado e evita pegar grandes filas para ser atendido. Os procedimentos para agendar s\u00e3o bem simples e podem ser feitos pela internet.<\/p>\n<p>H\u00e1 a possibilidade de obten\u00e7\u00e3o de <strong>isen\u00e7\u00e3o da taxa de 2\u00aa via do RG<\/strong> para cidad\u00e3os que se declararem pobres nos termos da lei 7115\/83, homens acima de 65 anos, mulheres acima de 60 anos, desempregados h\u00e1 mais de 3 meses (apresentar carteira de trabalho e previd\u00eancia social com registros atualizados, erro na digita\u00e7\u00e3o do RG (constatado no prazo de 90 dias) e situa\u00e7\u00e3o de calamidade p\u00fablica.<\/p>\n<h3>Agendamento CNH Poupatempo Sorocaba<\/h3>\n<p>O agendamento da CNH no Poupatempo \u00e9 um dos servi\u00e7os mais procurados. A procura de agendamento da CNH perde apenas para a emiss\u00e3o da Carteira de Identidade (RG). E n\u00e3o \u00e9 por acaso, afinal, s\u00e3o documentos essenciais para o dia-a-dia.<\/p>\n<p><strong>Para emiss\u00e3o de CNH \u00e9 necess\u00e1rio:<\/strong><\/p>\n<ul>\n<li>Fazer o pr\u00e9-cadastro no site do DETRAN (www.e-cnhsp.sp.gov.br);<\/li>\n<li>Fazer o agendamento do servi\u00e7o no <em>Poupa tempo<\/em>, seja pelo site do <em>Poupatempo, Agenda SP<\/em> ou pelos telefones de contato (informados mais abaixo);<\/li>\n<li>Levar documento com foto, comprovante de resid\u00eancia e outros documentos dependendo de cada caso, por exemplo, o B.O. em caso de roubo;<\/li>\n<li>Exame M\u00e9dico pode ser realizado na pr\u00f3pria unidade do <em>Poupatempo<\/em>, ou em cl\u00ednicas credenciadas do seu munic\u00edpio;<\/li>\n<li>Se voc\u00ea exerce atividade de transporte remunerado de pessoas ou de cargas, deve ainda levar o<em> Exame Psicot\u00e9cnico<\/em> (realizado em cl\u00ednicas credenciadas <em>FORA DO POUPATEMPO<\/em>, na mesma cidade de registro da <em>CNH).<\/em><\/li>\n<li>As taxas para renova\u00e7\u00e3o da<em> CNH<\/em> s\u00e3o: Emiss\u00e3o da CNH, Exame M\u00e9dico e envio opcional pelos <em>Correios<\/em> e podem ser pagas com cart\u00e3o de d\u00e9bito de qualquer banco ou em dinheiro, no pr\u00f3prio <em>Poupatempo<\/em>.<\/li>\n<\/ul>\n<h3>Poupatempo Sorocaba Seguro Desemprego<\/h3>\n<p>O Seguro-Desemprego \u00e9 um benef\u00edcio oferecido pelo Minist\u00e9rio do Trabalho e do Emprego (MTE), vinculado ao Governo Federal.<\/p>\n<p>Nos postos Poupatempo, a Secretaria de Emprego e das Rela\u00e7\u00f5es do Trabalho (SERT) \u00e9 o \u00f3rg\u00e3o respons\u00e1vel por atender aos pedidos e os encaminhar ao MTE, sendo assim, um intermedi\u00e1rio. Portanto, os procedimentos, regras e sistema n\u00e3o s\u00e3o do Poupatempo, e sim do MTE.<\/p>\n<h3>Trabalhe Conosco Poupa Tempo Sorocaba<\/h3>\n<p>O Poupatempo \u00e9 um Programa do Governo do Estado de S\u00e3o Paulo e o quadro de pessoal \u00e9 formado por funcion\u00e1rios p\u00fablicos pr\u00f3prios das entidades (federais, estaduais e municipais), funcion\u00e1rios da Prodesp \u2013 Tecnologia da Informa\u00e7\u00e3o, funcion\u00e1rios de empresas terceirizadas e estagi\u00e1rios.<\/p>\n<p>Os funcion\u00e1rios p\u00fablicos e da Prodesp s\u00e3o concursados, atrav\u00e9s das respectivas secretarias ou entidades. Na ocasi\u00e3o da realiza\u00e7\u00e3o dos concursos, os editais s\u00e3o publicados nos Di\u00e1rios Oficiais (federal, estadual e municipal) e normalmente s\u00e3o veiculados tamb\u00e9m em jornais especializados em concursos p\u00fablicos. No caso da Prodesp, o edital \u00e9 veiculado tamb\u00e9m no site da Prodesp.<\/p>\n<p>Os funcion\u00e1rios de empresas terceirizadas s\u00e3o recrutados pelas pr\u00f3prias empresas, que participam do processo de licita\u00e7\u00e3o para a presta\u00e7\u00e3o de servi\u00e7os no Poupatempo.<\/p>\n<p>Envie seu curr\u00edculo com assunto \u201cPoupatempo Sorocaba \u2013 Sele\u00e7\u00e3o\u201d para o e-mail: <u>poupatemposorocaba@pro-jecto.com<\/u><\/p>\n<h3>Poupatempo Sorocaba Jovem Aprendiz<\/h3>\n<p>A informa\u00e7\u00e3o sobre vagas para Jovem Aprendiz no Poupatempo n\u00e3o procede. O Poupatempo n\u00e3o se responsabiliza por postagens e publica\u00e7\u00f5es feitas em p\u00e1ginas n\u00e3o oficiais.<\/p>\n<h3>Endere\u00e7o e Telefone Fixo Poupatempo em Sorocaba<\/h3>\n<ul>\n<li>Rua Leopoldo Machado, 525 &#8211; Centro &#8211; Sorocaba &#8211; SP &#8211; CEP: 18035-075<\/li>\n<li>Telefone: 0800-772-3633 (liga\u00e7\u00e3o gratuita) \/ 0 + C\u00f3digo Operadora + 2930-3650 (ser\u00e1 cobrada tarifa pela operadora de celular)<\/li>\n<\/ul>\n<h3>Hor\u00e1rio de Funcionamento Poupatempo em Sorocaba<\/h3>\n<ul>\n<li>De Segunda a Sexta das 09 \u00e0s 17hrs e aos s\u00e1bados das 09 \u00e0s 13 h<\/li>\n<\/ul>\n<h4>Outras informa\u00e7\u00f5es &#8211; Agendamento e site:<\/h4>\n<ul>\n<li>Mais informa\u00e7\u00f5es: <a href=\"https:\/\/www.fazeragendamento.com\/postos\/agendamento-poupatempo-sorocaba\/\" target=\"_blank\" rel=\"noopener noreferrer\">www.fazeragendamento.com\/sorocaba<\/a><\/li>\n<li>No mesmo local funciona o <a href=\"http:\/\/www.encontrasorocaba.com.br\/sobre\/pat-poupatempo-sorocaba\/\" target=\"_blank\" rel=\"noopener noreferrer\">PAT Sorocaba veja aqui<\/a><\/li>\n<li>Veja outras unidades do <a href=\"https:\/\/www.encontrasaopaulo.com.br\/poupatempo-sp\/\" target=\"_blank\" rel=\"noopener noreferrer\">Poupatempo no Estado de S\u00e3o Paulo<\/a><\/li>\n<\/ul>\n<h4>Mapa de localiza\u00e7\u00e3o:<\/h4>\n<a class=\"wp-colorbox-iframe\" href=\"https:\/\/www.google.com\/maps\/embed?pb=!1m14!1m8!1m3!1d14634.934187438956!2d-47.4522632!3d-23.506105!3m2!1i1024!2i768!4f13.1!3m3!1m2!1s0x00x366449bdbf012534!2sPoupatempo+Sorocaba!5e0!3m2!1spt-BR!2sbr!4v1498048488345\"><img decoding=\"async\" src=\"http:\/\/www.encontrasorocaba.com.br\/imgs\/maps-post.png\"><\/a>\n\n<div style=\"font-size: 0px; height: 0px; line-height: 0px; margin: 0; padding: 0; clear: both;\"><\/div>","protected":false},"excerpt":{"rendered":"<p>O Poupatempo \u00e9 um projeto do governo do Estado de S\u00e3o Paulo que oferece em um mesmo espa\u00e7o diversos servi\u00e7os de utilidade p\u00fablica, agilizando o atendimento e descomplicando o funcionamento de \u00f3rg\u00e3os do Estado. Atrav\u00e9s do Poupatempo Sorocaba \u00e9 poss\u00edvel emitir diversos documentos de forma r\u00e1pida. No Poupatempo Sorocaba voc\u00ea pode emitir: carteira de trabalho, RG, 2\u00aa via do RG, CNH, 2\u00aa via da CNH, IPVA, DPVAT, Nota Fiscal Paulista e etc. No Poupatempo Sorocaba voc\u00ea encontra servi\u00e7os como: AcessaSP, Detran, Banco do Brasil, E-Poupatempo, Correios, Secret\u00e1ria da Fazenda, Instituto de Identifica\u00e7\u00e3o, Trabalho, etc.\u00a0 O Poupatempo de Sorocaba &#8211; SP <\/p>\n","protected":false},"author":1,"featured_media":4549,"parent":0,"menu_order":0,"comment_status":"closed","ping_status":"closed","template":"","meta":{"footnotes":""},"class_list":["post-4046","page","type-page","status-publish","has-post-thumbnail","hentry","has_thumb"],"_links":{"self":[{"href":"https:\/\/www.encontrasorocaba.com.br\/sobre\/wp-json\/wp\/v2\/pages\/4046","targetHints":{"allow":["GET"]}}],"collection":[{"href":"https:\/\/www.encontrasorocaba.com.br\/sobre\/wp-json\/wp\/v2\/pages"}],"about":[{"href":"https:\/\/www.encontrasorocaba.com.br\/sobre\/wp-json\/wp\/v2\/types\/page"}],"author":[{"embeddable":true,"href":"https:\/\/www.encontrasorocaba.com.br\/sobre\/wp-json\/wp\/v2\/users\/1"}],"replies":[{"embeddable":true,"href":"https:\/\/www.encontrasorocaba.com.br\/sobre\/wp-json\/wp\/v2\/comments?post=4046"}],"version-history":[{"count":0,"href":"https:\/\/www.encontrasorocaba.com.br\/sobre\/wp-json\/wp\/v2\/pages\/4046\/revisions"}],"wp:featuredmedia":[{"embeddable":true,"href":"https:\/\/www.encontrasorocaba.com.br\/sobre\/wp-json\/wp\/v2\/media\/4549"}],"wp:attachment":[{"href":"https:\/\/www.encontrasorocaba.com.br\/sobre\/wp-json\/wp\/v2\/media?parent=4046"}],"curies":[{"name":"wp","href":"https:\/\/api.w.org\/{rel}","templated":true}]}}