{"id":4044,"date":"2017-05-29T19:03:29","date_gmt":"2017-05-29T19:03:29","guid":{"rendered":"http:\/\/www.encontrasorocaba.com.br\/noticias\/?page_id=4044"},"modified":"2019-05-15T19:34:41","modified_gmt":"2019-05-15T19:34:41","slug":"penitenciaria-antonio-de-souza-neto-sorocaba-2","status":"publish","type":"page","link":"https:\/\/www.encontrasorocaba.com.br\/sobre\/penitenciaria-antonio-de-souza-neto-sorocaba-2\/","title":{"rendered":"Penitenci\u00e1ria Antonio de Souza Neto &#8211; Sorocaba 2"},"content":{"rendered":"<div class=\"bf54deaa11a4587a41abacdf5428af85\" data-index=\"1\" style=\"float: none; margin:0px;\">\n<!-- Anuncio display - global -->\r\n<ins class=\"adsbygoogle\"\r\n     style=\"display:block\"\r\n     data-ad-client=\"ca-pub-8585364105181520\"\r\n     data-ad-slot=\"8789329856\"\r\n     data-ad-format=\"auto\"\r\n     data-full-width-responsive=\"true\"><\/ins>\r\n<script>\r\n     (adsbygoogle = window.adsbygoogle || []).push({});\r\n<\/script>\n<\/div>\n<p>A Penitenci\u00e1ria Antonio de Souza Neto &#8211; Sorocaba 2 \u00e9 mais uma unidade pertencente \u00e0 Coordenadoria da Regi\u00e3o Central.<br \/>\nSua capacidade \u00e9 de 145 detentos e sua popula\u00e7\u00e3o carcer\u00e1ria de 198 pessoas.<\/p>\n<p><img decoding=\"async\" src=\"http:\/\/www.encontrasorocaba.com.br\/imgs\/imagens-sorocaba\/penitenciaria-antonio-de-souza-neto-sorocaba.jpg\" alt=\"Penitenci\u00e1ria Antonio de Souza Neto - Sorocaba 2\" \/><\/p>\n<p>Penitenci\u00e1ria Antonio de Souza Neto &#8211; Sorocaba 2<br \/>\nEndere\u00e7o: Rua Antonio de Souza Neto, 100 \u2013 Cidade Sorocaba &#8211; SP<br \/>\nTelefone: (15) 3225-3374<\/p>\n<p>E-mail oficial: dgeralp2sorocaba@sap.sp.gov.br<\/p>\n\n<div style=\"font-size: 0px; height: 0px; line-height: 0px; margin: 0; padding: 0; clear: both;\"><\/div>","protected":false},"excerpt":{"rendered":"<p>A Penitenci\u00e1ria Antonio de Souza Neto &#8211; Sorocaba 2 \u00e9 mais uma unidade pertencente \u00e0 Coordenadoria da Regi\u00e3o Central. Sua capacidade \u00e9 de 145 detentos e sua popula\u00e7\u00e3o carcer\u00e1ria de 198 pessoas. Penitenci\u00e1ria Antonio de Souza Neto &#8211; Sorocaba 2 Endere\u00e7o: Rua Antonio de Souza Neto, 100 \u2013 Cidade Sorocaba &#8211; SP Telefone: (15) 3225-3374 E-mail oficial: dgeralp2sorocaba@sap.sp.gov.br<\/p>\n","protected":false},"author":1,"featured_media":0,"parent":0,"menu_order":0,"comment_status":"closed","ping_status":"closed","template":"","meta":{"footnotes":""},"class_list":["post-4044","page","type-page","status-publish","hentry"],"_links":{"self":[{"href":"https:\/\/www.encontrasorocaba.com.br\/sobre\/wp-json\/wp\/v2\/pages\/4044","targetHints":{"allow":["GET"]}}],"collection":[{"href":"https:\/\/www.encontrasorocaba.com.br\/sobre\/wp-json\/wp\/v2\/pages"}],"about":[{"href":"https:\/\/www.encontrasorocaba.com.br\/sobre\/wp-json\/wp\/v2\/types\/page"}],"author":[{"embeddable":true,"href":"https:\/\/www.encontrasorocaba.com.br\/sobre\/wp-json\/wp\/v2\/users\/1"}],"replies":[{"embeddable":true,"href":"https:\/\/www.encontrasorocaba.com.br\/sobre\/wp-json\/wp\/v2\/comments?post=4044"}],"version-history":[{"count":0,"href":"https:\/\/www.encontrasorocaba.com.br\/sobre\/wp-json\/wp\/v2\/pages\/4044\/revisions"}],"wp:attachment":[{"href":"https:\/\/www.encontrasorocaba.com.br\/sobre\/wp-json\/wp\/v2\/media?parent=4044"}],"curies":[{"name":"wp","href":"https:\/\/api.w.org\/{rel}","templated":true}]}}