{"id":4036,"date":"2017-05-29T18:57:18","date_gmt":"2017-05-29T18:57:18","guid":{"rendered":"http:\/\/www.encontrasorocaba.com.br\/noticias\/?page_id=4036"},"modified":"2019-05-15T19:34:40","modified_gmt":"2019-05-15T19:34:40","slug":"parque-natural-dos-esportes-chico-mendes-em-sorocaba","status":"publish","type":"page","link":"https:\/\/www.encontrasorocaba.com.br\/sobre\/parque-natural-dos-esportes-chico-mendes-em-sorocaba\/","title":{"rendered":"Parque Natural dos Esportes &#8220;Chico Mendes&#8221; em Sorocaba"},"content":{"rendered":"<div class=\"bf54deaa11a4587a41abacdf5428af85\" data-index=\"1\" style=\"float: none; margin:0px;\">\n<!-- Anuncio display - global -->\r\n<ins class=\"adsbygoogle\"\r\n     style=\"display:block\"\r\n     data-ad-client=\"ca-pub-8585364105181520\"\r\n     data-ad-slot=\"8789329856\"\r\n     data-ad-format=\"auto\"\r\n     data-full-width-responsive=\"true\"><\/ins>\r\n<script>\r\n     (adsbygoogle = window.adsbygoogle || []).push({});\r\n<\/script>\n<\/div>\n<p>O Parque Natural dos Esportes &#8220;Chico Mendes&#8221; em Sorocaba, criado em 22 de dezembro de 1977, \u00e9 um parque municipal da cidade de Sorocaba.<\/p>\n<p>Possui uma grande \u00e1rea verde, 155.649 m\u00b2 com cobertura vegetal predominante de eucaliptos, um lago e trilhas para atividades educativas. H\u00e1 tamb\u00e9m preserva\u00e7\u00e3o de \u00e1reas de mata ciliar.<\/p>\n<p><img decoding=\"async\" src=\"http:\/\/www.encontrasorocaba.com.br\/imgs\/imagens-sorocaba\/parque-esportivo-chico-mendes-em-sorocaba.JPG\" alt=\"Parque Natural dos Esportes \" \/><br \/>\nParque Natural dos Esportes &#8220;Chico Mendes&#8221; em Sorocaba<br \/>\nAvenida Tr\u00eas de Mar\u00e7o, 1025 &#8211; Cidade Sorocaba &#8211; SP<br \/>\nCEP: 18087-180<br \/>\n(15) 3228-1256<\/p>\n\n<div style=\"font-size: 0px; height: 0px; line-height: 0px; margin: 0; padding: 0; clear: both;\"><\/div>","protected":false},"excerpt":{"rendered":"<p>O Parque Natural dos Esportes &#8220;Chico Mendes&#8221; em Sorocaba, criado em 22 de dezembro de 1977, \u00e9 um parque municipal da cidade de Sorocaba. Possui uma grande \u00e1rea verde, 155.649 m\u00b2 com cobertura vegetal predominante de eucaliptos, um lago e trilhas para atividades educativas. H\u00e1 tamb\u00e9m preserva\u00e7\u00e3o de \u00e1reas de mata ciliar. Parque Natural dos Esportes &#8220;Chico Mendes&#8221; em Sorocaba Avenida Tr\u00eas de Mar\u00e7o, 1025 &#8211; Cidade Sorocaba &#8211; SP CEP: 18087-180 (15) 3228-1256<\/p>\n","protected":false},"author":1,"featured_media":0,"parent":0,"menu_order":0,"comment_status":"closed","ping_status":"closed","template":"","meta":{"footnotes":""},"class_list":["post-4036","page","type-page","status-publish","hentry"],"_links":{"self":[{"href":"https:\/\/www.encontrasorocaba.com.br\/sobre\/wp-json\/wp\/v2\/pages\/4036","targetHints":{"allow":["GET"]}}],"collection":[{"href":"https:\/\/www.encontrasorocaba.com.br\/sobre\/wp-json\/wp\/v2\/pages"}],"about":[{"href":"https:\/\/www.encontrasorocaba.com.br\/sobre\/wp-json\/wp\/v2\/types\/page"}],"author":[{"embeddable":true,"href":"https:\/\/www.encontrasorocaba.com.br\/sobre\/wp-json\/wp\/v2\/users\/1"}],"replies":[{"embeddable":true,"href":"https:\/\/www.encontrasorocaba.com.br\/sobre\/wp-json\/wp\/v2\/comments?post=4036"}],"version-history":[{"count":0,"href":"https:\/\/www.encontrasorocaba.com.br\/sobre\/wp-json\/wp\/v2\/pages\/4036\/revisions"}],"wp:attachment":[{"href":"https:\/\/www.encontrasorocaba.com.br\/sobre\/wp-json\/wp\/v2\/media?parent=4036"}],"curies":[{"name":"wp","href":"https:\/\/api.w.org\/{rel}","templated":true}]}}