{"id":4034,"date":"2017-05-29T18:56:27","date_gmt":"2017-05-29T18:56:27","guid":{"rendered":"http:\/\/www.encontrasorocaba.com.br\/noticias\/?page_id=4034"},"modified":"2019-05-15T19:34:40","modified_gmt":"2019-05-15T19:34:40","slug":"parque-das-aguas-em-sorocaba","status":"publish","type":"page","link":"https:\/\/www.encontrasorocaba.com.br\/sobre\/parque-das-aguas-em-sorocaba\/","title":{"rendered":"Parque das \u00c1guas em Sorocaba"},"content":{"rendered":"<div class=\"bf54deaa11a4587a41abacdf5428af85\" data-index=\"1\" style=\"float: none; margin:0px;\">\n<!-- Anuncio display - global -->\r\n<ins class=\"adsbygoogle\"\r\n     style=\"display:block\"\r\n     data-ad-client=\"ca-pub-8585364105181520\"\r\n     data-ad-slot=\"8789329856\"\r\n     data-ad-format=\"auto\"\r\n     data-full-width-responsive=\"true\"><\/ins>\r\n<script>\r\n     (adsbygoogle = window.adsbygoogle || []).push({});\r\n<\/script>\n<\/div>\n<p>O Parque \u201cMaria Barbosa Silva\u201d \u2013 o <strong>Parque das \u00c1guas Sorocaba<\/strong> \u2013 \u00e9 cen\u00e1rio de algumas das principais atra\u00e7\u00f5es culturais, art\u00edsticas e de lazer da cidade, que chegam a reunir mais de 20 mil pessoas por dia.<\/p>\n<p>Entre estes eventos, est\u00e3o a Festa Junina Beneficente, a Semana do Tropeiro, os shows musicais que comemoram o anivers\u00e1rio da cidade no m\u00eas de agosto, entre outros.<\/p>\n<p><img loading=\"lazy\" decoding=\"async\" class=\"alignnone wp-image-6158 size-full\" title=\"Parque das \u00c1guas em Sorocaba\" src=\"http:\/\/www.encontrasorocaba.com.br\/sobre\/wp-content\/uploads\/parque-das-aguas-sorocaba.jpg\" alt=\"Parque das \u00c1guas em Sorocaba\" width=\"680\" height=\"189\" srcset=\"https:\/\/www.encontrasorocaba.com.br\/sobre\/wp-content\/uploads\/parque-das-aguas-sorocaba.jpg 680w, https:\/\/www.encontrasorocaba.com.br\/sobre\/wp-content\/uploads\/parque-das-aguas-sorocaba-300x83.jpg 300w\" sizes=\"auto, (max-width: 680px) 100vw, 680px\" \/><\/p>\n<p>O espa\u00e7o oferece um dos maiores palcos ao ar livre da cidade, ciclovia, anfiteatro de arena, playground, pista de skate, circuito infantil, lago central com fontes, \u00e1rea verde com gramado, \u00e1rvores, plantas, flores e arbustos, pista de caminhada, deck de madeira, bancos, sanit\u00e1rios, campos de futebol, quadra poliesportiva e um N\u00facleo de Seguran\u00e7a Comunit\u00e1ria da Guarda Civil Municipal, com funcionamento 24 horas.<\/p>\n<h3>Hor\u00e1rio de Funcionamento Parque das \u00c1guas em Sorocaba<\/h3>\n<ul>\n<li>Aberto 24 horas<\/li>\n<\/ul>\n<h3>Endere\u00e7o e Telefone Parque das \u00c1guas em Sorocaba<\/h3>\n<ul>\n<li>R. Ant\u00f4nio Joaquim Santana, 714 &#8211; Jardim Abaete &#8211; Sorocaba &#8211; SP &#8211; CEP: 18081-295<\/li>\n<li>Telefone: (15) 3227-1173<\/li>\n<\/ul>\n<h4>Outras informa\u00e7\u00f5es e site<\/h4>\n<ul>\n<li>Mais informa\u00e7\u00f5es: <a href=\"http:\/\/www.facebook.com\/ParqueDasAguasSorocaba\" target=\"_blank\" rel=\"noopener noreferrer\">www.facebook.com\/ParqueDasAguasSorocaba<\/a><\/li>\n<\/ul>\n<h4>Mapa de localiza\u00e7\u00e3o<\/h4>\n<a class=\"wp-colorbox-iframe\" href=\"https:\/\/www.google.com\/maps\/embed?pb=!1m14!1m8!1m3!1d14638.986026762768!2d-47.446201!3d-23.4696066!3m2!1i1024!2i768!4f13.1!3m3!1m2!1s0x00xb0bec34df5cd8aff!2sParque+Das+guas!5e0!3m2!1spt-BR!2sbr!4v1504642193281\"><img decoding=\"async\" src=\"http:\/\/www.encontrasorocaba.com.br\/imgs\/maps-post.png\"><\/a>\n\n<div style=\"font-size: 0px; height: 0px; line-height: 0px; margin: 0; padding: 0; clear: both;\"><\/div>","protected":false},"excerpt":{"rendered":"<p>O Parque \u201cMaria Barbosa Silva\u201d \u2013 o Parque das \u00c1guas Sorocaba \u2013 \u00e9 cen\u00e1rio de algumas das principais atra\u00e7\u00f5es culturais, art\u00edsticas e de lazer da cidade, que chegam a reunir mais de 20 mil pessoas por dia. Entre estes eventos, est\u00e3o a Festa Junina Beneficente, a Semana do Tropeiro, os shows musicais que comemoram o anivers\u00e1rio da cidade no m\u00eas de agosto, entre outros. O espa\u00e7o oferece um dos maiores palcos ao ar livre da cidade, ciclovia, anfiteatro de arena, playground, pista de skate, circuito infantil, lago central com fontes, \u00e1rea verde com gramado, \u00e1rvores, plantas, flores e arbustos, pista <\/p>\n","protected":false},"author":1,"featured_media":0,"parent":0,"menu_order":0,"comment_status":"closed","ping_status":"closed","template":"","meta":{"footnotes":""},"class_list":["post-4034","page","type-page","status-publish","hentry"],"_links":{"self":[{"href":"https:\/\/www.encontrasorocaba.com.br\/sobre\/wp-json\/wp\/v2\/pages\/4034","targetHints":{"allow":["GET"]}}],"collection":[{"href":"https:\/\/www.encontrasorocaba.com.br\/sobre\/wp-json\/wp\/v2\/pages"}],"about":[{"href":"https:\/\/www.encontrasorocaba.com.br\/sobre\/wp-json\/wp\/v2\/types\/page"}],"author":[{"embeddable":true,"href":"https:\/\/www.encontrasorocaba.com.br\/sobre\/wp-json\/wp\/v2\/users\/1"}],"replies":[{"embeddable":true,"href":"https:\/\/www.encontrasorocaba.com.br\/sobre\/wp-json\/wp\/v2\/comments?post=4034"}],"version-history":[{"count":0,"href":"https:\/\/www.encontrasorocaba.com.br\/sobre\/wp-json\/wp\/v2\/pages\/4034\/revisions"}],"wp:attachment":[{"href":"https:\/\/www.encontrasorocaba.com.br\/sobre\/wp-json\/wp\/v2\/media?parent=4034"}],"curies":[{"name":"wp","href":"https:\/\/api.w.org\/{rel}","templated":true}]}}