{"id":4032,"date":"2017-05-29T18:55:30","date_gmt":"2017-05-29T18:55:30","guid":{"rendered":"http:\/\/www.encontrasorocaba.com.br\/noticias\/?page_id=4032"},"modified":"2019-05-15T19:34:40","modified_gmt":"2019-05-15T19:34:40","slug":"parque-da-biquinha-em-sorocaba","status":"publish","type":"page","link":"https:\/\/www.encontrasorocaba.com.br\/sobre\/parque-da-biquinha-em-sorocaba\/","title":{"rendered":"Parque da Biquinha em Sorocaba"},"content":{"rendered":"<div class=\"bf54deaa11a4587a41abacdf5428af85\" data-index=\"1\" style=\"float: none; margin:0px;\">\n<!-- Anuncio display - global -->\r\n<ins class=\"adsbygoogle\"\r\n     style=\"display:block\"\r\n     data-ad-client=\"ca-pub-8585364105181520\"\r\n     data-ad-slot=\"8789329856\"\r\n     data-ad-format=\"auto\"\r\n     data-full-width-responsive=\"true\"><\/ins>\r\n<script>\r\n     (adsbygoogle = window.adsbygoogle || []).push({});\r\n<\/script>\n<\/div>\n<p>O Parque da Biquinha em Sorocaba, foi criado em 1976 e possui um lago. O parque \u00e9 bastante arborizado e tem alguns animais.<\/p>\n<p><img decoding=\"async\" src=\"http:\/\/www.encontrasorocaba.com.br\/imgs\/imagens-sorocaba\/parque-da-biquinha-sorocaba.jpg\" alt=\"Parque da Biquinha em Sorocaba\" \/><\/p>\n<p>Em sua \u00e1rea de lazer temos local para piqueniques, quiosques com churrasqueiras e orquid\u00e1rio.<\/p>\n<p>Parque da Biquinha em Sorocaba<br \/>\nAvenida Comendador Pereira In\u00e1cio, 1112 &#8211; Cidade Sorocaba &#8211; SP<br \/>\nCEP: 18030-005<\/p>\n\n<div style=\"font-size: 0px; height: 0px; line-height: 0px; margin: 0; padding: 0; clear: both;\"><\/div>","protected":false},"excerpt":{"rendered":"<p>O Parque da Biquinha em Sorocaba, foi criado em 1976 e possui um lago. O parque \u00e9 bastante arborizado e tem alguns animais. Em sua \u00e1rea de lazer temos local para piqueniques, quiosques com churrasqueiras e orquid\u00e1rio. Parque da Biquinha em Sorocaba Avenida Comendador Pereira In\u00e1cio, 1112 &#8211; Cidade Sorocaba &#8211; SP CEP: 18030-005<\/p>\n","protected":false},"author":1,"featured_media":0,"parent":0,"menu_order":0,"comment_status":"closed","ping_status":"closed","template":"","meta":{"footnotes":""},"class_list":["post-4032","page","type-page","status-publish","hentry"],"_links":{"self":[{"href":"https:\/\/www.encontrasorocaba.com.br\/sobre\/wp-json\/wp\/v2\/pages\/4032","targetHints":{"allow":["GET"]}}],"collection":[{"href":"https:\/\/www.encontrasorocaba.com.br\/sobre\/wp-json\/wp\/v2\/pages"}],"about":[{"href":"https:\/\/www.encontrasorocaba.com.br\/sobre\/wp-json\/wp\/v2\/types\/page"}],"author":[{"embeddable":true,"href":"https:\/\/www.encontrasorocaba.com.br\/sobre\/wp-json\/wp\/v2\/users\/1"}],"replies":[{"embeddable":true,"href":"https:\/\/www.encontrasorocaba.com.br\/sobre\/wp-json\/wp\/v2\/comments?post=4032"}],"version-history":[{"count":0,"href":"https:\/\/www.encontrasorocaba.com.br\/sobre\/wp-json\/wp\/v2\/pages\/4032\/revisions"}],"wp:attachment":[{"href":"https:\/\/www.encontrasorocaba.com.br\/sobre\/wp-json\/wp\/v2\/media?parent=4032"}],"curies":[{"name":"wp","href":"https:\/\/api.w.org\/{rel}","templated":true}]}}