{"id":4028,"date":"2017-05-29T18:51:35","date_gmt":"2017-05-29T18:51:35","guid":{"rendered":"http:\/\/www.encontrasorocaba.com.br\/noticias\/?page_id=4028"},"modified":"2019-05-15T19:34:40","modified_gmt":"2019-05-15T19:34:40","slug":"parque-agua-vermelha-em-sorocaba","status":"publish","type":"page","link":"https:\/\/www.encontrasorocaba.com.br\/sobre\/parque-agua-vermelha-em-sorocaba\/","title":{"rendered":"Parque \u00c1gua Vermelha em Sorocaba"},"content":{"rendered":"<div class=\"bf54deaa11a4587a41abacdf5428af85\" data-index=\"1\" style=\"float: none; margin:0px;\">\n<!-- Anuncio display - global -->\r\n<ins class=\"adsbygoogle\"\r\n     style=\"display:block\"\r\n     data-ad-client=\"ca-pub-8585364105181520\"\r\n     data-ad-slot=\"8789329856\"\r\n     data-ad-format=\"auto\"\r\n     data-full-width-responsive=\"true\"><\/ins>\r\n<script>\r\n     (adsbygoogle = window.adsbygoogle || []).push({});\r\n<\/script>\n<\/div>\n<p>O Parque \u00c1gua Vermelha em Sorocaba, tem um ambiente muito agrad\u00e1vel e tranq\u00fcilo \u00e0queles que gostam de caminhar e fazer leituras embaixo de \u00e1rvores ou \u00e0s margens do lago.<\/p>\n<p>Em 2011, a Prefeitura de Sorocaba iniciou uma s\u00e9rie de interven\u00e7\u00f5es para melhorar as condi\u00e7\u00f5es de acessibilidade no Parque da \u00c1gua Vermelha.<\/p>\n<p><img decoding=\"async\" src=\"http:\/\/www.encontrasorocaba.com.br\/imgs\/imagens-sorocaba\/parque-agua-vermelha-de-sorocaba.jpg\" alt=\"Parque \u00c1gua Vermelha em Sorocaba\" \/><\/p>\n<p>Entre as novidades, os visitantes poder\u00e3o experimentar diferentes sentidos em um Jardim Sensorial, enquanto que as crian\u00e7as com defici\u00eancia contar\u00e3o com novos brinquedos especiais.<\/p>\n<p>O Parque da \u00c1gua Vermelha possui cerca de 27 mil m\u00b2 de \u00e1rea, formados por vegeta\u00e7\u00e3o nativa, dois lagos, uma ponte, \u00e1rvores, flores, arbustos e diferentes tipos de plantas, al\u00e9m de ambientes como biblioteca, um viveiro de mudas, anfiteatro, aqu\u00e1rio, quiosques e um playground com brinquedos de madeira.<\/p>\n<p>Parque \u00c1gua Vermelha em Sorocaba<br \/>\nRua Romania, 150 &#8211; Cidade Sorocaba &#8211; SP<br \/>\nCEP: 18045-040<br \/>\n(15) 3221-6643<\/p>\n\n<div style=\"font-size: 0px; height: 0px; line-height: 0px; margin: 0; padding: 0; clear: both;\"><\/div>","protected":false},"excerpt":{"rendered":"<p>O Parque \u00c1gua Vermelha em Sorocaba, tem um ambiente muito agrad\u00e1vel e tranq\u00fcilo \u00e0queles que gostam de caminhar e fazer leituras embaixo de \u00e1rvores ou \u00e0s margens do lago. Em 2011, a Prefeitura de Sorocaba iniciou uma s\u00e9rie de interven\u00e7\u00f5es para melhorar as condi\u00e7\u00f5es de acessibilidade no Parque da \u00c1gua Vermelha. Entre as novidades, os visitantes poder\u00e3o experimentar diferentes sentidos em um Jardim Sensorial, enquanto que as crian\u00e7as com defici\u00eancia contar\u00e3o com novos brinquedos especiais. O Parque da \u00c1gua Vermelha possui cerca de 27 mil m\u00b2 de \u00e1rea, formados por vegeta\u00e7\u00e3o nativa, dois lagos, uma ponte, \u00e1rvores, flores, arbustos e <\/p>\n","protected":false},"author":1,"featured_media":0,"parent":0,"menu_order":0,"comment_status":"closed","ping_status":"closed","template":"","meta":{"footnotes":""},"class_list":["post-4028","page","type-page","status-publish","hentry"],"_links":{"self":[{"href":"https:\/\/www.encontrasorocaba.com.br\/sobre\/wp-json\/wp\/v2\/pages\/4028","targetHints":{"allow":["GET"]}}],"collection":[{"href":"https:\/\/www.encontrasorocaba.com.br\/sobre\/wp-json\/wp\/v2\/pages"}],"about":[{"href":"https:\/\/www.encontrasorocaba.com.br\/sobre\/wp-json\/wp\/v2\/types\/page"}],"author":[{"embeddable":true,"href":"https:\/\/www.encontrasorocaba.com.br\/sobre\/wp-json\/wp\/v2\/users\/1"}],"replies":[{"embeddable":true,"href":"https:\/\/www.encontrasorocaba.com.br\/sobre\/wp-json\/wp\/v2\/comments?post=4028"}],"version-history":[{"count":0,"href":"https:\/\/www.encontrasorocaba.com.br\/sobre\/wp-json\/wp\/v2\/pages\/4028\/revisions"}],"wp:attachment":[{"href":"https:\/\/www.encontrasorocaba.com.br\/sobre\/wp-json\/wp\/v2\/media?parent=4028"}],"curies":[{"name":"wp","href":"https:\/\/api.w.org\/{rel}","templated":true}]}}