{"id":4026,"date":"2017-05-29T18:50:10","date_gmt":"2017-05-29T18:50:10","guid":{"rendered":"http:\/\/www.encontrasorocaba.com.br\/noticias\/?page_id=4026"},"modified":"2019-05-15T19:34:40","modified_gmt":"2019-05-15T19:34:40","slug":"orquestra-sinfonica-de-sorocaba","status":"publish","type":"page","link":"https:\/\/www.encontrasorocaba.com.br\/sobre\/orquestra-sinfonica-de-sorocaba\/","title":{"rendered":"Orquestra Sinf\u00f4nica de Sorocaba"},"content":{"rendered":"<div class=\"bf54deaa11a4587a41abacdf5428af85\" data-index=\"1\" style=\"float: none; margin:0px;\">\n<!-- Anuncio display - global -->\r\n<ins class=\"adsbygoogle\"\r\n     style=\"display:block\"\r\n     data-ad-client=\"ca-pub-8585364105181520\"\r\n     data-ad-slot=\"8789329856\"\r\n     data-ad-format=\"auto\"\r\n     data-full-width-responsive=\"true\"><\/ins>\r\n<script>\r\n     (adsbygoogle = window.adsbygoogle || []).push({});\r\n<\/script>\n<\/div>\n<p>A Orquestra Sinf\u00f4nica de Sorocaba, com uma hist\u00f3ria de mais de 61 anos e administrada pela Funda\u00e7\u00e3o de Desenvolvimento Cultural de Sorocaba \u2013 FUNDEC, conta com 36 m\u00fasicos.<\/p>\n<p>Com vasto repert\u00f3rio que mescla erudito e popular, a orquestra realiza, al\u00e9m dos concertos de gala nos teatros locais, apresenta\u00e7\u00f5es em diferentes espa\u00e7os, tais como pra\u00e7as, igrejas, parques, buscando maior aproxima\u00e7\u00e3o com a comunidade.<\/p>\n<p><img decoding=\"async\" src=\"http:\/\/www.encontrasorocaba.com.br\/imgs\/imagens-sorocaba\/orquestra-sinfonica-sorocaba.jpg\" alt=\"Orquestra Sinf\u00f4nica de Sorocaba\" \/><\/p>\n<p>Os ensaios da Orquestra Sinf\u00f4nica de Sorocaba acontecem todas as ter\u00e7as e quintas-feiras das 14h30min \u00e0s 17h30min, na sede da FUNDEC. Para participar do Programa \u201cConhe\u00e7a a Orquestra\u201d os interessados dever\u00e3o agendar a visita atrav\u00e9s do telefone de contato.<br \/>\nOrquestra Sinf\u00f4nica de Sorocaba<br \/>\nRua Brigadeiro Tobias, 73 &#8211; Centro &#8211; Cidade Sorocaba &#8211; SP<br \/>\nCEP: 18010-070<br \/>\n(15) 3233-2220<\/p>\n\n<div style=\"font-size: 0px; height: 0px; line-height: 0px; margin: 0; padding: 0; clear: both;\"><\/div>","protected":false},"excerpt":{"rendered":"<p>A Orquestra Sinf\u00f4nica de Sorocaba, com uma hist\u00f3ria de mais de 61 anos e administrada pela Funda\u00e7\u00e3o de Desenvolvimento Cultural de Sorocaba \u2013 FUNDEC, conta com 36 m\u00fasicos. Com vasto repert\u00f3rio que mescla erudito e popular, a orquestra realiza, al\u00e9m dos concertos de gala nos teatros locais, apresenta\u00e7\u00f5es em diferentes espa\u00e7os, tais como pra\u00e7as, igrejas, parques, buscando maior aproxima\u00e7\u00e3o com a comunidade. Os ensaios da Orquestra Sinf\u00f4nica de Sorocaba acontecem todas as ter\u00e7as e quintas-feiras das 14h30min \u00e0s 17h30min, na sede da FUNDEC. Para participar do Programa \u201cConhe\u00e7a a Orquestra\u201d os interessados dever\u00e3o agendar a visita atrav\u00e9s do telefone de <\/p>\n","protected":false},"author":1,"featured_media":0,"parent":0,"menu_order":0,"comment_status":"closed","ping_status":"closed","template":"","meta":{"footnotes":""},"class_list":["post-4026","page","type-page","status-publish","hentry"],"_links":{"self":[{"href":"https:\/\/www.encontrasorocaba.com.br\/sobre\/wp-json\/wp\/v2\/pages\/4026","targetHints":{"allow":["GET"]}}],"collection":[{"href":"https:\/\/www.encontrasorocaba.com.br\/sobre\/wp-json\/wp\/v2\/pages"}],"about":[{"href":"https:\/\/www.encontrasorocaba.com.br\/sobre\/wp-json\/wp\/v2\/types\/page"}],"author":[{"embeddable":true,"href":"https:\/\/www.encontrasorocaba.com.br\/sobre\/wp-json\/wp\/v2\/users\/1"}],"replies":[{"embeddable":true,"href":"https:\/\/www.encontrasorocaba.com.br\/sobre\/wp-json\/wp\/v2\/comments?post=4026"}],"version-history":[{"count":0,"href":"https:\/\/www.encontrasorocaba.com.br\/sobre\/wp-json\/wp\/v2\/pages\/4026\/revisions"}],"wp:attachment":[{"href":"https:\/\/www.encontrasorocaba.com.br\/sobre\/wp-json\/wp\/v2\/media?parent=4026"}],"curies":[{"name":"wp","href":"https:\/\/api.w.org\/{rel}","templated":true}]}}