{"id":4022,"date":"2017-05-29T18:47:49","date_gmt":"2017-05-29T18:47:49","guid":{"rendered":"http:\/\/www.encontrasorocaba.com.br\/noticias\/?page_id=4022"},"modified":"2019-05-15T19:34:40","modified_gmt":"2019-05-15T19:34:40","slug":"liga-sorocabana-de-combate-ao-cancer","status":"publish","type":"page","link":"https:\/\/www.encontrasorocaba.com.br\/sobre\/liga-sorocabana-de-combate-ao-cancer\/","title":{"rendered":"Liga Sorocabana de Combate ao C\u00e2ncer"},"content":{"rendered":"<div class=\"bf54deaa11a4587a41abacdf5428af85\" data-index=\"1\" style=\"float: none; margin:0px;\">\n<!-- Anuncio display - global -->\r\n<ins class=\"adsbygoogle\"\r\n     style=\"display:block\"\r\n     data-ad-client=\"ca-pub-8585364105181520\"\r\n     data-ad-slot=\"8789329856\"\r\n     data-ad-format=\"auto\"\r\n     data-full-width-responsive=\"true\"><\/ins>\r\n<script>\r\n     (adsbygoogle = window.adsbygoogle || []).push({});\r\n<\/script>\n<\/div>\n<p>Liga Sorocabana de Combate ao C\u00e2ncer \u00e9 uma entidade sem fins lucrativos que busca com o empenho, dedica\u00e7\u00e3o e amor de volunt\u00e1rios e colaboradores dar apoio, esperan\u00e7a e conhecimento a todos que passam por este momento delicado de suas vidas.<\/p>\n<p><img decoding=\"async\" src=\"http:\/\/www.encontrasorocaba.com.br\/imgs\/imagens-sorocaba\/liga%20sorocabana%20de%20combate%20ao%20cancer.jpg\" alt=\"Liga Sorocabana de Combate ao C\u00e2ncer\" \/><\/p>\n<p>J\u00e1 se passaram 35 anos e hoje al\u00e9m da assist\u00eancia, a Liga Sorocabana de Combate ao Canc\u00ear tem o foco voltado ao esclarecimento sobre o c\u00e2ncer e ainda , informar a sociedade sobre condutas de preven\u00e7\u00e3o.<\/p>\n<p>Hor\u00e1rio de Atendimento:<\/p>\n<p>A LSCC atende em sua sede:<br \/>\n-Informa\u00e7\u00f5es e agendamentos de:<br \/>\n-segunda a sexta -feira das 8:00h as 12:00h e 13:00 h as 17:00h<\/p>\n<p>Ter\u00e7as-feiras das 13:30hs at\u00e9 16:30hs<br \/>\n-para pacientes que quiserem ou precisarem do apoio psicol\u00f3gico;<br \/>\n-oficina de artesanato<br \/>\n-Nutricionista<\/p>\n<p>Quartas-feira:<br \/>\n-8:00h as 11:30h fisioterapia (com agendamento)<br \/>\n-14:00hs at\u00e9 16:00h -oficina de costura<\/p>\n<p>Quintas-feiras, das 13:30hs at\u00e9 17:00h<br \/>\n-para atendemos antes de fazer a cirurgia;(pr\u00e9-cir\u00fargico)<br \/>\n-para pacientes que acabaram de fazer a cirurgia;<br \/>\n-fisioterapia; (com agendamento)<br \/>\n-para pacientes que retornam anualmente para troca de pr\u00f3tese<\/p>\n<p>Sexta-feira as 14:00h<br \/>\n-Terapia Ocupacional (com agendamento)<\/p>\n<p>Somente com agendamento pr\u00e9vio.<br \/>\nLiga Sorocabana de Combate ao C\u00e2ncer<br \/>\nEndere\u00e7o: Rua dos Andradas, 11 &#8211; Cidade Sorocaba &#8211; SP<br \/>\nTelefone: (15) 3342-3320<\/p>\n\n<div style=\"font-size: 0px; height: 0px; line-height: 0px; margin: 0; padding: 0; clear: both;\"><\/div>","protected":false},"excerpt":{"rendered":"<p>Liga Sorocabana de Combate ao C\u00e2ncer \u00e9 uma entidade sem fins lucrativos que busca com o empenho, dedica\u00e7\u00e3o e amor de volunt\u00e1rios e colaboradores dar apoio, esperan\u00e7a e conhecimento a todos que passam por este momento delicado de suas vidas. J\u00e1 se passaram 35 anos e hoje al\u00e9m da assist\u00eancia, a Liga Sorocabana de Combate ao Canc\u00ear tem o foco voltado ao esclarecimento sobre o c\u00e2ncer e ainda , informar a sociedade sobre condutas de preven\u00e7\u00e3o. Hor\u00e1rio de Atendimento: A LSCC atende em sua sede: -Informa\u00e7\u00f5es e agendamentos de: -segunda a sexta -feira das 8:00h as 12:00h e 13:00 h <\/p>\n","protected":false},"author":1,"featured_media":0,"parent":0,"menu_order":0,"comment_status":"closed","ping_status":"closed","template":"","meta":{"footnotes":""},"class_list":["post-4022","page","type-page","status-publish","hentry"],"_links":{"self":[{"href":"https:\/\/www.encontrasorocaba.com.br\/sobre\/wp-json\/wp\/v2\/pages\/4022","targetHints":{"allow":["GET"]}}],"collection":[{"href":"https:\/\/www.encontrasorocaba.com.br\/sobre\/wp-json\/wp\/v2\/pages"}],"about":[{"href":"https:\/\/www.encontrasorocaba.com.br\/sobre\/wp-json\/wp\/v2\/types\/page"}],"author":[{"embeddable":true,"href":"https:\/\/www.encontrasorocaba.com.br\/sobre\/wp-json\/wp\/v2\/users\/1"}],"replies":[{"embeddable":true,"href":"https:\/\/www.encontrasorocaba.com.br\/sobre\/wp-json\/wp\/v2\/comments?post=4022"}],"version-history":[{"count":0,"href":"https:\/\/www.encontrasorocaba.com.br\/sobre\/wp-json\/wp\/v2\/pages\/4022\/revisions"}],"wp:attachment":[{"href":"https:\/\/www.encontrasorocaba.com.br\/sobre\/wp-json\/wp\/v2\/media?parent=4022"}],"curies":[{"name":"wp","href":"https:\/\/api.w.org\/{rel}","templated":true}]}}