{"id":4017,"date":"2017-05-29T18:44:37","date_gmt":"2017-05-29T18:44:37","guid":{"rendered":"http:\/\/www.encontrasorocaba.com.br\/noticias\/?page_id=4017"},"modified":"2019-05-15T19:34:40","modified_gmt":"2019-05-15T19:34:40","slug":"instituto-municipal-de-musica-de-sorocaba-imms","status":"publish","type":"page","link":"https:\/\/www.encontrasorocaba.com.br\/sobre\/instituto-municipal-de-musica-de-sorocaba-imms\/","title":{"rendered":"Instituto Municipal de M\u00fasica de Sorocaba (IMMS)"},"content":{"rendered":"<div class=\"bf54deaa11a4587a41abacdf5428af85\" data-index=\"1\" style=\"float: none; margin:0px;\">\n<!-- Anuncio display - global -->\r\n<ins class=\"adsbygoogle\"\r\n     style=\"display:block\"\r\n     data-ad-client=\"ca-pub-8585364105181520\"\r\n     data-ad-slot=\"8789329856\"\r\n     data-ad-format=\"auto\"\r\n     data-full-width-responsive=\"true\"><\/ins>\r\n<script>\r\n     (adsbygoogle = window.adsbygoogle || []).push({});\r\n<\/script>\n<\/div>\n<p>Em 28 de julho de 1998 foi criado, a partir do conv\u00eanio firmado entre a Prefeitura Municipal de Sorocaba e a FUNDEC pelo decreto n\u00ba. 10.981, o Instituto Municipal de M\u00fasica de Sorocaba \u2013 IMMS<\/p>\n<p><img decoding=\"async\" src=\"http:\/\/www.encontrasorocaba.com.br\/imgs\/imagens-sorocaba\/instituto-municipal-de-musica-de-sorocaba.jpg\" alt=\"Instituto Municipal de M\u00fasica de Sorocaba \u2013 IMMS \" \/><\/p>\n<p>O objetivoe era suprir a necessidade de se formar m\u00fasicos para integrar a Orquestra Sinf\u00f4nica de Sorocaba, divulgar a arte musical como forma de express\u00e3o e cultura e principalmente exercitar a criatividade e sensibilidade, procurando desenvolver uma juventude mais sadia com valores mais humanos.<\/p>\n<p>O IMMS tem oportunidade de integrar um grande n\u00famero de crian\u00e7as, jovens, e adultos ao universo da M\u00fasica e do Teatro, criando espa\u00e7o para que, dentro da dimens\u00e3o das artes, possam encontrar caminhos para enfrentar as quest\u00f5es cotidianas.<br \/>\nInstituto Municipal de M\u00fasica de Sorocaba \u2013 IMMS<br \/>\nEndere\u00e7o: Rua Brigadeiro Tobias, 73 &#8211; Cidade Sorocaba &#8211; SP<br \/>\nTelefone: (15) 3233-2220<\/p>\n\n<div style=\"font-size: 0px; height: 0px; line-height: 0px; margin: 0; padding: 0; clear: both;\"><\/div>","protected":false},"excerpt":{"rendered":"<p>Em 28 de julho de 1998 foi criado, a partir do conv\u00eanio firmado entre a Prefeitura Municipal de Sorocaba e a FUNDEC pelo decreto n\u00ba. 10.981, o Instituto Municipal de M\u00fasica de Sorocaba \u2013 IMMS O objetivoe era suprir a necessidade de se formar m\u00fasicos para integrar a Orquestra Sinf\u00f4nica de Sorocaba, divulgar a arte musical como forma de express\u00e3o e cultura e principalmente exercitar a criatividade e sensibilidade, procurando desenvolver uma juventude mais sadia com valores mais humanos. O IMMS tem oportunidade de integrar um grande n\u00famero de crian\u00e7as, jovens, e adultos ao universo da M\u00fasica e do Teatro, <\/p>\n","protected":false},"author":1,"featured_media":0,"parent":0,"menu_order":0,"comment_status":"closed","ping_status":"closed","template":"","meta":{"footnotes":""},"class_list":["post-4017","page","type-page","status-publish","hentry"],"_links":{"self":[{"href":"https:\/\/www.encontrasorocaba.com.br\/sobre\/wp-json\/wp\/v2\/pages\/4017","targetHints":{"allow":["GET"]}}],"collection":[{"href":"https:\/\/www.encontrasorocaba.com.br\/sobre\/wp-json\/wp\/v2\/pages"}],"about":[{"href":"https:\/\/www.encontrasorocaba.com.br\/sobre\/wp-json\/wp\/v2\/types\/page"}],"author":[{"embeddable":true,"href":"https:\/\/www.encontrasorocaba.com.br\/sobre\/wp-json\/wp\/v2\/users\/1"}],"replies":[{"embeddable":true,"href":"https:\/\/www.encontrasorocaba.com.br\/sobre\/wp-json\/wp\/v2\/comments?post=4017"}],"version-history":[{"count":0,"href":"https:\/\/www.encontrasorocaba.com.br\/sobre\/wp-json\/wp\/v2\/pages\/4017\/revisions"}],"wp:attachment":[{"href":"https:\/\/www.encontrasorocaba.com.br\/sobre\/wp-json\/wp\/v2\/media?parent=4017"}],"curies":[{"name":"wp","href":"https:\/\/api.w.org\/{rel}","templated":true}]}}